{"id":8684,"date":"2022-05-18T09:33:32","date_gmt":"2022-05-18T07:33:32","guid":{"rendered":"https:\/\/www.reseau-to.fr\/site\/?page_id=8684"},"modified":"2022-05-18T09:51:40","modified_gmt":"2022-05-18T07:51:40","slug":"12eme-rencontre-du-reseau","status":"publish","type":"page","link":"https:\/\/www.reseau-to.fr\/site\/?page_id=8684","title":{"rendered":"12\u00e8me Rencontre du r\u00e9seau"},"content":{"rendered":"","protected":true},"excerpt":{"rendered":"","protected":true},"author":5,"featured_media":0,"parent":0,"menu_order":0,"comment_status":"closed","ping_status":"closed","template":"","meta":{"jetpack_post_was_ever_published":false,"footnotes":""},"class_list":["post-8684","page","type-page","status-publish","post-password-required","hentry"],"jetpack_sharing_enabled":true,"jetpack_shortlink":"https:\/\/wp.me\/ParR3h-2g4","jetpack-related-posts":[{"id":219,"url":"https:\/\/www.reseau-to.fr\/site\/?page_id=219","url_meta":{"origin":8684,"position":0},"title":"Seconde rencontre du r\u00e9seau","author":"Jean-Fran\u00e7ois Martel","date":"12 mars 2016","format":false,"excerpt":"RESUME DE LA 2\u00e8me rencontre RESEAU TO 15 mars 2014 PARISPour \u00e9crire \u00e0 tous, une seule adresse: \u00a0participants@listes.reseau-to.fr4 r\u00e8gles d'utilisation:Utiliser cet alias pour diffuser newsletters, spectacles, questions et propositions.Mettre toujours un \"objet\" bien clairN'envoyer que des infos, textes, questions ou avis qui concernent tout le monde.N'utiliser cette adresse que pour\u2026","rel":"","context":"Article similaire","block_context":{"text":"Article similaire","link":""},"img":{"alt_text":"","src":"","width":0,"height":0},"classes":[]},{"id":197,"url":"https:\/\/www.reseau-to.fr\/site\/?page_id=197","url_meta":{"origin":8684,"position":1},"title":"4\u00e8me rencontre","author":"Jean-Fran\u00e7ois Martel","date":"11 mars 2016","format":false,"excerpt":"4\u00e8me rencontre: 28\/29 Mars 2015 ADRESSE\u00a0: La fabrique de mouvements, 5 rue de Valmy\u00a0\u00e0\u00a0Aubervilliers. Prendre le RER B jusqu\u2019\u00e0\u00a0la station Courneuve-Aubervilliers, puis 5mn de marche\u00a0\u00e0\u00a0pieds: Sortir, repasser sous les voies, prendre la premi\u00e8re rue\u00a0\u00e0\u00a0droite (un traiteur maghr\u00e9bin fait l\u2019angle) et marcher tout droit jusqu\u2019au lieu (attention la rue de Valmy\u2026","rel":"","context":"Article similaire","block_context":{"text":"Article similaire","link":""},"img":{"alt_text":"","src":"","width":0,"height":0},"classes":[]},{"id":1249,"url":"https:\/\/www.reseau-to.fr\/site\/?page_id=1249","url_meta":{"origin":8684,"position":2},"title":"Groupes du r\u00e9seau TO","author":"Jean-Fran\u00e7ois Martel","date":"1 d\u00e9cembre 2017","format":false,"excerpt":"Le r\u00e9seau - Th\u00e9\u00e2tre de l'Opprim\u00e9 propose \u00e0 des groupes de Th\u00e9\u00e2tre de l'Opprim\u00e9 de France, de toutes tailles, de se rencontrer et de coop\u00e9rer. La base de notre rencontre est expos\u00e9e dans un texte \u00e9volutif, consultable sous l'index : \"textes de base\". Notre premi\u00e8re rencontre a eu lieu d\u00e9but\u2026","rel":"","context":"Article similaire","block_context":{"text":"Article similaire","link":""},"img":{"alt_text":"","src":"","width":0,"height":0},"classes":[]},{"id":167,"url":"https:\/\/www.reseau-to.fr\/site\/?page_id=167","url_meta":{"origin":8684,"position":3},"title":"Ordre du jour de la 6\u00e8me rencontre. 13\/3\/16","author":"Jean-Fran\u00e7ois Martel","date":"10 mars 2016","format":false,"excerpt":"ORDRE DU JOUR de la\u00a0 6\u00e8me rencontre: 13 \/3\/ 2016 Bonjour, en concertation avec les inscrits, nous avons opt\u00e9 pour UNE seule journ\u00e9e (et non deux): ce sera DIMANCHE 13 MARS de 10h \u00e0 18h. (la veille quelques uns iront dans l\u2019Oise voir deux brefs th\u00e9\u00e2tre-forum de naje). Neuf groupes\u2026","rel":"","context":"Article similaire","block_context":{"text":"Article similaire","link":""},"img":{"alt_text":"","src":"","width":0,"height":0},"classes":[]},{"id":14568,"url":"https:\/\/www.reseau-to.fr\/site\/?page_id=14568","url_meta":{"origin":8684,"position":4},"title":"Rencontre du r\u00e9seau du Th\u00e9\u00e2tre de l\u2019opprim\u00e9 n\u00b0 20 &#8211; Septembre 2025","author":"Jean-Fran\u00e7ois Martel","date":"5 janvier 2026","format":false,"excerpt":"A Paris- 13\u00e8me arrondissement- Centre social Sommaire\u00a0: A- Les groupes et personnes pr\u00e9sentes B- Pr\u00e9sentation du m\u00e9moire d\u2019Armelle\u00a0: l\u2019instrumentalisation en th\u00e9\u00e2tre forum C- Th\u00e9matique du week-end\u00a0: Les commandes tordues\u00a0! D- Assembl\u00e9e g\u00e9n\u00e9rale E- Travail sur le fonctionnement du r\u00e9seau, les cotisations et les statuts F- Les prochaines rencontres G- \u00c9change\u2026","rel":"","context":"Article similaire","block_context":{"text":"Article similaire","link":""},"img":{"alt_text":"","src":"https:\/\/i0.wp.com\/www.reseau-to.fr\/site\/wp-content\/uploads\/2025\/12\/20250927_171942.jpg?resize=350%2C200","width":350,"height":200,"srcset":"https:\/\/i0.wp.com\/www.reseau-to.fr\/site\/wp-content\/uploads\/2025\/12\/20250927_171942.jpg?resize=350%2C200 1x, https:\/\/i0.wp.com\/www.reseau-to.fr\/site\/wp-content\/uploads\/2025\/12\/20250927_171942.jpg?resize=525%2C300 1.5x, https:\/\/i0.wp.com\/www.reseau-to.fr\/site\/wp-content\/uploads\/2025\/12\/20250927_171942.jpg?resize=700%2C400 2x"},"classes":[]},{"id":14571,"url":"https:\/\/www.reseau-to.fr\/site\/?page_id=14571","url_meta":{"origin":8684,"position":5},"title":"20e Rencontre du r\u00e9seau du Th\u00e9\u00e2tre de l\u2019opprim\u00e9 &#8211; Septembre 2025","author":"Jean-Fran\u00e7ois Martel","date":"5 janvier 2026","format":false,"excerpt":"A Paris- 13\u00e8me arrondissement- Centre social Sommaire\u00a0: A- Les groupes et personnes pr\u00e9sentes B- Pr\u00e9sentation du m\u00e9moire d\u2019Armelle\u00a0: l\u2019instrumentalisation en th\u00e9\u00e2tre forum C- Th\u00e9matique du week-end\u00a0: Les commandes tordues\u00a0! D- Assembl\u00e9e g\u00e9n\u00e9rale E- Travail sur le fonctionnement du r\u00e9seau, les cotisations et les statuts F- Les prochaines rencontres G- \u00c9change\u2026","rel":"","context":"Article similaire","block_context":{"text":"Article similaire","link":""},"img":{"alt_text":"","src":"https:\/\/i0.wp.com\/www.reseau-to.fr\/site\/wp-content\/uploads\/2025\/12\/20250927_171942.jpg?resize=350%2C200","width":350,"height":200,"srcset":"https:\/\/i0.wp.com\/www.reseau-to.fr\/site\/wp-content\/uploads\/2025\/12\/20250927_171942.jpg?resize=350%2C200 1x, https:\/\/i0.wp.com\/www.reseau-to.fr\/site\/wp-content\/uploads\/2025\/12\/20250927_171942.jpg?resize=525%2C300 1.5x, https:\/\/i0.wp.com\/www.reseau-to.fr\/site\/wp-content\/uploads\/2025\/12\/20250927_171942.jpg?resize=700%2C400 2x"},"classes":[]}],"_links":{"self":[{"href":"https:\/\/www.reseau-to.fr\/site\/index.php?rest_route=\/wp\/v2\/pages\/8684","targetHints":{"allow":["GET"]}}],"collection":[{"href":"https:\/\/www.reseau-to.fr\/site\/index.php?rest_route=\/wp\/v2\/pages"}],"about":[{"href":"https:\/\/www.reseau-to.fr\/site\/index.php?rest_route=\/wp\/v2\/types\/page"}],"author":[{"embeddable":true,"href":"https:\/\/www.reseau-to.fr\/site\/index.php?rest_route=\/wp\/v2\/users\/5"}],"replies":[{"embeddable":true,"href":"https:\/\/www.reseau-to.fr\/site\/index.php?rest_route=%2Fwp%2Fv2%2Fcomments&post=8684"}],"version-history":[{"count":5,"href":"https:\/\/www.reseau-to.fr\/site\/index.php?rest_route=\/wp\/v2\/pages\/8684\/revisions"}],"predecessor-version":[{"id":8692,"href":"https:\/\/www.reseau-to.fr\/site\/index.php?rest_route=\/wp\/v2\/pages\/8684\/revisions\/8692"}],"wp:attachment":[{"href":"https:\/\/www.reseau-to.fr\/site\/index.php?rest_route=%2Fwp%2Fv2%2Fmedia&parent=8684"}],"curies":[{"name":"wp","href":"https:\/\/api.w.org\/{rel}","templated":true}]}}