{"id":662,"date":"2017-03-24T20:13:36","date_gmt":"2017-03-24T19:13:36","guid":{"rendered":"http:\/\/www.reseau-to.fr\/site\/?page_id=662"},"modified":"2021-09-23T12:29:02","modified_gmt":"2021-09-23T10:29:02","slug":"espaces-membres","status":"publish","type":"page","link":"https:\/\/www.reseau-to.fr\/site\/?page_id=662","title":{"rendered":"Espace membres"},"content":{"rendered":"","protected":true},"excerpt":{"rendered":"","protected":true},"author":2,"featured_media":0,"parent":0,"menu_order":5,"comment_status":"closed","ping_status":"closed","template":"","meta":{"jetpack_post_was_ever_published":false,"footnotes":""},"class_list":["post-662","page","type-page","status-publish","post-password-required","hentry"],"jetpack_sharing_enabled":true,"jetpack_shortlink":"https:\/\/wp.me\/ParR3h-aG","jetpack-related-posts":[{"id":2884,"url":"https:\/\/www.reseau-to.fr\/site\/?page_id=2884","url_meta":{"origin":662,"position":0},"title":"STATUTS du R\u00e9seau Th\u00e9\u00e2tre de l\u2019Opprim\u00e9","author":"R\u00e9mi","date":"30 mars 2019","format":false,"excerpt":"Article 1 : fondationIl est fond\u00e9 pour une dur\u00e9e illimit\u00e9e entre les groupes adh\u00e9rents aux pr\u00e9sents statuts une association r\u00e9gie par la loi du 1er juillet 1901 et le d\u00e9cret du 16 ao\u00fbt 1901 ayant pour titre \u00ab RESEAU du Th\u00e9\u00e2tre de l'Opprim\u00e9 \u00bb dite \u00ab R\u00e9seau T.O. \u00bbArticle 2\u2026","rel":"","context":"Article similaire","block_context":{"text":"Article similaire","link":""},"img":{"alt_text":"","src":"","width":0,"height":0},"classes":[]},{"id":225,"url":"https:\/\/www.reseau-to.fr\/site\/?page_id=225","url_meta":{"origin":662,"position":1},"title":"Quelques pratiques de r\u00e9seau","author":"Jean-Fran\u00e7ois Martel","date":"12 mars 2016","format":false,"excerpt":"Nous ne partons pas de rien, en terme de pratiques de \"r\u00e9seau concret\" Se rencontrer, pourquoi ? Le TO a souffert dans le pass\u00e9, de la volont\u00e9 de leadership d'un groupe ou d'une personne, de pratiques de jugement, et m\u00eame de scissions et d'exclusions. \u00a0 Mais les rencontres et les\u2026","rel":"","context":"Article similaire","block_context":{"text":"Article similaire","link":""},"img":{"alt_text":"","src":"","width":0,"height":0},"classes":[]},{"id":2712,"url":"https:\/\/www.reseau-to.fr\/site\/?page_id=2712","url_meta":{"origin":662,"position":2},"title":"Association Si les sardines avaient des ailes","author":"R\u00e9mi","date":"8 f\u00e9vrier 2019","format":false,"excerpt":"Si les sardines avaient des ailes est une association qui d\u00e9veloppe la pratique du Th\u00e9\u00e2tre de l'Opprim\u00e9 et du Clown- acteur social en Bretagne, en France et \u00e0 l'international. Elle a pour but de promouvoir le Th\u00e9\u00e2tre de l'Opprim\u00e9 sous toutes ses formes : th\u00e9\u00e2tre-image, th\u00e9\u00e2tre-forum, techniques introspectives, clown acteur\u2026","rel":"","context":"Article similaire","block_context":{"text":"Article similaire","link":""},"img":{"alt_text":"","src":"https:\/\/i0.wp.com\/www.reseau-to.fr\/site\/wp-content\/uploads\/2019\/02\/Isologo_couleur_BD-1024x595.jpg?resize=350%2C200&ssl=1","width":350,"height":200,"srcset":"https:\/\/i0.wp.com\/www.reseau-to.fr\/site\/wp-content\/uploads\/2019\/02\/Isologo_couleur_BD-1024x595.jpg?resize=350%2C200&ssl=1 1x, https:\/\/i0.wp.com\/www.reseau-to.fr\/site\/wp-content\/uploads\/2019\/02\/Isologo_couleur_BD-1024x595.jpg?resize=525%2C300&ssl=1 1.5x"},"classes":[]},{"id":1515,"url":"https:\/\/www.reseau-to.fr\/site\/?page_id=1515","url_meta":{"origin":662,"position":3},"title":"Texte d&#039;invitation \u00e0 la rencontre initiale","author":"Jean-Fran\u00e7ois Martel","date":"10 mars 2016","format":false,"excerpt":"A) 3 principes, qu\u2019en pensez-vous ? Coop\u00e9rer avec \u00a0les groupes de TO pour qui \u00ab\u00a0le th\u00e9\u00e2tre de l\u2019opprim\u00e9, c\u2019est fait pour lutter contre les oppressions\u00a0\u00bb.\u00ab\u00a0la coop\u00e9ration c\u2019est mieux que la concurrence\u00a0\u00bb, la coop\u00e9ration permet la synergie et aussi la recherche et le d\u00e9bat.Le leadership : personne, ni aucun groupe, ne\u2026","rel":"","context":"Article similaire","block_context":{"text":"Article similaire","link":""},"img":{"alt_text":"","src":"","width":0,"height":0},"classes":[]},{"id":219,"url":"https:\/\/www.reseau-to.fr\/site\/?page_id=219","url_meta":{"origin":662,"position":4},"title":"Seconde rencontre du r\u00e9seau","author":"Jean-Fran\u00e7ois Martel","date":"12 mars 2016","format":false,"excerpt":"RESUME DE LA 2\u00e8me rencontre RESEAU TO 15 mars 2014 PARISPour \u00e9crire \u00e0 tous, une seule adresse: \u00a0participants@listes.reseau-to.fr4 r\u00e8gles d'utilisation:Utiliser cet alias pour diffuser newsletters, spectacles, questions et propositions.Mettre toujours un \"objet\" bien clairN'envoyer que des infos, textes, questions ou avis qui concernent tout le monde.N'utiliser cette adresse que pour\u2026","rel":"","context":"Article similaire","block_context":{"text":"Article similaire","link":""},"img":{"alt_text":"","src":"","width":0,"height":0},"classes":[]},{"id":167,"url":"https:\/\/www.reseau-to.fr\/site\/?page_id=167","url_meta":{"origin":662,"position":5},"title":"Ordre du jour de la 6\u00e8me rencontre. 13\/3\/16","author":"Jean-Fran\u00e7ois Martel","date":"10 mars 2016","format":false,"excerpt":"ORDRE DU JOUR de la\u00a0 6\u00e8me rencontre: 13 \/3\/ 2016 Bonjour, en concertation avec les inscrits, nous avons opt\u00e9 pour UNE seule journ\u00e9e (et non deux): ce sera DIMANCHE 13 MARS de 10h \u00e0 18h. (la veille quelques uns iront dans l\u2019Oise voir deux brefs th\u00e9\u00e2tre-forum de naje). Neuf groupes\u2026","rel":"","context":"Article similaire","block_context":{"text":"Article similaire","link":""},"img":{"alt_text":"","src":"","width":0,"height":0},"classes":[]}],"_links":{"self":[{"href":"https:\/\/www.reseau-to.fr\/site\/index.php?rest_route=\/wp\/v2\/pages\/662","targetHints":{"allow":["GET"]}}],"collection":[{"href":"https:\/\/www.reseau-to.fr\/site\/index.php?rest_route=\/wp\/v2\/pages"}],"about":[{"href":"https:\/\/www.reseau-to.fr\/site\/index.php?rest_route=\/wp\/v2\/types\/page"}],"author":[{"embeddable":true,"href":"https:\/\/www.reseau-to.fr\/site\/index.php?rest_route=\/wp\/v2\/users\/2"}],"replies":[{"embeddable":true,"href":"https:\/\/www.reseau-to.fr\/site\/index.php?rest_route=%2Fwp%2Fv2%2Fcomments&post=662"}],"version-history":[{"count":5,"href":"https:\/\/www.reseau-to.fr\/site\/index.php?rest_route=\/wp\/v2\/pages\/662\/revisions"}],"predecessor-version":[{"id":6883,"href":"https:\/\/www.reseau-to.fr\/site\/index.php?rest_route=\/wp\/v2\/pages\/662\/revisions\/6883"}],"wp:attachment":[{"href":"https:\/\/www.reseau-to.fr\/site\/index.php?rest_route=%2Fwp%2Fv2%2Fmedia&parent=662"}],"curies":[{"name":"wp","href":"https:\/\/api.w.org\/{rel}","templated":true}]}}