{"id":2884,"date":"2019-03-30T19:48:59","date_gmt":"2019-03-30T18:48:59","guid":{"rendered":"http:\/\/www.reseau-to.fr\/site\/?page_id=2884"},"modified":"2019-03-30T20:02:59","modified_gmt":"2019-03-30T19:02:59","slug":"statuts-du-reseau-theatre-de-lopprime","status":"publish","type":"page","link":"https:\/\/www.reseau-to.fr\/site\/?page_id=2884","title":{"rendered":"STATUTS du R\u00e9seau Th\u00e9\u00e2tre de l\u2019Opprim\u00e9"},"content":{"rendered":"\t\t<div data-elementor-type=\"wp-post\" data-elementor-id=\"2884\" class=\"elementor elementor-2884\">\n\t\t\t\t\t\t<section class=\"elementor-section elementor-top-section elementor-element elementor-element-53f855f elementor-section-boxed elementor-section-height-default elementor-section-height-default\" data-id=\"53f855f\" data-element_type=\"section\" data-e-type=\"section\">\n\t\t\t\t\t\t<div class=\"elementor-container elementor-column-gap-default\">\n\t\t\t\t\t<div class=\"elementor-column elementor-col-100 elementor-top-column elementor-element elementor-element-253520e\" data-id=\"253520e\" data-element_type=\"column\" data-e-type=\"column\">\n\t\t\t<div class=\"elementor-widget-wrap elementor-element-populated\">\n\t\t\t\t\t\t<div class=\"elementor-element elementor-element-ec45513 elementor-widget elementor-widget-text-editor\" data-id=\"ec45513\" data-element_type=\"widget\" data-e-type=\"widget\" data-widget_type=\"text-editor.default\">\n\t\t\t\t<div class=\"elementor-widget-container\">\n\t\t\t\t\t\t\t\t\t<p><strong>Article 1 : fondation<\/strong><br \/>Il est fond\u00e9 pour une dur\u00e9e illimit\u00e9e entre les groupes adh\u00e9rents aux pr\u00e9sents statuts une association r\u00e9gie par la loi du 1er juillet 1901 et le d\u00e9cret du 16 ao\u00fbt 1901 ayant pour titre \u00ab RESEAU du Th\u00e9\u00e2tre de l&rsquo;Opprim\u00e9 \u00bb dite \u00ab R\u00e9seau T.O. \u00bb<br \/><strong><br \/>Article 2 : buts<\/strong><br \/>-rassembler les groupes, en France et dans les pays limitrophes francophones, qui pratiquent et se r\u00e9f\u00e9rent explicitement au concept d&rsquo;oppression du Th\u00e9\u00e2tre de l&rsquo;opprim\u00e9 d&rsquo;Augusto Boal, se r\u00e9clament de la philosophie et des pratiques du Th\u00e9\u00e2tre de l\u2019Opprim\u00e9 et du mouvement qu\u2019il a cr\u00e9\u00e9. -faire conna\u00eetre ces groupes -d\u00e9velopper entre les membres: la coop\u00e9ration plut\u00f4t que la concurrence, la rencontre, les \u00e9changes, la recherche.<br \/><strong><br \/>Article 3 : m\u00e9thode<\/strong><br \/>L\u2019association poursuit ses buts notamment :<br \/>&#8211; en organisant des rencontres entre les groupes adh\u00e9rents, <br \/>&#8211; En organisant la circulation de l&rsquo;information entre ces groupes, et l&rsquo;information grand public,<br \/>&#8211; En favorisant la coop\u00e9ration et les visites entre ces groupes,<br \/>&#8211; en organisant l&rsquo;\u00e9change et la recherche.<\/p><p><strong>Article 4 : si\u00e8ge social<\/strong> <br \/>Le si\u00e8ge social est fix\u00e9 au 22 rue Durnerin 59000 Lille. Il pourra \u00eatre transf\u00e9r\u00e9 par d\u00e9cision de l&rsquo;AG.<\/p><p><strong>Article 5 : cat\u00e9gories de membres, adh\u00e9sions<\/strong> <br \/>L\u2019association ne cherche pas \u00e0 \u00eatre une nouvelle association de praticiens du th\u00e9\u00e2tre de l&rsquo;opprim\u00e9, mais un r\u00e9seau de groupes qui le pratiquent. Ces groupes peuvent avoir diff\u00e9rents statuts : collectifs, associations, compagnies, scop&#8230; Ils sont repr\u00e9sent\u00e9s par des personnes physiques. <br \/>Ces groupes doivent eux-m\u00eames avoir des pratiques, un fonctionnement en accord avec les buts du r\u00e9seau, il en est de m\u00eame pour leurs \u00e9ventuels statuts.<br \/>Les membres adh\u00e9rents fondateurs sont les signataires de ces statuts.<br \/>Les membres adh\u00e9rents actifs sont les groupes qui participent aux rencontres ou aux recherches du r\u00e9seau. Les membres adh\u00e9rents associ\u00e9s participent occasionnellement, Ils deviennent membres actifs sur demande accept\u00e9e.<br \/>Les adh\u00e9sions, dont le montant est fix\u00e9 chaque ann\u00e9e, ainsi que le passage au statut de membre actif, sont agr\u00e9\u00e9s par l&rsquo;AG qui statue lors de chacune de ses r\u00e9unions sur les demandes pr\u00e9sent\u00e9es<\/p><p><strong>Article 6 : perte de la qualit\u00e9 de membre<\/strong><br \/>La qualit\u00e9 de membre se perd par : d\u00e9mission, dissolution, radiation. La radiation est prononc\u00e9e par l&rsquo;AG pour notamment : non paiement de la cotisation, non respect des statuts et de ses valeurs, arr\u00eat de la pratique du TO. Le groupe int\u00e9ress\u00e9 aura \u00e9t\u00e9 auparavant invit\u00e9 \u00e0 se pr\u00e9senter en AG pour fournir des explications.<\/p><p><strong>Article 7 : ressources de l&rsquo;association<\/strong> <br \/>Les cotisations, le montant des prestations fournies, les dons et les subventions des Collectivit\u00e9s Territoriales, de l&rsquo;Etat.<\/p><p><strong>Article 8 : r\u00e9unions de l\u2019AG (assembl\u00e9e g\u00e9n\u00e9rale)<\/strong><br \/>Le r\u00e9seau TO se r\u00e9unit en AG au moins une fois par an. Les AG sont pr\u00e9par\u00e9es par au moins 2 membres de 2 groupes, choisis \u00e0 chaque AG. Ces AG cherchent le consensus. Des votes peuvent cependant \u00eatre organis\u00e9s, sur le principe : un groupe, un voix. L\u2019AG d\u00e9lib\u00e8re valablement \u00e0 la majorit\u00e9 simple, si au moins la moiti\u00e9 de ses membres est pr\u00e9sente ou repr\u00e9sent\u00e9e. Chaque membre pr\u00e9sent peut disposer d\u2019un (seul) pouvoir. L\u2019AG comprend les membres fondateurs, les membres actifs, et les membres associ\u00e9s, ces derniers sans droit de vote, sauf d\u00e9cision contraire de l&rsquo;AG.<\/p><p><strong>Article 9 : direction de l\u2019association<\/strong><br \/>L&rsquo;organe de d\u00e9cision ordinaire est l&rsquo;AG. L&rsquo;association se dote par consensus ou vote, d&rsquo;un bureau d&rsquo;au moins quatre membres physiques, dont un-e pr\u00e9sident-e, un-e tr\u00e9sorier-\u00e8re, issus d&rsquo;au moins trois groupes adh\u00e9rents actifs diff\u00e9rents. Le bureau est garant de la politique g\u00e9n\u00e9rale de l\u2019association. Il peut \u00eatre modifi\u00e9 \u00e0 chaque AG. En cas de n\u00e9cessit\u00e9, ou de carence de l&rsquo;AG, il se r\u00e9unit \u00e0 la demande de 2 de ses membres. Une fois par an, en AG, le ou la pr\u00e9sident-e expose la situation morale de l\u2019association. Le ou la tr\u00e9sorier\/\u00e8re rend compte de sa gestion, pour approbation de l&rsquo;AG.<\/p><p><strong>Article 10 : A.G. Extraordinaire (AGE)<\/strong> <br \/>Sur la demande du \u00bc des membres de l\u2019association ou sur d\u00e9cision du bureau, le ou la pr\u00e9sident-e convoque une AGE. Si le quorum n\u2019est pas atteint, une nouvelle AGE est convoqu\u00e9e dans un d\u00e9lai de 3 mois, et d\u00e9lib\u00e8re sans quorum.<\/p><p><strong>Article 12 : r\u00e8glement int\u00e9rieur (RI)<\/strong><br \/>Un RI pourra \u00e9tablir les points non pr\u00e9vus par les pr\u00e9sents statuts, en conformit\u00e9 avec les buts \u00e9nonc\u00e9s \u00e0 l\u2019article 2.<\/p><p><strong>Article 13 : dissolution :<\/strong> elle peut \u00eatre prononc\u00e9e par les 2\/3 des membres pr\u00e9sents \u00e0 une AGE, qui nomme un-e ou plusieurs liquidateurs\/trices. Les biens et avoirs sont vers\u00e9s \u00e0 une ou des association(s) poursuivant les m\u00eames buts.<\/p><p>Les membres fondateurs (d\u00e9nomination et adresse de chaque groupe ; repr\u00e9sent\u00e9 par : nom, pr\u00e9nom, signature)<\/p><p><a href=\"http:\/\/www.reseau-to.fr\/site\/wp-content\/uploads\/2019\/03\/statuts-RESEAU-TO-version-221016.pdf\" target=\"_blank\" rel=\"noopener\">Statuts du R\u00e9seau TO en version PDF<\/a><\/p>\t\t\t\t\t\t\t\t<\/div>\n\t\t\t\t<\/div>\n\t\t\t\t\t<\/div>\n\t\t<\/div>\n\t\t\t\t\t<\/div>\n\t\t<\/section>\n\t\t\t\t<\/div>\n\t\t","protected":false},"excerpt":{"rendered":"<p>Article 1 : fondationIl est fond\u00e9 pour une dur\u00e9e illimit\u00e9e entre les groupes adh\u00e9rents aux pr\u00e9sents statuts une association r\u00e9gie par la loi du 1er juillet 1901 et le d\u00e9cret du 16 ao\u00fbt 1901 ayant pour titre \u00ab RESEAU du Th\u00e9\u00e2tre de l&rsquo;Opprim\u00e9 \u00bb dite \u00ab R\u00e9seau T.O. \u00bbArticle 2 : buts-rassembler les groupes, en &hellip; <a href=\"https:\/\/www.reseau-to.fr\/site\/?page_id=2884\" class=\"more-link\">Continuer la lecture de <span class=\"screen-reader-text\">STATUTS du R\u00e9seau Th\u00e9\u00e2tre de l\u2019Opprim\u00e9<\/span> <span class=\"meta-nav\">&rarr;<\/span><\/a><\/p>\n","protected":false},"author":5,"featured_media":0,"parent":0,"menu_order":0,"comment_status":"closed","ping_status":"closed","template":"","meta":{"jetpack_post_was_ever_published":false,"footnotes":""},"class_list":["post-2884","page","type-page","status-publish","hentry"],"jetpack_sharing_enabled":true,"jetpack_shortlink":"https:\/\/wp.me\/ParR3h-Kw","jetpack-related-posts":[{"id":1008,"url":"https:\/\/www.reseau-to.fr\/site\/","url_meta":{"origin":2884,"position":0},"title":"Pr\u00e9sentation du R\u00e9seau Th\u00e9\u00e2tre de l&rsquo;Opprim\u00e9","author":"Jean-Fran\u00e7ois Martel","date":"20 novembre 2017","format":false,"excerpt":"Le Th\u00e9\u00e2tre de l'Opprim\u00e9 est UNE METHODE,d\u00e9velopp\u00e9e par Augusto Boal,homme de th\u00e9\u00e2tre et militant politique br\u00e9silien. Le Th\u00e9\u00e2tre de l'Opprim\u00e9 est\u00a0 UN MOUVEMENT mondial, pratiqu\u00e9 dans de nombreux pays.\u00a0En France, PLUS DE\u00a0 20 EQUIPES de T.O. ont constitu\u00e9 un r\u00e9seau pour : LUTTER contre les oppressions par le th\u00e9\u00e2tre,ECHANGER et\u2026","rel":"","context":"Article similaire","block_context":{"text":"Article similaire","link":""},"img":{"alt_text":"","src":"https:\/\/i0.wp.com\/www.reseau-to.fr\/site\/wp-content\/uploads\/2017\/11\/arbre-1.png?resize=350%2C200&ssl=1","width":350,"height":200,"srcset":"https:\/\/i0.wp.com\/www.reseau-to.fr\/site\/wp-content\/uploads\/2017\/11\/arbre-1.png?resize=350%2C200&ssl=1 1x, https:\/\/i0.wp.com\/www.reseau-to.fr\/site\/wp-content\/uploads\/2017\/11\/arbre-1.png?resize=525%2C300&ssl=1 1.5x, https:\/\/i0.wp.com\/www.reseau-to.fr\/site\/wp-content\/uploads\/2017\/11\/arbre-1.png?resize=700%2C400&ssl=1 2x"},"classes":[]},{"id":1249,"url":"https:\/\/www.reseau-to.fr\/site\/?page_id=1249","url_meta":{"origin":2884,"position":1},"title":"Groupes du r\u00e9seau TO","author":"Jean-Fran\u00e7ois Martel","date":"1 d\u00e9cembre 2017","format":false,"excerpt":"Le r\u00e9seau - Th\u00e9\u00e2tre de l'Opprim\u00e9 propose \u00e0 des groupes de Th\u00e9\u00e2tre de l'Opprim\u00e9 de France, de toutes tailles, de se rencontrer et de coop\u00e9rer. La base de notre rencontre est expos\u00e9e dans un texte \u00e9volutif, consultable sous l'index : \"textes de base\". Notre premi\u00e8re rencontre a eu lieu d\u00e9but\u2026","rel":"","context":"Article similaire","block_context":{"text":"Article similaire","link":""},"img":{"alt_text":"","src":"","width":0,"height":0},"classes":[]},{"id":1515,"url":"https:\/\/www.reseau-to.fr\/site\/?page_id=1515","url_meta":{"origin":2884,"position":2},"title":"Texte d&#039;invitation \u00e0 la rencontre initiale","author":"Jean-Fran\u00e7ois Martel","date":"10 mars 2016","format":false,"excerpt":"A) 3 principes, qu\u2019en pensez-vous ? Coop\u00e9rer avec \u00a0les groupes de TO pour qui \u00ab\u00a0le th\u00e9\u00e2tre de l\u2019opprim\u00e9, c\u2019est fait pour lutter contre les oppressions\u00a0\u00bb.\u00ab\u00a0la coop\u00e9ration c\u2019est mieux que la concurrence\u00a0\u00bb, la coop\u00e9ration permet la synergie et aussi la recherche et le d\u00e9bat.Le leadership : personne, ni aucun groupe, ne\u2026","rel":"","context":"Article similaire","block_context":{"text":"Article similaire","link":""},"img":{"alt_text":"","src":"","width":0,"height":0},"classes":[]},{"id":6,"url":"https:\/\/www.reseau-to.fr\/site\/?page_id=6","url_meta":{"origin":2884,"position":3},"title":"Groupes du r\u00e9seau T.O.","author":"Jean-Fran\u00e7ois Martel","date":"24 mars 2015","format":false,"excerpt":"le R\u00e9seau - Th\u00e9\u00e2tre de l'opprim\u00e9 \u00a0propose \u00e0 des groupes de Th\u00e9\u00e2tre de l'Opprim\u00e9 de France, de toutes tailles, de se rencontrer et de coop\u00e9rer. La base de notre rencontre est expos\u00e9e dans un texte \u00e9volutif, consultable sous l'index: \"textes de base\". Notre premi\u00e8re rencontre a eu lieu d\u00e9but novembre\u2026","rel":"","context":"Article similaire","block_context":{"text":"Article similaire","link":""},"img":{"alt_text":"","src":"","width":0,"height":0},"classes":[]},{"id":2633,"url":"https:\/\/www.reseau-to.fr\/site\/?page_id=2633","url_meta":{"origin":2884,"position":4},"title":"L&rsquo;Ebullition","author":"R\u00e9mi","date":"7 f\u00e9vrier 2019","format":false,"excerpt":"L\u2019Ebullition est une association d\u2019\u00e9ducation populaire implant\u00e9e dans un quartier populaire \u00e0 Romans-sur-Is\u00e8re (Dr\u00f4me). Les trois salari\u00e9es de L\u2019Ebullition proposent des formations pour transmettre les outils du Th\u00e9\u00e2tre de l\u2019Opprim\u00e9. L\u2019association accompagne aussi des groupes de personnes dans le processus de cr\u00e9ation de mod\u00e8les \u00e0 partir des oppressions qu\u2019elles vivent\u2026","rel":"","context":"Article similaire","block_context":{"text":"Article similaire","link":""},"img":{"alt_text":"","src":"https:\/\/i0.wp.com\/www.reseau-to.fr\/site\/wp-content\/uploads\/2019\/02\/Lebullition-768x543.jpg?resize=350%2C200","width":350,"height":200,"srcset":"https:\/\/i0.wp.com\/www.reseau-to.fr\/site\/wp-content\/uploads\/2019\/02\/Lebullition-768x543.jpg?resize=350%2C200 1x, https:\/\/i0.wp.com\/www.reseau-to.fr\/site\/wp-content\/uploads\/2019\/02\/Lebullition-768x543.jpg?resize=525%2C300 1.5x"},"classes":[]},{"id":219,"url":"https:\/\/www.reseau-to.fr\/site\/?page_id=219","url_meta":{"origin":2884,"position":5},"title":"Seconde rencontre du r\u00e9seau","author":"Jean-Fran\u00e7ois Martel","date":"12 mars 2016","format":false,"excerpt":"RESUME DE LA 2\u00e8me rencontre RESEAU TO 15 mars 2014 PARISPour \u00e9crire \u00e0 tous, une seule adresse: \u00a0participants@listes.reseau-to.fr4 r\u00e8gles d'utilisation:Utiliser cet alias pour diffuser newsletters, spectacles, questions et propositions.Mettre toujours un \"objet\" bien clairN'envoyer que des infos, textes, questions ou avis qui concernent tout le monde.N'utiliser cette adresse que pour\u2026","rel":"","context":"Article similaire","block_context":{"text":"Article similaire","link":""},"img":{"alt_text":"","src":"","width":0,"height":0},"classes":[]}],"_links":{"self":[{"href":"https:\/\/www.reseau-to.fr\/site\/index.php?rest_route=\/wp\/v2\/pages\/2884","targetHints":{"allow":["GET"]}}],"collection":[{"href":"https:\/\/www.reseau-to.fr\/site\/index.php?rest_route=\/wp\/v2\/pages"}],"about":[{"href":"https:\/\/www.reseau-to.fr\/site\/index.php?rest_route=\/wp\/v2\/types\/page"}],"author":[{"embeddable":true,"href":"https:\/\/www.reseau-to.fr\/site\/index.php?rest_route=\/wp\/v2\/users\/5"}],"replies":[{"embeddable":true,"href":"https:\/\/www.reseau-to.fr\/site\/index.php?rest_route=%2Fwp%2Fv2%2Fcomments&post=2884"}],"version-history":[{"count":2,"href":"https:\/\/www.reseau-to.fr\/site\/index.php?rest_route=\/wp\/v2\/pages\/2884\/revisions"}],"predecessor-version":[{"id":2888,"href":"https:\/\/www.reseau-to.fr\/site\/index.php?rest_route=\/wp\/v2\/pages\/2884\/revisions\/2888"}],"wp:attachment":[{"href":"https:\/\/www.reseau-to.fr\/site\/index.php?rest_route=%2Fwp%2Fv2%2Fmedia&parent=2884"}],"curies":[{"name":"wp","href":"https:\/\/api.w.org\/{rel}","templated":true}]}}