{"id":2773,"date":"2019-02-10T19:57:21","date_gmt":"2019-02-10T18:57:21","guid":{"rendered":"http:\/\/www.reseau-to.fr\/site\/?page_id=2773"},"modified":"2020-09-08T07:20:40","modified_gmt":"2020-09-08T06:20:40","slug":"cie-javali-grand-ouest-dici-et-dailleurs","status":"publish","type":"page","link":"https:\/\/www.reseau-to.fr\/site\/?page_id=2773","title":{"rendered":"Cie Javali (Grand Ouest, d&rsquo;ici et d&rsquo;ailleurs)"},"content":{"rendered":"","protected":true},"excerpt":{"rendered":"","protected":true},"author":5,"featured_media":0,"parent":0,"menu_order":0,"comment_status":"closed","ping_status":"closed","template":"","meta":{"jetpack_post_was_ever_published":false,"footnotes":""},"class_list":["post-2773","page","type-page","status-publish","post-password-required","hentry"],"jetpack_sharing_enabled":false,"jetpack_shortlink":"https:\/\/wp.me\/ParR3h-IJ","jetpack-related-posts":[{"id":1575,"url":"https:\/\/www.reseau-to.fr\/site\/?page_id=1575","url_meta":{"origin":2773,"position":0},"title":"Groupes du R\u00e9seau &#8211; TO","author":"R\u00e9mi","date":"1 d\u00e9cembre 2017","format":false,"excerpt":"CERTAINS GROUPES INTERVIENNENT SURTOUT DANS\u00a0 LEUR REGION. Naje travaille dans toute la France. D'autres se d\u00e9placent facilement :T'OP! Ficelle, Si Les Sardines, Folies passag\u00e8res...CARTE INTERACTIVE DES GROUPES PAR REGION. Sur la carte, survolez une r\u00e9gion : vous affichez les groupes de la r\u00e9gion.Cliquez sur une localit\u00e9: voyez la description du\u2026","rel":"","context":"Article similaire","block_context":{"text":"Article similaire","link":""},"img":{"alt_text":"","src":"https:\/\/i0.wp.com\/www.reseau-to.fr\/site\/wp-content\/uploads\/2023\/10\/logo-texte-dessus-degrade.png?resize=350%2C200&ssl=1","width":350,"height":200,"srcset":"https:\/\/i0.wp.com\/www.reseau-to.fr\/site\/wp-content\/uploads\/2023\/10\/logo-texte-dessus-degrade.png?resize=350%2C200&ssl=1 1x, https:\/\/i0.wp.com\/www.reseau-to.fr\/site\/wp-content\/uploads\/2023\/10\/logo-texte-dessus-degrade.png?resize=525%2C300&ssl=1 1.5x, https:\/\/i0.wp.com\/www.reseau-to.fr\/site\/wp-content\/uploads\/2023\/10\/logo-texte-dessus-degrade.png?resize=700%2C400&ssl=1 2x, https:\/\/i0.wp.com\/www.reseau-to.fr\/site\/wp-content\/uploads\/2023\/10\/logo-texte-dessus-degrade.png?resize=1050%2C600&ssl=1 3x, https:\/\/i0.wp.com\/www.reseau-to.fr\/site\/wp-content\/uploads\/2023\/10\/logo-texte-dessus-degrade.png?resize=1400%2C800&ssl=1 4x"},"classes":[]},{"id":6,"url":"https:\/\/www.reseau-to.fr\/site\/?page_id=6","url_meta":{"origin":2773,"position":1},"title":"Groupes du r\u00e9seau T.O.","author":"R\u00e9mi","date":"24 mars 2015","format":false,"excerpt":"le R\u00e9seau - Th\u00e9\u00e2tre de l'opprim\u00e9 \u00a0propose \u00e0 des groupes de Th\u00e9\u00e2tre de l'Opprim\u00e9 de France, de toutes tailles, de se rencontrer et de coop\u00e9rer. La base de notre rencontre est expos\u00e9e dans un texte \u00e9volutif, consultable sous l'index: \"textes de base\". Notre premi\u00e8re rencontre a eu lieu d\u00e9but novembre\u2026","rel":"","context":"Article similaire","block_context":{"text":"Article similaire","link":""},"img":{"alt_text":"","src":"","width":0,"height":0},"classes":[]},{"id":1008,"url":"https:\/\/www.reseau-to.fr\/site\/","url_meta":{"origin":2773,"position":2},"title":"Pr\u00e9sentation du R\u00e9seau Th\u00e9\u00e2tre de l&rsquo;Opprim\u00e9","author":"Jean-Fran\u00e7ois Martel","date":"20 novembre 2017","format":false,"excerpt":"Le Th\u00e9\u00e2tre de l'Opprim\u00e9 est UNE METHODE,d\u00e9velopp\u00e9e par Augusto Boal,homme de th\u00e9\u00e2tre et militant politique br\u00e9silien. Le Th\u00e9\u00e2tre de l'Opprim\u00e9 est\u00a0 UN MOUVEMENT mondial, pratiqu\u00e9 dans de nombreux pays.\u00a0En France, PLUS DE\u00a0 20 EQUIPES de T.O. ont constitu\u00e9 un r\u00e9seau pour : LUTTER contre les oppressions par le th\u00e9\u00e2tre,ECHANGER et\u2026","rel":"","context":"Article similaire","block_context":{"text":"Article similaire","link":""},"img":{"alt_text":"","src":"https:\/\/i0.wp.com\/www.reseau-to.fr\/site\/wp-content\/uploads\/2017\/11\/arbre-1.png?resize=350%2C200&ssl=1","width":350,"height":200,"srcset":"https:\/\/i0.wp.com\/www.reseau-to.fr\/site\/wp-content\/uploads\/2017\/11\/arbre-1.png?resize=350%2C200&ssl=1 1x, https:\/\/i0.wp.com\/www.reseau-to.fr\/site\/wp-content\/uploads\/2017\/11\/arbre-1.png?resize=525%2C300&ssl=1 1.5x, https:\/\/i0.wp.com\/www.reseau-to.fr\/site\/wp-content\/uploads\/2017\/11\/arbre-1.png?resize=700%2C400&ssl=1 2x"},"classes":[]},{"id":178,"url":"https:\/\/www.reseau-to.fr\/site\/?page_id=178","url_meta":{"origin":2773,"position":3},"title":"Un th\u00e9\u00e2tre-forum \u00ab\u00a0cancer et cr\u00e9ativit\u00e9\u00a0\u00bb","author":"Jean-Fran\u00e7ois Martel","date":"11 mars 2016","format":false,"excerpt":"en revenant d'un th\u00e9\u00e2tre forum le 12 juin 2015 Je suis all\u00e9 voir le Potimarron et son th\u00e9\u00e2tre forum : \u00ables fen\u00eatres ne sont plus au m\u00eame endroit\u00bb J'ai eu envie de partager ce que j'en ai retir\u00e9, car c'est en cherchant \u00e0 apprendre des autres que la coop\u00e9ration peut\u2026","rel":"","context":"Article similaire","block_context":{"text":"Article similaire","link":""},"img":{"alt_text":"","src":"","width":0,"height":0},"classes":[]},{"id":1518,"url":"https:\/\/www.reseau-to.fr\/site\/?page_id=1518","url_meta":{"origin":2773,"position":4},"title":"Un th\u00e9\u00e2tre-forum &quot;cancer et cr\u00e9ativit\u00e9&quot;","author":"Jean-Fran\u00e7ois Martel","date":"11 mars 2016","format":false,"excerpt":"En revenant d'un th\u00e9\u00e2tre forumLe 12 juin 2015 Je suis all\u00e9 voir le Potimarron et son th\u00e9\u00e2tre forum : \u00ables fen\u00eatres ne sont plus au m\u00eame endroit\u00bbJ'ai eu envie de partager ce que j'en ai retir\u00e9, car c'est en cherchant \u00e0 apprendre des autres que la coop\u00e9ration peut nous faire\u2026","rel":"","context":"Article similaire","block_context":{"text":"Article similaire","link":""},"img":{"alt_text":"","src":"","width":0,"height":0},"classes":[]},{"id":212,"url":"https:\/\/www.reseau-to.fr\/site\/?page_id=212","url_meta":{"origin":2773,"position":5},"title":"4\u00e8me rencontre: le dimanche","author":"Jean-Fran\u00e7ois Martel","date":"11 mars 2016","format":false,"excerpt":"Rencontre du r\u00e9seau TO: Dimanche 29 mars 2015 (en PJ \u00e9galement) 1)Th\u00e9\u00e2tre invisible, 2) communication, 3) prochaine date, 4) atelier \"images projet\u00e9es\". Th\u00e9\u00e2tre invisible: r\u00e9sum\u00e9 des \u00e9changes anim\u00e9s par Nicole Constat: Quelques uns ont essay\u00e9 d'en cr\u00e9er en stage, peu nombreux ont pratiqu\u00e9. Nous commen\u00e7ons par quelques r\u00e9cits de th\u00e9\u00e2tres\u2026","rel":"","context":"Article similaire","block_context":{"text":"Article similaire","link":""},"img":{"alt_text":"","src":"","width":0,"height":0},"classes":[]}],"_links":{"self":[{"href":"https:\/\/www.reseau-to.fr\/site\/index.php?rest_route=\/wp\/v2\/pages\/2773","targetHints":{"allow":["GET"]}}],"collection":[{"href":"https:\/\/www.reseau-to.fr\/site\/index.php?rest_route=\/wp\/v2\/pages"}],"about":[{"href":"https:\/\/www.reseau-to.fr\/site\/index.php?rest_route=\/wp\/v2\/types\/page"}],"author":[{"embeddable":true,"href":"https:\/\/www.reseau-to.fr\/site\/index.php?rest_route=\/wp\/v2\/users\/5"}],"replies":[{"embeddable":true,"href":"https:\/\/www.reseau-to.fr\/site\/index.php?rest_route=%2Fwp%2Fv2%2Fcomments&post=2773"}],"version-history":[{"count":4,"href":"https:\/\/www.reseau-to.fr\/site\/index.php?rest_route=\/wp\/v2\/pages\/2773\/revisions"}],"predecessor-version":[{"id":4715,"href":"https:\/\/www.reseau-to.fr\/site\/index.php?rest_route=\/wp\/v2\/pages\/2773\/revisions\/4715"}],"wp:attachment":[{"href":"https:\/\/www.reseau-to.fr\/site\/index.php?rest_route=%2Fwp%2Fv2%2Fmedia&parent=2773"}],"curies":[{"name":"wp","href":"https:\/\/api.w.org\/{rel}","templated":true}]}}