{"id":2712,"date":"2019-02-08T12:06:11","date_gmt":"2019-02-08T11:06:11","guid":{"rendered":"http:\/\/www.reseau-to.fr\/site\/?page_id=2712"},"modified":"2020-07-27T07:35:32","modified_gmt":"2020-07-27T06:35:32","slug":"association-si-les-sardines-avaient-des-ailes","status":"publish","type":"page","link":"https:\/\/www.reseau-to.fr\/site\/?page_id=2712","title":{"rendered":"Association Si les sardines avaient des ailes"},"content":{"rendered":"\t\t<div data-elementor-type=\"wp-post\" data-elementor-id=\"2712\" class=\"elementor elementor-2712\">\n\t\t\t\t\t\t<section class=\"elementor-section elementor-top-section elementor-element elementor-element-89830a9 elementor-section-boxed elementor-section-height-default elementor-section-height-default\" data-id=\"89830a9\" data-element_type=\"section\" data-e-type=\"section\">\n\t\t\t\t\t\t<div class=\"elementor-container elementor-column-gap-default\">\n\t\t\t\t\t<div class=\"elementor-column elementor-col-100 elementor-top-column elementor-element elementor-element-9383d43\" data-id=\"9383d43\" data-element_type=\"column\" data-e-type=\"column\">\n\t\t\t<div class=\"elementor-widget-wrap elementor-element-populated\">\n\t\t\t\t\t\t<div class=\"elementor-element elementor-element-c32dc1b elementor-widget elementor-widget-image\" data-id=\"c32dc1b\" data-element_type=\"widget\" data-e-type=\"widget\" data-widget_type=\"image.default\">\n\t\t\t\t<div class=\"elementor-widget-container\">\n\t\t\t\t\t\t\t\t\t\t\t\t\t\t\t<img fetchpriority=\"high\" decoding=\"async\" data-attachment-id=\"2711\" data-permalink=\"https:\/\/www.reseau-to.fr\/site\/?attachment_id=2711\" data-orig-file=\"https:\/\/i0.wp.com\/www.reseau-to.fr\/site\/wp-content\/uploads\/2019\/02\/Isologo_couleur_BD.jpg?fit=3147%2C1830&amp;ssl=1\" data-orig-size=\"3147,1830\" data-comments-opened=\"1\" data-image-meta=\"{&quot;aperture&quot;:&quot;0&quot;,&quot;credit&quot;:&quot;&quot;,&quot;camera&quot;:&quot;&quot;,&quot;caption&quot;:&quot;&quot;,&quot;created_timestamp&quot;:&quot;0&quot;,&quot;copyright&quot;:&quot;&quot;,&quot;focal_length&quot;:&quot;0&quot;,&quot;iso&quot;:&quot;0&quot;,&quot;shutter_speed&quot;:&quot;0&quot;,&quot;title&quot;:&quot;&quot;,&quot;orientation&quot;:&quot;1&quot;}\" data-image-title=\"Isologo_couleur_BD\" data-image-description=\"\" data-image-caption=\"\" data-large-file=\"https:\/\/i0.wp.com\/www.reseau-to.fr\/site\/wp-content\/uploads\/2019\/02\/Isologo_couleur_BD.jpg?fit=604%2C351&amp;ssl=1\" width=\"604\" height=\"351\" src=\"https:\/\/i0.wp.com\/www.reseau-to.fr\/site\/wp-content\/uploads\/2019\/02\/Isologo_couleur_BD.jpg?fit=604%2C351&amp;ssl=1\" class=\"attachment-large size-large wp-image-2711\" alt=\"\" srcset=\"https:\/\/i0.wp.com\/www.reseau-to.fr\/site\/wp-content\/uploads\/2019\/02\/Isologo_couleur_BD.jpg?w=3147&amp;ssl=1 3147w, https:\/\/i0.wp.com\/www.reseau-to.fr\/site\/wp-content\/uploads\/2019\/02\/Isologo_couleur_BD.jpg?resize=300%2C174&amp;ssl=1 300w, https:\/\/i0.wp.com\/www.reseau-to.fr\/site\/wp-content\/uploads\/2019\/02\/Isologo_couleur_BD.jpg?resize=768%2C447&amp;ssl=1 768w, https:\/\/i0.wp.com\/www.reseau-to.fr\/site\/wp-content\/uploads\/2019\/02\/Isologo_couleur_BD.jpg?resize=1024%2C595&amp;ssl=1 1024w, https:\/\/i0.wp.com\/www.reseau-to.fr\/site\/wp-content\/uploads\/2019\/02\/Isologo_couleur_BD.jpg?resize=600%2C349&amp;ssl=1 600w, https:\/\/i0.wp.com\/www.reseau-to.fr\/site\/wp-content\/uploads\/2019\/02\/Isologo_couleur_BD.jpg?resize=1320%2C768&amp;ssl=1 1320w, https:\/\/i0.wp.com\/www.reseau-to.fr\/site\/wp-content\/uploads\/2019\/02\/Isologo_couleur_BD.jpg?w=1208&amp;ssl=1 1208w, https:\/\/i0.wp.com\/www.reseau-to.fr\/site\/wp-content\/uploads\/2019\/02\/Isologo_couleur_BD.jpg?w=1812&amp;ssl=1 1812w\" sizes=\"(max-width: 604px) 100vw, 604px\" data-attachment-id=\"2711\" data-permalink=\"https:\/\/www.reseau-to.fr\/site\/?attachment_id=2711\" data-orig-file=\"https:\/\/i0.wp.com\/www.reseau-to.fr\/site\/wp-content\/uploads\/2019\/02\/Isologo_couleur_BD.jpg?fit=3147%2C1830&amp;ssl=1\" data-orig-size=\"3147,1830\" data-comments-opened=\"1\" data-image-meta=\"{&quot;aperture&quot;:&quot;0&quot;,&quot;credit&quot;:&quot;&quot;,&quot;camera&quot;:&quot;&quot;,&quot;caption&quot;:&quot;&quot;,&quot;created_timestamp&quot;:&quot;0&quot;,&quot;copyright&quot;:&quot;&quot;,&quot;focal_length&quot;:&quot;0&quot;,&quot;iso&quot;:&quot;0&quot;,&quot;shutter_speed&quot;:&quot;0&quot;,&quot;title&quot;:&quot;&quot;,&quot;orientation&quot;:&quot;1&quot;}\" data-image-title=\"Isologo_couleur_BD\" data-image-description=\"\" data-image-caption=\"\" data-large-file=\"https:\/\/i0.wp.com\/www.reseau-to.fr\/site\/wp-content\/uploads\/2019\/02\/Isologo_couleur_BD.jpg?fit=604%2C351&amp;ssl=1\" \/>\t\t\t\t\t\t\t\t\t\t\t\t\t\t\t<\/div>\n\t\t\t\t<\/div>\n\t\t\t\t\t<\/div>\n\t\t<\/div>\n\t\t\t\t\t<\/div>\n\t\t<\/section>\n\t\t\t\t<section class=\"elementor-section elementor-top-section elementor-element elementor-element-44d0ce9 elementor-section-boxed elementor-section-height-default elementor-section-height-default\" data-id=\"44d0ce9\" data-element_type=\"section\" data-e-type=\"section\">\n\t\t\t\t\t\t<div class=\"elementor-container elementor-column-gap-default\">\n\t\t\t\t\t<div class=\"elementor-column elementor-col-100 elementor-top-column elementor-element elementor-element-75a306d\" data-id=\"75a306d\" data-element_type=\"column\" data-e-type=\"column\">\n\t\t\t<div class=\"elementor-widget-wrap elementor-element-populated\">\n\t\t\t\t\t\t<div class=\"elementor-element elementor-element-0d5082f elementor-widget elementor-widget-text-editor\" data-id=\"0d5082f\" data-element_type=\"widget\" data-e-type=\"widget\" data-widget_type=\"text-editor.default\">\n\t\t\t\t<div class=\"elementor-widget-container\">\n\t\t\t\t\t\t\t\t\t<p class=\"p1\"><i>Si les sardines avaient des ailes<\/i> est une association qui d\u00e9veloppe la pratique du Th\u00e9\u00e2tre de l&rsquo;Opprim\u00e9 et du Clown- acteur social en Bretagne, en France et \u00e0 l&rsquo;international. Elle a pour but de promouvoir le Th\u00e9\u00e2tre de l&rsquo;Opprim\u00e9 sous toutes ses formes : th\u00e9\u00e2tre-image, th\u00e9\u00e2tre-forum, techniques introspectives, clown acteur social ; ainsi que toutes pratiques se r\u00e9f\u00e9rant \u00e0 l&rsquo;Education Populaire.<\/p><p class=\"p1\">Notre exp\u00e9rience nous a conduit \u00e0 \u00e9laborer des formes d&rsquo;interventions vari\u00e9es, en espace public ou en institution. L&rsquo;id\u00e9e est de s&#8217;emparer collectivement, et ce de mani\u00e8re \u00ab\u00a0esth\u00e9tico-po\u00e9tico-politique\u00a0\u00bb, de sujets de soci\u00e9t\u00e9, sensibles ou complexes.\u00a0<br \/>Nous nous appuyons sur des dispositifs de m\u00e9diation artistique et psychosociale pour cr\u00e9er des \u00e9changes porteurs de sens et force de propositions.\u00a0<\/p><p class=\"p1\">Sur les sujets les plus tabous, nous mobilisons particuli\u00e8rement un personnage inattendu, un compagnon na\u00eff et bienveillant : le clown.<\/p><p class=\"p1\">Nos domaines d&rsquo;intervention : spectacles de th\u00e9\u00e2tre-forum, ateliers, stages et formations, accompagnements divers (analyses des pratiques professionnelles) et aussi animation d&rsquo;\u00e9v\u00e9nements (colloques, s\u00e9minaires, rencontres)<\/p><p class=\"p1\">Contact :<br \/>Association <i>Si les sardines avaient des ailes<br \/><\/i>10 route de Dresnay<br \/>22780 Loguivy Plougras &#8211; Bretagne<\/p><p class=\"p1\">Aude : +33 6 79 52 21 28<br \/>Delphine : +33 6 61 74 16 66<br \/>Marine : +33 6 74 08 47 28<\/p>\t\t\t\t\t\t\t\t<\/div>\n\t\t\t\t<\/div>\n\t\t\t\t\t<\/div>\n\t\t<\/div>\n\t\t\t\t\t<\/div>\n\t\t<\/section>\n\t\t\t\t<section class=\"elementor-section elementor-top-section elementor-element elementor-element-f3ad452 elementor-section-boxed elementor-section-height-default elementor-section-height-default\" data-id=\"f3ad452\" data-element_type=\"section\" data-e-type=\"section\">\n\t\t\t\t\t\t<div class=\"elementor-container elementor-column-gap-default\">\n\t\t\t\t\t<div class=\"elementor-column elementor-col-100 elementor-top-column elementor-element elementor-element-767dfdd\" data-id=\"767dfdd\" data-element_type=\"column\" data-e-type=\"column\">\n\t\t\t<div class=\"elementor-widget-wrap elementor-element-populated\">\n\t\t\t\t\t\t<div class=\"elementor-element elementor-element-1201052 elementor-widget elementor-widget-google_maps\" data-id=\"1201052\" data-element_type=\"widget\" data-e-type=\"widget\" data-widget_type=\"google_maps.default\">\n\t\t\t\t<div class=\"elementor-widget-container\">\n\t\t\t\t\t\t\t<div class=\"elementor-custom-embed\">\n\t\t\t<iframe loading=\"lazy\"\n\t\t\t\t\tsrc=\"https:\/\/maps.google.com\/maps?q=10%20route%20de%20Dresnay%20%2022780%20Loguivy%20Plougras&#038;t=m&#038;z=12&#038;output=embed&#038;iwloc=near\"\n\t\t\t\t\ttitle=\"10 route de Dresnay  22780 Loguivy Plougras\"\n\t\t\t\t\taria-label=\"10 route de Dresnay  22780 Loguivy Plougras\"\n\t\t\t><\/iframe>\n\t\t<\/div>\n\t\t\t\t\t\t<\/div>\n\t\t\t\t<\/div>\n\t\t\t\t\t<\/div>\n\t\t<\/div>\n\t\t\t\t\t<\/div>\n\t\t<\/section>\n\t\t\t\t<\/div>\n\t\t","protected":false},"excerpt":{"rendered":"<p>Si les sardines avaient des ailes est une association qui d\u00e9veloppe la pratique du Th\u00e9\u00e2tre de l&rsquo;Opprim\u00e9 et du Clown- acteur social en Bretagne, en France et \u00e0 l&rsquo;international. Elle a pour but de promouvoir le Th\u00e9\u00e2tre de l&rsquo;Opprim\u00e9 sous toutes ses formes : th\u00e9\u00e2tre-image, th\u00e9\u00e2tre-forum, techniques introspectives, clown acteur social ; ainsi que toutes &hellip; <a href=\"https:\/\/www.reseau-to.fr\/site\/?page_id=2712\" class=\"more-link\">Continuer la lecture de <span class=\"screen-reader-text\">Association Si les sardines avaient des ailes<\/span> <span class=\"meta-nav\">&rarr;<\/span><\/a><\/p>\n","protected":false},"author":5,"featured_media":0,"parent":0,"menu_order":0,"comment_status":"closed","ping_status":"closed","template":"","meta":{"jetpack_post_was_ever_published":false,"footnotes":""},"class_list":["post-2712","page","type-page","status-publish","hentry"],"jetpack_sharing_enabled":true,"jetpack_shortlink":"https:\/\/wp.me\/ParR3h-HK","jetpack-related-posts":[{"id":1008,"url":"https:\/\/www.reseau-to.fr\/site\/","url_meta":{"origin":2712,"position":0},"title":"Pr\u00e9sentation du R\u00e9seau Th\u00e9\u00e2tre de l&rsquo;Opprim\u00e9","author":"Jean-Fran\u00e7ois Martel","date":"20 novembre 2017","format":false,"excerpt":"Le Th\u00e9\u00e2tre de l'Opprim\u00e9 est UNE METHODE,d\u00e9velopp\u00e9e par Augusto Boal,homme de th\u00e9\u00e2tre et militant politique br\u00e9silien. Le Th\u00e9\u00e2tre de l'Opprim\u00e9 est\u00a0 UN MOUVEMENT mondial, pratiqu\u00e9 dans de nombreux pays.\u00a0En France, PLUS DE\u00a0 20 EQUIPES de T.O. ont constitu\u00e9 un r\u00e9seau pour : LUTTER contre les oppressions par le th\u00e9\u00e2tre,ECHANGER et\u2026","rel":"","context":"Article similaire","block_context":{"text":"Article similaire","link":""},"img":{"alt_text":"","src":"https:\/\/i0.wp.com\/www.reseau-to.fr\/site\/wp-content\/uploads\/2017\/11\/arbre-1.png?resize=350%2C200&ssl=1","width":350,"height":200,"srcset":"https:\/\/i0.wp.com\/www.reseau-to.fr\/site\/wp-content\/uploads\/2017\/11\/arbre-1.png?resize=350%2C200&ssl=1 1x, https:\/\/i0.wp.com\/www.reseau-to.fr\/site\/wp-content\/uploads\/2017\/11\/arbre-1.png?resize=525%2C300&ssl=1 1.5x, https:\/\/i0.wp.com\/www.reseau-to.fr\/site\/wp-content\/uploads\/2017\/11\/arbre-1.png?resize=700%2C400&ssl=1 2x"},"classes":[]},{"id":1575,"url":"https:\/\/www.reseau-to.fr\/site\/?page_id=1575","url_meta":{"origin":2712,"position":1},"title":"Groupes du R\u00e9seau &#8211; TO","author":"R\u00e9mi","date":"1 d\u00e9cembre 2017","format":false,"excerpt":"CERTAINS GROUPES INTERVIENNENT SURTOUT DANS\u00a0 LEUR REGION. Naje travaille dans toute la France. D'autres se d\u00e9placent facilement :T'OP! Ficelle, Si Les Sardines, Folies passag\u00e8res...CARTE INTERACTIVE DES GROUPES PAR REGION. Sur la carte, survolez une r\u00e9gion : vous affichez les groupes de la r\u00e9gion.Cliquez sur une localit\u00e9: voyez la description du\u2026","rel":"","context":"Article similaire","block_context":{"text":"Article similaire","link":""},"img":{"alt_text":"","src":"https:\/\/i0.wp.com\/www.reseau-to.fr\/site\/wp-content\/uploads\/2023\/10\/logo-texte-dessus-degrade.png?resize=350%2C200&ssl=1","width":350,"height":200,"srcset":"https:\/\/i0.wp.com\/www.reseau-to.fr\/site\/wp-content\/uploads\/2023\/10\/logo-texte-dessus-degrade.png?resize=350%2C200&ssl=1 1x, https:\/\/i0.wp.com\/www.reseau-to.fr\/site\/wp-content\/uploads\/2023\/10\/logo-texte-dessus-degrade.png?resize=525%2C300&ssl=1 1.5x, https:\/\/i0.wp.com\/www.reseau-to.fr\/site\/wp-content\/uploads\/2023\/10\/logo-texte-dessus-degrade.png?resize=700%2C400&ssl=1 2x, https:\/\/i0.wp.com\/www.reseau-to.fr\/site\/wp-content\/uploads\/2023\/10\/logo-texte-dessus-degrade.png?resize=1050%2C600&ssl=1 3x, https:\/\/i0.wp.com\/www.reseau-to.fr\/site\/wp-content\/uploads\/2023\/10\/logo-texte-dessus-degrade.png?resize=1400%2C800&ssl=1 4x"},"classes":[]},{"id":14568,"url":"https:\/\/www.reseau-to.fr\/site\/?page_id=14568","url_meta":{"origin":2712,"position":2},"title":"Rencontre du r\u00e9seau du Th\u00e9\u00e2tre de l\u2019opprim\u00e9 n\u00b0 20 &#8211; Septembre 2025","author":"Jean-Fran\u00e7ois Martel","date":"5 janvier 2026","format":false,"excerpt":"A Paris- 13\u00e8me arrondissement- Centre social Sommaire\u00a0: A- Les groupes et personnes pr\u00e9sentes B- Pr\u00e9sentation du m\u00e9moire d\u2019Armelle\u00a0: l\u2019instrumentalisation en th\u00e9\u00e2tre forum C- Th\u00e9matique du week-end\u00a0: Les commandes tordues\u00a0! D- Assembl\u00e9e g\u00e9n\u00e9rale E- Travail sur le fonctionnement du r\u00e9seau, les cotisations et les statuts F- Les prochaines rencontres G- \u00c9change\u2026","rel":"","context":"Article similaire","block_context":{"text":"Article similaire","link":""},"img":{"alt_text":"","src":"https:\/\/i0.wp.com\/www.reseau-to.fr\/site\/wp-content\/uploads\/2025\/12\/20250927_171942.jpg?resize=350%2C200","width":350,"height":200,"srcset":"https:\/\/i0.wp.com\/www.reseau-to.fr\/site\/wp-content\/uploads\/2025\/12\/20250927_171942.jpg?resize=350%2C200 1x, https:\/\/i0.wp.com\/www.reseau-to.fr\/site\/wp-content\/uploads\/2025\/12\/20250927_171942.jpg?resize=525%2C300 1.5x, https:\/\/i0.wp.com\/www.reseau-to.fr\/site\/wp-content\/uploads\/2025\/12\/20250927_171942.jpg?resize=700%2C400 2x"},"classes":[]},{"id":14571,"url":"https:\/\/www.reseau-to.fr\/site\/?page_id=14571","url_meta":{"origin":2712,"position":3},"title":"20e Rencontre du r\u00e9seau du Th\u00e9\u00e2tre de l\u2019opprim\u00e9 &#8211; Septembre 2025","author":"Jean-Fran\u00e7ois Martel","date":"5 janvier 2026","format":false,"excerpt":"A Paris- 13\u00e8me arrondissement- Centre social Sommaire\u00a0: A- Les groupes et personnes pr\u00e9sentes B- Pr\u00e9sentation du m\u00e9moire d\u2019Armelle\u00a0: l\u2019instrumentalisation en th\u00e9\u00e2tre forum C- Th\u00e9matique du week-end\u00a0: Les commandes tordues\u00a0! D- Assembl\u00e9e g\u00e9n\u00e9rale E- Travail sur le fonctionnement du r\u00e9seau, les cotisations et les statuts F- Les prochaines rencontres G- \u00c9change\u2026","rel":"","context":"Article similaire","block_context":{"text":"Article similaire","link":""},"img":{"alt_text":"","src":"https:\/\/i0.wp.com\/www.reseau-to.fr\/site\/wp-content\/uploads\/2025\/12\/20250927_171942.jpg?resize=350%2C200","width":350,"height":200,"srcset":"https:\/\/i0.wp.com\/www.reseau-to.fr\/site\/wp-content\/uploads\/2025\/12\/20250927_171942.jpg?resize=350%2C200 1x, https:\/\/i0.wp.com\/www.reseau-to.fr\/site\/wp-content\/uploads\/2025\/12\/20250927_171942.jpg?resize=525%2C300 1.5x, https:\/\/i0.wp.com\/www.reseau-to.fr\/site\/wp-content\/uploads\/2025\/12\/20250927_171942.jpg?resize=700%2C400 2x"},"classes":[]},{"id":192,"url":"https:\/\/www.reseau-to.fr\/site\/?page_id=192","url_meta":{"origin":2712,"position":4},"title":"3\u00e8me rencontre du r\u00e9seau","author":"Jean-Fran\u00e7ois Martel","date":"11 mars 2016","format":false,"excerpt":"3e\u0300me re\u0301union du re\u0301seau3 \u00e8me rencontre: 4\/5 oct 2014d\u00e9sol\u00e9, attention: verbatim brut de 13 pages ! sera remplac\u00e9 ci-dessous par le r\u00e9sum\u00e9 d\u00e8s que possible.Dimanche 5 octobre 2014(troisi\u00e8me rencontre du r\u00e9seau TO, deuxi\u00e8me journ\u00e9e)JeuR\u00e9flexions men\u00e9e par petits groupes sur\u00a0:\u2022\u00a0\u00a0 \u00a0Coop\u00e9ration et entraide\u2022\u00a0\u00a0 \u00a0Financement du r\u00e9seau du TO\u00a0: solidarit\u00e9 nationale \/\u2026","rel":"","context":"Article similaire","block_context":{"text":"Article similaire","link":""},"img":{"alt_text":"","src":"","width":0,"height":0},"classes":[]},{"id":197,"url":"https:\/\/www.reseau-to.fr\/site\/?page_id=197","url_meta":{"origin":2712,"position":5},"title":"4\u00e8me rencontre","author":"Jean-Fran\u00e7ois Martel","date":"11 mars 2016","format":false,"excerpt":"4\u00e8me rencontre: 28\/29 Mars 2015 ADRESSE\u00a0: La fabrique de mouvements, 5 rue de Valmy\u00a0\u00e0\u00a0Aubervilliers. Prendre le RER B jusqu\u2019\u00e0\u00a0la station Courneuve-Aubervilliers, puis 5mn de marche\u00a0\u00e0\u00a0pieds: Sortir, repasser sous les voies, prendre la premi\u00e8re rue\u00a0\u00e0\u00a0droite (un traiteur maghr\u00e9bin fait l\u2019angle) et marcher tout droit jusqu\u2019au lieu (attention la rue de Valmy\u2026","rel":"","context":"Article similaire","block_context":{"text":"Article similaire","link":""},"img":{"alt_text":"","src":"","width":0,"height":0},"classes":[]}],"_links":{"self":[{"href":"https:\/\/www.reseau-to.fr\/site\/index.php?rest_route=\/wp\/v2\/pages\/2712","targetHints":{"allow":["GET"]}}],"collection":[{"href":"https:\/\/www.reseau-to.fr\/site\/index.php?rest_route=\/wp\/v2\/pages"}],"about":[{"href":"https:\/\/www.reseau-to.fr\/site\/index.php?rest_route=\/wp\/v2\/types\/page"}],"author":[{"embeddable":true,"href":"https:\/\/www.reseau-to.fr\/site\/index.php?rest_route=\/wp\/v2\/users\/5"}],"replies":[{"embeddable":true,"href":"https:\/\/www.reseau-to.fr\/site\/index.php?rest_route=%2Fwp%2Fv2%2Fcomments&post=2712"}],"version-history":[{"count":4,"href":"https:\/\/www.reseau-to.fr\/site\/index.php?rest_route=\/wp\/v2\/pages\/2712\/revisions"}],"predecessor-version":[{"id":4482,"href":"https:\/\/www.reseau-to.fr\/site\/index.php?rest_route=\/wp\/v2\/pages\/2712\/revisions\/4482"}],"wp:attachment":[{"href":"https:\/\/www.reseau-to.fr\/site\/index.php?rest_route=%2Fwp%2Fv2%2Fmedia&parent=2712"}],"curies":[{"name":"wp","href":"https:\/\/api.w.org\/{rel}","templated":true}]}}