{"id":2633,"date":"2019-02-07T16:00:56","date_gmt":"2019-02-07T15:00:56","guid":{"rendered":"http:\/\/www.reseau-to.fr\/site\/?page_id=2633"},"modified":"2019-02-07T18:03:16","modified_gmt":"2019-02-07T17:03:16","slug":"lebulition","status":"publish","type":"page","link":"https:\/\/www.reseau-to.fr\/site\/?page_id=2633","title":{"rendered":"L&rsquo;Ebullition"},"content":{"rendered":"\t\t<div data-elementor-type=\"wp-post\" data-elementor-id=\"2633\" class=\"elementor elementor-2633 elementor-bc-flex-widget\">\n\t\t\t\t\t\t<section class=\"elementor-section elementor-top-section elementor-element elementor-element-ea78f3e elementor-section-boxed elementor-section-height-default elementor-section-height-default\" data-id=\"ea78f3e\" data-element_type=\"section\" data-e-type=\"section\">\n\t\t\t\t\t\t<div class=\"elementor-container elementor-column-gap-default\">\n\t\t\t\t\t<div class=\"elementor-column elementor-col-100 elementor-top-column elementor-element elementor-element-7454ce6\" data-id=\"7454ce6\" data-element_type=\"column\" data-e-type=\"column\">\n\t\t\t<div class=\"elementor-widget-wrap elementor-element-populated\">\n\t\t\t\t\t\t<div class=\"elementor-element elementor-element-ad3bac6 elementor-widget elementor-widget-image\" data-id=\"ad3bac6\" data-element_type=\"widget\" data-e-type=\"widget\" data-widget_type=\"image.default\">\n\t\t\t\t<div class=\"elementor-widget-container\">\n\t\t\t\t\t\t\t\t\t\t\t\t\t\t\t<img fetchpriority=\"high\" decoding=\"async\" data-attachment-id=\"2625\" data-permalink=\"https:\/\/www.reseau-to.fr\/site\/?attachment_id=2625\" data-orig-file=\"https:\/\/i0.wp.com\/www.reseau-to.fr\/site\/wp-content\/uploads\/2019\/02\/Lebullition.jpg?fit=1755%2C1240&amp;ssl=1\" data-orig-size=\"1755,1240\" data-comments-opened=\"1\" data-image-meta=\"{&quot;aperture&quot;:&quot;0&quot;,&quot;credit&quot;:&quot;&quot;,&quot;camera&quot;:&quot;&quot;,&quot;caption&quot;:&quot;&quot;,&quot;created_timestamp&quot;:&quot;1511958369&quot;,&quot;copyright&quot;:&quot;&quot;,&quot;focal_length&quot;:&quot;0&quot;,&quot;iso&quot;:&quot;0&quot;,&quot;shutter_speed&quot;:&quot;0&quot;,&quot;title&quot;:&quot;&quot;,&quot;orientation&quot;:&quot;0&quot;}\" data-image-title=\"Lebullition\" data-image-description=\"\" data-image-caption=\"\" data-large-file=\"https:\/\/i0.wp.com\/www.reseau-to.fr\/site\/wp-content\/uploads\/2019\/02\/Lebullition.jpg?fit=604%2C427&amp;ssl=1\" width=\"604\" height=\"427\" src=\"https:\/\/i0.wp.com\/www.reseau-to.fr\/site\/wp-content\/uploads\/2019\/02\/Lebullition.jpg?fit=604%2C427&amp;ssl=1\" class=\"attachment-medium_large size-medium_large wp-image-2625\" alt=\"\" srcset=\"https:\/\/i0.wp.com\/www.reseau-to.fr\/site\/wp-content\/uploads\/2019\/02\/Lebullition.jpg?w=1755&amp;ssl=1 1755w, https:\/\/i0.wp.com\/www.reseau-to.fr\/site\/wp-content\/uploads\/2019\/02\/Lebullition.jpg?resize=300%2C212&amp;ssl=1 300w, https:\/\/i0.wp.com\/www.reseau-to.fr\/site\/wp-content\/uploads\/2019\/02\/Lebullition.jpg?resize=768%2C543&amp;ssl=1 768w, https:\/\/i0.wp.com\/www.reseau-to.fr\/site\/wp-content\/uploads\/2019\/02\/Lebullition.jpg?resize=1024%2C724&amp;ssl=1 1024w, https:\/\/i0.wp.com\/www.reseau-to.fr\/site\/wp-content\/uploads\/2019\/02\/Lebullition.jpg?resize=600%2C424&amp;ssl=1 600w, https:\/\/i0.wp.com\/www.reseau-to.fr\/site\/wp-content\/uploads\/2019\/02\/Lebullition.jpg?resize=1320%2C933&amp;ssl=1 1320w, https:\/\/i0.wp.com\/www.reseau-to.fr\/site\/wp-content\/uploads\/2019\/02\/Lebullition.jpg?w=1208&amp;ssl=1 1208w\" sizes=\"(max-width: 604px) 100vw, 604px\" data-attachment-id=\"2625\" data-permalink=\"https:\/\/www.reseau-to.fr\/site\/?attachment_id=2625\" data-orig-file=\"https:\/\/i0.wp.com\/www.reseau-to.fr\/site\/wp-content\/uploads\/2019\/02\/Lebullition.jpg?fit=1755%2C1240&amp;ssl=1\" data-orig-size=\"1755,1240\" data-comments-opened=\"1\" data-image-meta=\"{&quot;aperture&quot;:&quot;0&quot;,&quot;credit&quot;:&quot;&quot;,&quot;camera&quot;:&quot;&quot;,&quot;caption&quot;:&quot;&quot;,&quot;created_timestamp&quot;:&quot;1511958369&quot;,&quot;copyright&quot;:&quot;&quot;,&quot;focal_length&quot;:&quot;0&quot;,&quot;iso&quot;:&quot;0&quot;,&quot;shutter_speed&quot;:&quot;0&quot;,&quot;title&quot;:&quot;&quot;,&quot;orientation&quot;:&quot;0&quot;}\" data-image-title=\"Lebullition\" data-image-description=\"\" data-image-caption=\"\" data-large-file=\"https:\/\/i0.wp.com\/www.reseau-to.fr\/site\/wp-content\/uploads\/2019\/02\/Lebullition.jpg?fit=604%2C427&amp;ssl=1\" \/>\t\t\t\t\t\t\t\t\t\t\t\t\t\t\t<\/div>\n\t\t\t\t<\/div>\n\t\t\t\t\t<\/div>\n\t\t<\/div>\n\t\t\t\t\t<\/div>\n\t\t<\/section>\n\t\t\t\t<section class=\"elementor-section elementor-top-section elementor-element elementor-element-67d823a elementor-section-boxed elementor-section-height-default elementor-section-height-default\" data-id=\"67d823a\" data-element_type=\"section\" data-e-type=\"section\">\n\t\t\t\t\t\t<div class=\"elementor-container elementor-column-gap-default\">\n\t\t\t\t\t<div class=\"elementor-column elementor-col-100 elementor-top-column elementor-element elementor-element-01e126f\" data-id=\"01e126f\" data-element_type=\"column\" data-e-type=\"column\">\n\t\t\t<div class=\"elementor-widget-wrap elementor-element-populated\">\n\t\t\t\t\t\t<div class=\"elementor-element elementor-element-e65d0f0 elementor-widget elementor-widget-text-editor\" data-id=\"e65d0f0\" data-element_type=\"widget\" data-e-type=\"widget\" data-widget_type=\"text-editor.default\">\n\t\t\t\t<div class=\"elementor-widget-container\">\n\t\t\t\t\t\t\t\t\t<p>L\u2019Ebullition est une association d\u2019\u00e9ducation populaire implant\u00e9e dans un quartier populaire \u00e0 Romans-sur-Is\u00e8re (Dr\u00f4me). Les trois salari\u00e9es de L\u2019Ebullition proposent des formations pour transmettre les outils du Th\u00e9\u00e2tre de l\u2019Opprim\u00e9. L\u2019association accompagne aussi des groupes de personnes dans le processus de cr\u00e9ation de mod\u00e8les \u00e0 partir des oppressions qu\u2019elles vivent : les sayn\u00e8tes sont ensuite jou\u00e9es devant des publics concern\u00e9s. Enfin, nous utilisons l\u2019outil du th\u00e9\u00e2tre-forum en coll\u00e8ges et lyc\u00e9es pour susciter la r\u00e9flexion concernant les discriminations\u2026 Toutes nos formations et actions se trouvent \u00e0 l&rsquo;onglet \u00ab\u00a0calendriers des groupes\u00a0\u00bb de ce site. \u00a0 <\/p>\t\t\t\t\t\t\t\t<\/div>\n\t\t\t\t<\/div>\n\t\t\t\t\t<\/div>\n\t\t<\/div>\n\t\t\t\t\t<\/div>\n\t\t<\/section>\n\t\t\t\t<\/div>\n\t\t","protected":false},"excerpt":{"rendered":"<p>L\u2019Ebullition est une association d\u2019\u00e9ducation populaire implant\u00e9e dans un quartier populaire \u00e0 Romans-sur-Is\u00e8re (Dr\u00f4me). Les trois salari\u00e9es de L\u2019Ebullition proposent des formations pour transmettre les outils du Th\u00e9\u00e2tre de l\u2019Opprim\u00e9. L\u2019association accompagne aussi des groupes de personnes dans le processus de cr\u00e9ation de mod\u00e8les \u00e0 partir des oppressions qu\u2019elles vivent : les sayn\u00e8tes sont ensuite &hellip; <a href=\"https:\/\/www.reseau-to.fr\/site\/?page_id=2633\" class=\"more-link\">Continuer la lecture de <span class=\"screen-reader-text\">L&rsquo;Ebullition<\/span> <span class=\"meta-nav\">&rarr;<\/span><\/a><\/p>\n","protected":false},"author":5,"featured_media":0,"parent":0,"menu_order":0,"comment_status":"closed","ping_status":"closed","template":"","meta":{"jetpack_post_was_ever_published":false,"footnotes":""},"class_list":["post-2633","page","type-page","status-publish","hentry"],"jetpack_sharing_enabled":true,"jetpack_shortlink":"https:\/\/wp.me\/ParR3h-Gt","jetpack-related-posts":[{"id":6,"url":"https:\/\/www.reseau-to.fr\/site\/?page_id=6","url_meta":{"origin":2633,"position":0},"title":"Groupes du r\u00e9seau T.O.","author":"R\u00e9mi","date":"24 mars 2015","format":false,"excerpt":"le R\u00e9seau - Th\u00e9\u00e2tre de l'opprim\u00e9 \u00a0propose \u00e0 des groupes de Th\u00e9\u00e2tre de l'Opprim\u00e9 de France, de toutes tailles, de se rencontrer et de coop\u00e9rer. La base de notre rencontre est expos\u00e9e dans un texte \u00e9volutif, consultable sous l'index: \"textes de base\". Notre premi\u00e8re rencontre a eu lieu d\u00e9but novembre\u2026","rel":"","context":"Article similaire","block_context":{"text":"Article similaire","link":""},"img":{"alt_text":"","src":"","width":0,"height":0},"classes":[]},{"id":3451,"url":"https:\/\/www.reseau-to.fr\/site\/?page_id=3451","url_meta":{"origin":2633,"position":1},"title":"Spectacles des groupes","author":"R\u00e9mi","date":"5 septembre 2019","format":false,"excerpt":"V oir plus de dates ?\u00a0 Cliquez sur la carteet retrouvez les groupes de votre r\u00e9gion. www.coteact.com Montpellier. Anne Berchon +33607379306 berchon@coteact.comM. Boucher 0626037403 mathilde@communicactrice.frl'babitat parrtag\u00e9 dans tous ses \u00e9tats jeudi 3 octobre de19h \u00e0 20h30 espace Morastel \u00e0 Mauguio. (p\u00e9riph\u00e9rie de Montpellier) L\u2019Ebullition\u00a0 (Romans) Dr\u00f4me, membre adh\u00e9rent. Cl\u00e9mence Emprin\u2026","rel":"","context":"Article similaire","block_context":{"text":"Article similaire","link":""},"img":{"alt_text":"","src":"https:\/\/i0.wp.com\/www.reseau-to.fr\/site\/wp-content\/uploads\/2024\/03\/Capture-decran-2024-03-08-a-10.47.05.png?resize=350%2C200&ssl=1","width":350,"height":200},"classes":[]},{"id":2712,"url":"https:\/\/www.reseau-to.fr\/site\/?page_id=2712","url_meta":{"origin":2633,"position":2},"title":"Association Si les sardines avaient des ailes","author":"R\u00e9mi","date":"8 f\u00e9vrier 2019","format":false,"excerpt":"Si les sardines avaient des ailes est une association qui d\u00e9veloppe la pratique du Th\u00e9\u00e2tre de l'Opprim\u00e9 et du Clown- acteur social en Bretagne, en France et \u00e0 l'international. Elle a pour but de promouvoir le Th\u00e9\u00e2tre de l'Opprim\u00e9 sous toutes ses formes : th\u00e9\u00e2tre-image, th\u00e9\u00e2tre-forum, techniques introspectives, clown acteur\u2026","rel":"","context":"Article similaire","block_context":{"text":"Article similaire","link":""},"img":{"alt_text":"","src":"https:\/\/i0.wp.com\/www.reseau-to.fr\/site\/wp-content\/uploads\/2019\/02\/Isologo_couleur_BD-1024x595.jpg?resize=350%2C200&ssl=1","width":350,"height":200,"srcset":"https:\/\/i0.wp.com\/www.reseau-to.fr\/site\/wp-content\/uploads\/2019\/02\/Isologo_couleur_BD-1024x595.jpg?resize=350%2C200&ssl=1 1x, https:\/\/i0.wp.com\/www.reseau-to.fr\/site\/wp-content\/uploads\/2019\/02\/Isologo_couleur_BD-1024x595.jpg?resize=525%2C300&ssl=1 1.5x"},"classes":[]},{"id":1575,"url":"https:\/\/www.reseau-to.fr\/site\/?page_id=1575","url_meta":{"origin":2633,"position":3},"title":"Groupes du R\u00e9seau &#8211; TO","author":"R\u00e9mi","date":"1 d\u00e9cembre 2017","format":false,"excerpt":"CERTAINS GROUPES INTERVIENNENT SURTOUT DANS\u00a0 LEUR REGION. Naje travaille dans toute la France. D'autres se d\u00e9placent facilement :T'OP! Ficelle, Si Les Sardines, Folies passag\u00e8res...CARTE INTERACTIVE DES GROUPES PAR REGION. Sur la carte, survolez une r\u00e9gion : vous affichez les groupes de la r\u00e9gion.Cliquez sur une localit\u00e9: voyez la description du\u2026","rel":"","context":"Article similaire","block_context":{"text":"Article similaire","link":""},"img":{"alt_text":"","src":"https:\/\/i0.wp.com\/www.reseau-to.fr\/site\/wp-content\/uploads\/2023\/10\/logo-texte-dessus-degrade.png?resize=350%2C200&ssl=1","width":350,"height":200,"srcset":"https:\/\/i0.wp.com\/www.reseau-to.fr\/site\/wp-content\/uploads\/2023\/10\/logo-texte-dessus-degrade.png?resize=350%2C200&ssl=1 1x, https:\/\/i0.wp.com\/www.reseau-to.fr\/site\/wp-content\/uploads\/2023\/10\/logo-texte-dessus-degrade.png?resize=525%2C300&ssl=1 1.5x, https:\/\/i0.wp.com\/www.reseau-to.fr\/site\/wp-content\/uploads\/2023\/10\/logo-texte-dessus-degrade.png?resize=700%2C400&ssl=1 2x, https:\/\/i0.wp.com\/www.reseau-to.fr\/site\/wp-content\/uploads\/2023\/10\/logo-texte-dessus-degrade.png?resize=1050%2C600&ssl=1 3x, https:\/\/i0.wp.com\/www.reseau-to.fr\/site\/wp-content\/uploads\/2023\/10\/logo-texte-dessus-degrade.png?resize=1400%2C800&ssl=1 4x"},"classes":[]},{"id":212,"url":"https:\/\/www.reseau-to.fr\/site\/?page_id=212","url_meta":{"origin":2633,"position":4},"title":"4\u00e8me rencontre: le dimanche","author":"Jean-Fran\u00e7ois Martel","date":"11 mars 2016","format":false,"excerpt":"Rencontre du r\u00e9seau TO: Dimanche 29 mars 2015 (en PJ \u00e9galement) 1)Th\u00e9\u00e2tre invisible, 2) communication, 3) prochaine date, 4) atelier \"images projet\u00e9es\". Th\u00e9\u00e2tre invisible: r\u00e9sum\u00e9 des \u00e9changes anim\u00e9s par Nicole Constat: Quelques uns ont essay\u00e9 d'en cr\u00e9er en stage, peu nombreux ont pratiqu\u00e9. Nous commen\u00e7ons par quelques r\u00e9cits de th\u00e9\u00e2tres\u2026","rel":"","context":"Article similaire","block_context":{"text":"Article similaire","link":""},"img":{"alt_text":"","src":"","width":0,"height":0},"classes":[]},{"id":192,"url":"https:\/\/www.reseau-to.fr\/site\/?page_id=192","url_meta":{"origin":2633,"position":5},"title":"3\u00e8me rencontre du r\u00e9seau","author":"Jean-Fran\u00e7ois Martel","date":"11 mars 2016","format":false,"excerpt":"3e\u0300me re\u0301union du re\u0301seau3 \u00e8me rencontre: 4\/5 oct 2014d\u00e9sol\u00e9, attention: verbatim brut de 13 pages ! sera remplac\u00e9 ci-dessous par le r\u00e9sum\u00e9 d\u00e8s que possible.Dimanche 5 octobre 2014(troisi\u00e8me rencontre du r\u00e9seau TO, deuxi\u00e8me journ\u00e9e)JeuR\u00e9flexions men\u00e9e par petits groupes sur\u00a0:\u2022\u00a0\u00a0 \u00a0Coop\u00e9ration et entraide\u2022\u00a0\u00a0 \u00a0Financement du r\u00e9seau du TO\u00a0: solidarit\u00e9 nationale \/\u2026","rel":"","context":"Article similaire","block_context":{"text":"Article similaire","link":""},"img":{"alt_text":"","src":"","width":0,"height":0},"classes":[]}],"_links":{"self":[{"href":"https:\/\/www.reseau-to.fr\/site\/index.php?rest_route=\/wp\/v2\/pages\/2633","targetHints":{"allow":["GET"]}}],"collection":[{"href":"https:\/\/www.reseau-to.fr\/site\/index.php?rest_route=\/wp\/v2\/pages"}],"about":[{"href":"https:\/\/www.reseau-to.fr\/site\/index.php?rest_route=\/wp\/v2\/types\/page"}],"author":[{"embeddable":true,"href":"https:\/\/www.reseau-to.fr\/site\/index.php?rest_route=\/wp\/v2\/users\/5"}],"replies":[{"embeddable":true,"href":"https:\/\/www.reseau-to.fr\/site\/index.php?rest_route=%2Fwp%2Fv2%2Fcomments&post=2633"}],"version-history":[{"count":5,"href":"https:\/\/www.reseau-to.fr\/site\/index.php?rest_route=\/wp\/v2\/pages\/2633\/revisions"}],"predecessor-version":[{"id":2651,"href":"https:\/\/www.reseau-to.fr\/site\/index.php?rest_route=\/wp\/v2\/pages\/2633\/revisions\/2651"}],"wp:attachment":[{"href":"https:\/\/www.reseau-to.fr\/site\/index.php?rest_route=%2Fwp%2Fv2%2Fmedia&parent=2633"}],"curies":[{"name":"wp","href":"https:\/\/api.w.org\/{rel}","templated":true}]}}