{"id":219,"date":"2016-03-12T13:29:32","date_gmt":"2016-03-12T12:29:32","guid":{"rendered":"http:\/\/www.reseau-to.fr\/site\/?page_id=219"},"modified":"2018-11-09T17:35:28","modified_gmt":"2018-11-09T16:35:28","slug":"seconde-rencontre-du-reseau","status":"publish","type":"page","link":"https:\/\/www.reseau-to.fr\/site\/?page_id=219","title":{"rendered":"Seconde rencontre du r\u00e9seau"},"content":{"rendered":"\t\t<div data-elementor-type=\"wp-post\" data-elementor-id=\"219\" class=\"elementor elementor-219 elementor-bc-flex-widget\">\n\t\t\t\t\t\t<section class=\"elementor-section elementor-top-section elementor-element elementor-element-e3a1e37 elementor-section-boxed elementor-section-height-default elementor-section-height-default\" data-id=\"e3a1e37\" data-element_type=\"section\" data-e-type=\"section\">\n\t\t\t\t\t\t<div class=\"elementor-container elementor-column-gap-default\">\n\t\t\t\t\t<div class=\"elementor-column elementor-col-100 elementor-top-column elementor-element elementor-element-4e24d92c\" data-id=\"4e24d92c\" data-element_type=\"column\" data-e-type=\"column\">\n\t\t\t<div class=\"elementor-widget-wrap elementor-element-populated\">\n\t\t\t\t\t\t<div class=\"elementor-element elementor-element-23be04f6 elementor-widget elementor-widget-text-editor\" data-id=\"23be04f6\" data-element_type=\"widget\" data-e-type=\"widget\" data-widget_type=\"text-editor.default\">\n\t\t\t\t<div class=\"elementor-widget-container\">\n\t\t\t\t\t\t\t\t\t<p>RESUME DE LA 2\u00e8me rencontre RESEAU TO 15 mars 2014 PARIS<\/p><p>Pour \u00e9crire \u00e0 tous, une seule adresse: \u00a0participants@listes.reseau-to.fr<br \/>4 r\u00e8gles d&rsquo;utilisation:<\/p><ul><li>Utiliser cet alias pour diffuser newsletters, spectacles, questions et propositions.<\/li><li>Mettre toujours un \u00ab\u00a0objet\u00a0\u00bb bien clair<\/li><li>N&rsquo;envoyer que des infos, textes, questions ou avis qui concernent tout le monde.<\/li><li>N&rsquo;utiliser cette adresse que pour des infos concernant directement le TO.<\/li><\/ul><p>Pour tout le reste: utiliser les adresses persos que chacun a re\u00e7ues.<br \/>(mail du 27\/4 10h39 envoy\u00e9 par jf.martel).<\/p><p>\u00c0 suivre : le tableau des groupes avec leurs sites et leurs descriptions.<\/p><p>Ci-dessous: le r\u00e9sum\u00e9 du 15 mars,<br \/>\u00e0 suivre : le verbatim complet.<\/p><p>10h Pr\u00e9sentation des 15 groupes et des 27 individus.<br \/>Rappel du cadre<\/p><p>11 groupes \u00e9taient d\u00e9j\u00e0 pr\u00e9sents \u00e0 Lille le 2 nov. 15 le sont aujourd&rsquo;hui. 3 autres groupes sont int\u00e9ress\u00e9s: Th\u00e9\u00e2tre en Mouvement (Annie Quentin), miss Griff (Nicole Charpail), Actor (Sabine Bailly, Rennes). Il n&rsquo;y a pas eu de r\u00e9union de cette ampleur depuis le festival de Massy en 91). On cherche ce qui nous r\u00e9unit. \u00ab\u00a0on utilise le th\u00e9\u00e2tre de l\u2019opprim\u00e9 en pr\u00e9vention, en \u00e9ducation, en th\u00e9rapie, en communication; sans perdre de vue que le TO vise \u00e0 lutter contre les oppressions\u00a0\u00bb. Tiphaine donne la parole, Cl\u00e9ment note. Ils ont pr\u00e9par\u00e9 la journ\u00e9e avec JF.<\/p><p>Proposition:<\/p><ul><li>Approfondir les 7 points issus de la rencontre de nov,<\/li><li>Constituer des sous-groupes pour travailler ces points,<\/li><li>Mettre en commun, d\u00e9battre et d\u00e9cider.<br \/>TITRES DES LES 7 POINTS:<\/li><\/ul><ol><li>Charte contenu plateforme. Y ajouter quelque chose sur la posture de l\u2019animateur, et sur la proximit\u00e9 avec les mouvements sociaux.<\/li><li>P\u00e9rim\u00e8tre du r\u00e9seau. Place des individus. Mode d\u2019entr\u00e9e.<\/li><li>Connaitre ce que font les autres. \u00c9changer des com\u00e9diens, des jokers et d\u2019acteurs. Cr\u00e9er d\u2019une \u00ab\u00a0bourse du travail\u00a0\u00bb. Partage des comp\u00e9tences.<\/li><li>Les productions artistiques des groupes. les r\u00e9pertorier et aller les voir. Favoriser l\u2019analyse des pratiques, produire des \u00e9crits sur le TO.<\/li><li>Information,\u00a0 communication, en interne et en externe.<\/li><li>Financement\u00a0du r\u00e9seau. comment fait-on pour se r\u00e9unir.\u00a0 Qui paye les trajets.<\/li><li>Rencontres\u00a0: quel type de rencontres\u00a0? pour qui ? R\u00e9unions, festival, atelier, r\u00e9unions th\u00e9oriques.<\/li><\/ol><p>Questions et \u00e9clairage avant de commencer le travail en sous-groupes.<\/p><p>JF, Ammar, Potimarron : Le \u00ab\u00a0r\u00e9seau\u00a0\u00bb ne part de \u00ab\u00a0z\u00e9ro\u00a0\u00bb\u00a0: il existe d\u00e9j\u00e0 de mani\u00e8re informelle. des liens existent (\u00e0 lister). Deux rencontres Nord\/Sud organis\u00e9es en 2 ans \u00e0 Strasbourg.<\/p><p>Mounir travaille\u00a0 dans diff\u00e9rents groupes.<br \/>Il rappelle la diff\u00e9rence entre \u00ab\u00a0aller dans un groupe pour y chercher ce qui ne fonctionne pas\u00a0\u00bb et \u00a0\u00bb aller dans un groupe pour voir ce qu\u2019il peut nous apporter\u00a0\u00bb.<\/p><p>Pascal et G\u00e9raldine parlent des liens internationaux qui existent avec certains groupes.<\/p><p>Ammar rappelle les diff\u00e9rences g\u00e9n\u00e9rationnelles dans cette r\u00e9union.<\/p><p>Claudia affirme l\u2019importance d\u2019avoir des discussions, un travail th\u00e9orique, pour poursuivre les livres de Boal. JF: ne pas se contenter de se r\u00e9f\u00e9rer aux \u00e9crits de Boal comme \u00e0 une bible.<\/p><p>Fabienne rappelle qu&rsquo;un intermittent ne peut pas ne travailler que dans une seule structure. D&rsquo;o\u00f9 l&rsquo;int\u00e9r\u00eat de trouver des cachets d\u2019intermittences au sein du r\u00e9seau.<\/p><p>JP\u00a0cherche \u00e0 ouvrir son milieu d&rsquo;intervention \u00e0 d\u2019autres. Cela pourrait rentrer dans le partage des formations. Emmanuelle: on parle beaucoup \u00ab\u00a0d&rsquo;outil de formation\u00a0\u00bb mais pour elle, le TO c\u2019est avant tout un outil militant. Plusieurs personnes posent alors la question\u00a0: le TO est-il un outil militant ?<\/p><p>G\u00e9raldine\u00a0a \u00e9t\u00e9 invit\u00e9e dans le r\u00e9seau par Muriel. Elle demande qui peut-on faire rentrer\u00a0?<br \/>Ammar repose la question du p\u00e9rim\u00e8tre du r\u00e9seau: certes, s\u2019appuyer sur une base, mais minimale. Fabienne a des doutes sur la pertinence de travailler en sous-groupe sur \u00ab\u00a0qui a le droit d\u2019en \u00eatre, qui n\u2019a pas le droit d\u2019en \u00eatre\u00a0\u00bb.<\/p><p>Jacqueline parle de la coop\u00e9ration, celle du Potimarron avec NAJE.<br \/>JF: \u00ab\u00a0la coop\u00e9ration plut\u00f4t que la concurrence.\u00a0\u00bb. IL cite plusieurs exemples de T&rsquo;OP!\u00a0 avec d&rsquo;autres groupes.<\/p><p>Nous d\u00e9cidons de nous r\u00e9partir en trois sous-groupes\u00a0:<br \/>Charte, p\u00e9rim\u00e8tre du r\u00e9seau (points 1 et 2)<\/p><p>coop\u00e9ration (point 3)<\/p><p>Communications (point 5)<\/p><p>Apr\u00e8s les sous-groupes, chacun part manger dans le quartier pour se retrouver \u00e0 14h30.<br \/>Pr\u00e9sentation des retours des trois groupes.<br \/>1er groupe sur la Charte\u00a0et le P\u00e9rim\u00e8tre du r\u00e9seau :<\/p><p>Le th\u00e9\u00e2tre de l\u2019opprim\u00e9 est un outil pour lutter contre les oppressions\u00a0\u00bb. Reconnaitre l\u2019h\u00e9ritage du th\u00e9\u00e2tre de l\u2019opprim\u00e9 et d\u2019Augusto Boal. Savoir dans quel but on agit: pour la transformation sociale, d&rsquo;o\u00f9 I&rsquo;importance du lien avec les mouvements sociaux. Importance de l\u2019expression artistique. Th\u00e9\u00e2tre (artistique) et opprim\u00e9 (politique).<br \/>Le groupe n\u2019a pas tranch\u00e9 sur les modes d&rsquo;entr\u00e9es dans le r\u00e9seau. Une entr\u00e9e doit se faire suite \u00e0 des rencontres, plut\u00f4t que par cooptation.<\/p><p>Discussion sur ces retours du groupe \u00ab\u00a0charte et p\u00e9rim\u00e8tre\u00a0\u00bb<br \/>JF pr\u00e9cise que personne n\u2019a \u00e9t\u00e9 exclu. Seul un groupe qu&rsquo;il avait sollicit\u00e9 a refus\u00e9 l&rsquo;invitation, n&rsquo;acceptant pas la r\u00e9f\u00e9rence \u00e0 l&rsquo;oppression. Muriel a invit\u00e9 les F\u00e9es Rosses: elles sont l\u00e0.\u00a0 D\u2019autres groupes sont bien s\u00fbr \u00ab\u00a0invitables\u00a0\u00bb.<\/p><p>Ammar: \u00ab\u00a0On peut se connaitre dans nos divergences\u00a0\u00bb. Ne passons pas\u00a0 trop de temps \u00e0 + de 20 personnes sur les textes et les mots.<br \/>Sara dit qu&rsquo;au contraire que \u00ab\u00a0les mots ont une importance\u00a0\u00bb.<br \/>Catherine\u00a0: est-ce qu\u2019on va voter sur la charte\u00a0? Pour que d&rsquo;autres ensuite\u00a0 se positionnent ?<\/p><p>JP: le cot\u00e9 subversif de la pratique du TO n\u2019est pas\u00ab\u00a0chartable\u00a0\u00bb.<\/p><p>Mounir\u00a0s\u2019inqui\u00e8te : qui d\u00e9cidera des entr\u00e9es\u00a0dans le r\u00e9seau ? Restons ouverts et modestes, ne soyons pas\u00a0 inquiets d\u2019avance.<\/p><p>Bastien et JP rappellent l\u2019importance de se r\u00e9f\u00e9rer \u00e0\u00a0 l\u2019histoire du TO.<br \/>Sara, Mounir, JF, Jacqueline\u2026 puis: laissons nous du temps pour modifier le texte de base.<\/p><p>D\u00e9cision:\u00a0 Les propositions de modification ou de compl\u00e9ment du texte\u00a0 \u00ab\u00a0charte de base \u00a0\u00bb doivent \u00eatre envoy\u00e9es \u00e0 JF, Bastien, et G\u00e9raldine.<br \/>2\u00e8me sous-groupe\u00a0: la coop\u00e9ration<br \/>Qu\u2019a-t-on envie de partager ? Comment cr\u00e9e-t-on un \u00ab\u00a0d\u00e9sir de groupe\u00a0\u00bb\u00a0?<br \/>restons concrets et pragmatiques.<br \/>Il est possible (\u00e7a existe d\u00e9j\u00e0) de faire des \u00e9changes de com\u00e9diens.<br \/>Questions:<\/p><ul><li>Cr\u00e9er une pi\u00e8ce tous ensemble ? sur des th\u00e8mes f\u00e9d\u00e9rateurs: le sexisme et le racisme).<\/li><li>Cr\u00e9er une oop\u00e9ration administrative)<\/li><li>Accueillir d&rsquo;autres personnes dans le travail de chaque groupe\u00a0?<\/li><li>\u00c9change de com\u00e9diens et de jokers ?<\/li><li>Transfert et partage de comp\u00e9tences: faire venir une personne, soit pour nous former, soit\u00a0 pour faire le boulot.<\/li><li>Le r\u00e9seau pourrait aussi permettre d\u2019appuyer des luttes<\/li><li>Importance d\u2019aller voir ce que les autres font.<\/li><\/ul><p>Discussion sur la coop\u00e9ration<br \/>Marion\u00a0: TB = \u00e9changes entre les groupes, aller voir les TF des autres, partager les questions rencontr\u00e9es dans les stages, organiser l\u2019offre et la demande de stages.<\/p><p>Discussion sur la cr\u00e9ation collective<\/p><ul><li>Pour JF, c&rsquo;est un objectif pr\u00e9matur\u00e9. Commen\u00e7ons par aller voir les repr\u00e9sentations des autres.<\/li><li>Accord de plusieurs personnes, mais Pascal pense qu&rsquo;il faut d\u2019abord travailler ensemble m\u00eame si c\u2019est pas facile.<\/li><li>G\u00e9raldine propose pour la\u00a0 prochaine rencontre: Une journ\u00e9e de discussion et une journ\u00e9e de cr\u00e9ation (atelier).<\/li><li>Sara propose de faire cette rencontre sous la forme d\u2019un petit festival avec des habitants.<\/li><li>Bastien donne l\u2019exemple de \u00ab\u00a0together\u00a0\u00bb (projet europ\u00e9en) \u00e7a co\u00fbte de l\u2019argent, c\u2019est possible\u00a0 mais \u00e7a prend du temps.<\/li><li>Pour Ammar\u00a0la coop\u00e9ration = \u00ab\u00a0contacts et \u00e9changes entre diff\u00e9rentes personnes et entit\u00e9s\u00a0\u00bb. \u00ab c\u2019est diff\u00e9rent d\u2019une internationale ou d&rsquo;une f\u00e9d\u00e9ration. Pas favorable \u00e0 une cr\u00e9ation collective.<\/li><li>Charlotte\u00a0propose une cr\u00e9ation collective que chaque groupe pourrait ensuite repr\u00e9senter chez lui.<\/li><li>Muriel\u00a0insiste sur le lien entre la formation et les \u00e9changes. Dans une cr\u00e9ation collective (en 2 ans?) le r\u00e9seau du TO pourrait s\u2019impliquer dans une mobilisation.<\/li><li>Jacqueline pose la question du financement d\u2019une telle cr\u00e9ation.<\/li><li>Fabienne\u00a0: Naje a un texte qui est en cours sur la participation des habitants. Pourquoi ne pas utiliser le r\u00e9seau pour faire une proposition collective?<br \/>Fab propose de nouveau une coop\u00e9ration administrative.<br \/>pour JF recensons d&rsquo;abord nos Th\u00e9\u00e2tre Forums, afin de conna\u00eetre concr\u00e8tement ce qui se fait. C&rsquo;est une \u00e9tape avant la cr\u00e9ation. \u00ab\u00a0Prenons ce qui existe et essayons de l\u2019am\u00e9liorer\u00a0\u00bb.<br \/>Pour Fabienne\u00a0le r\u00e9seau pourrait faire des demandes nationales ou de projet europ\u00e9en,\u00a0 aupr\u00e8s d\u2019un minist\u00e8re ET dans plusieurs r\u00e9gions de France.<\/li><\/ul><p>3\u00e8me groupe\u00a0: la communication.<br \/>Comment communiquer entre nous et vers l&rsquo;ext\u00e9rieur ?\u00a0\u00bb<\/p><p>\u00ab\u00a0\u00c9tablir une liste des personnes, une liste des groupes, assez d\u00e9taill\u00e9es, avec une personne r\u00e9f\u00e9rente par groupe.<br \/>Eviter l\u2019abondance de mails, pour ne pas surcharger les bo\u00eetes.<br \/>Bien pr\u00e9ciser l\u2019objet de chaque mail: chacun pourra alors d\u00e9cider de l&rsquo;ouvrir ou non.<br \/>Cr\u00e9er un forum de discussion sur internet, pour \u00e9changer sur les questions li\u00e9es \u00e0 nos pratiques.<br \/>Ouvrir ce forum au public, mais dans un second temps.<br \/>Cr\u00e9er une page commune aux groupes du r\u00e9seau sur Facebook pour la publication d\u2019informations.<\/p><p style=\"text-align: center;\">Discussion sur la communication<\/p><p>Fabienne\u00a0pense qu\u2019il serait g\u00e9nial de cr\u00e9er un agenda commun pour la visibilit\u00e9: \u00ab\u00a0il y a du Th\u00e9\u00e2tre de l\u2019opprim\u00e9 tout le temps, partout en France\u00a0\u00bb !<br \/>D\u00e9cision:\u00a0 JF et Ammar sont d\u2019accord pour s\u2019occuper bient\u00f4t de la cr\u00e9ation d\u2019un site, d&rsquo;un forum, d&rsquo;une adresse, etc&#8230;<\/p><p>Bilan\u00a0 en grand groupe:\u00a0 ce qui reste \u00e0 voir et d\u00e9cisions<\/p><p>Prochaine rencontre: quand ? Dur\u00e9e? o\u00f9 ? Qui l\u2019organise\u00a0?<\/p><p>JP: une rencontre pr\u00e9sent\u00e9e sous forme de stage ? (pour la financer).<br \/>Marion: Si un groupe organise un \u00e9v\u00e8nement en 2014, que la rencontre se greffe dessus.<br \/>Fabienne propose octobre \u00e0 Aubervilliers<br \/>Muriel propose le 25 novembre\u00a0\u00ab\u00a0 journ\u00e9e des violences faites aux femmes\u00a0\u00bb<br \/>Pascal propose 2 \u00e0 4 jours en sept, \u00e0 Saint Rapha\u00ebl<br \/>Ammar parle de rationalit\u00e9 \u00e9conomique, JF:\u00a0 venir ici, \u00e0 Paris a co\u00fbt\u00e9 + ou &#8211; 2000 \u20ac au total<br \/>Tiphaine: ces d\u00e9penses ne sont pas collectivis\u00e9es. Pas toujours \u00e0 Paris. (La pr\u00e9c\u00e9dente \u00e9tait \u00e0 Lille) Pour Fabienne, il serait normal de faire une caisse commune pour partager les trajets.<\/p><p>2 ,3, 4 jours?\u00a0\u00a0 le week-end ? en semaine ? o\u00f9 ? On vote. D\u00e9cision :<br \/>NAJE fera un sondage pour septembre \u00e0 Aubervillers:\u00a0 2 jours, en week-end.<\/p><p>Fabienne\u00a0propose que les gens arrivent \u00e0 la rencontre avec des probl\u00e8mes (li\u00e9s \u00e0 des questions) plut\u00f4t qu&rsquo;avec des solutions.<br \/>Muriel propose d\u00e9j\u00e0 une question \u00ab\u00a0comment fait-on pour travailler avec les jeunes\u00a0\u00bb ?<br \/>G\u00e9raldine et Bastien: \u00ab\u00a0Comment on travaille avec les mouvements sociaux: comment ? et historiquement\u00a0?\u00a0\u00bb<br \/>JF\u00a0souhaite aborder \u00abcomment on peut travailler avec les formes br\u00e8ves (dans les manifs..).\u00a0\u00bb<br \/>Marion propose que ces points soient abord\u00e9s sur deux demi-journ\u00e9es. Et que les deux autres demi &#8211; journ\u00e9es soient sur des moments de r\u00e9union.<\/p><p style=\"text-align: center;\">D\u00e9cisions finales:<br \/>RENCONTRE<\/p><ul><li style=\"text-align: left;\">un week-end \u00e0 la rentr\u00e9e \u00e0 Aubervillers.<\/li><li style=\"text-align: left;\">Jean Pierre et Brigitte r\u00e9coltent les questions pour la demi-journ\u00e9e sur le travail avec les adolescents (avec la probl\u00e9matique de la pr\u00e9vention dans le TO).<\/li><li style=\"text-align: left;\">JF, G\u00e9raldine et Muriel s\u2019occupent de la demi- journ\u00e9e sur les mouvements sociaux.<\/li><li style=\"text-align: left;\">L\u2019organisation des deux autres demi-journ\u00e9es (et du financement de la r\u00e9union) : Marion et Ad\u00e9la\u00efde.<\/li><li style=\"text-align: left;\">Les propositions de modification ou de compl\u00e9ment du texte\u00a0 \u00ab\u00a0charte\u00a0\u00bb doivent \u00eatre envoy\u00e9es dans le mois \u00e0 JF, Bastien, et G\u00e9raldine.<\/li><li style=\"text-align: left;\">Communication\u00a0: Ammar et JF, pour la cr\u00e9ation d\u2019un site, Asmahan\u00a0: page Facebook. La cr\u00e9ation d&rsquo;un agenda est report\u00e9 \u00e0 la prochaine rencontre.<\/li><li style=\"text-align: left;\">Cl\u00e9ment, Tiphaine et JF envoient un compte rendu et une liste d&rsquo;e-mails.<\/li><\/ul><p>On s&rsquo;applaudit ! On a tenu les d\u00e9lais de d\u00e9but (10h), de fin (18h), et de la pause repas ! Bastien nous a fait faire un jeu de rythmes, on a gard\u00e9 le sourire, JF a pris quelques photos.<\/p><p style=\"text-align: left;\">Notes de Cl\u00e9ment, reprise des tableaux par Tiphaine, relecture et synth\u00e8se de JF.<\/p>\t\t\t\t\t\t\t\t<\/div>\n\t\t\t\t<\/div>\n\t\t\t\t\t<\/div>\n\t\t<\/div>\n\t\t\t\t\t<\/div>\n\t\t<\/section>\n\t\t\t\t<\/div>\n\t\t","protected":false},"excerpt":{"rendered":"<p>RESUME DE LA 2\u00e8me rencontre RESEAU TO 15 mars 2014 PARIS Pour \u00e9crire \u00e0 tous, une seule adresse: \u00a0participants@listes.reseau-to.fr4 r\u00e8gles d&rsquo;utilisation: Utiliser cet alias pour diffuser newsletters, spectacles, questions et propositions. Mettre toujours un \u00ab\u00a0objet\u00a0\u00bb bien clair N&rsquo;envoyer que des infos, textes, questions ou avis qui concernent tout le monde. N&rsquo;utiliser cette adresse que pour &hellip; <a href=\"https:\/\/www.reseau-to.fr\/site\/?page_id=219\" class=\"more-link\">Continuer la lecture de <span class=\"screen-reader-text\">Seconde rencontre du r\u00e9seau<\/span> <span class=\"meta-nav\">&rarr;<\/span><\/a><\/p>\n","protected":false},"author":2,"featured_media":0,"parent":60,"menu_order":4,"comment_status":"closed","ping_status":"closed","template":"","meta":{"jetpack_post_was_ever_published":false,"footnotes":""},"class_list":["post-219","page","type-page","status-publish","hentry"],"jetpack_sharing_enabled":true,"jetpack_shortlink":"https:\/\/wp.me\/ParR3h-3x","jetpack-related-posts":[{"id":2884,"url":"https:\/\/www.reseau-to.fr\/site\/?page_id=2884","url_meta":{"origin":219,"position":0},"title":"STATUTS du R\u00e9seau Th\u00e9\u00e2tre de l\u2019Opprim\u00e9","author":"R\u00e9mi","date":"30 mars 2019","format":false,"excerpt":"Article 1 : fondationIl est fond\u00e9 pour une dur\u00e9e illimit\u00e9e entre les groupes adh\u00e9rents aux pr\u00e9sents statuts une association r\u00e9gie par la loi du 1er juillet 1901 et le d\u00e9cret du 16 ao\u00fbt 1901 ayant pour titre \u00ab RESEAU du Th\u00e9\u00e2tre de l'Opprim\u00e9 \u00bb dite \u00ab R\u00e9seau T.O. \u00bbArticle 2\u2026","rel":"","context":"Article similaire","block_context":{"text":"Article similaire","link":""},"img":{"alt_text":"","src":"","width":0,"height":0},"classes":[]},{"id":1515,"url":"https:\/\/www.reseau-to.fr\/site\/?page_id=1515","url_meta":{"origin":219,"position":1},"title":"Texte d&#039;invitation \u00e0 la rencontre initiale","author":"Jean-Fran\u00e7ois Martel","date":"10 mars 2016","format":false,"excerpt":"A) 3 principes, qu\u2019en pensez-vous ? Coop\u00e9rer avec \u00a0les groupes de TO pour qui \u00ab\u00a0le th\u00e9\u00e2tre de l\u2019opprim\u00e9, c\u2019est fait pour lutter contre les oppressions\u00a0\u00bb.\u00ab\u00a0la coop\u00e9ration c\u2019est mieux que la concurrence\u00a0\u00bb, la coop\u00e9ration permet la synergie et aussi la recherche et le d\u00e9bat.Le leadership : personne, ni aucun groupe, ne\u2026","rel":"","context":"Article similaire","block_context":{"text":"Article similaire","link":""},"img":{"alt_text":"","src":"","width":0,"height":0},"classes":[]},{"id":197,"url":"https:\/\/www.reseau-to.fr\/site\/?page_id=197","url_meta":{"origin":219,"position":2},"title":"4\u00e8me rencontre","author":"Jean-Fran\u00e7ois Martel","date":"11 mars 2016","format":false,"excerpt":"4\u00e8me rencontre: 28\/29 Mars 2015 ADRESSE\u00a0: La fabrique de mouvements, 5 rue de Valmy\u00a0\u00e0\u00a0Aubervilliers. Prendre le RER B jusqu\u2019\u00e0\u00a0la station Courneuve-Aubervilliers, puis 5mn de marche\u00a0\u00e0\u00a0pieds: Sortir, repasser sous les voies, prendre la premi\u00e8re rue\u00a0\u00e0\u00a0droite (un traiteur maghr\u00e9bin fait l\u2019angle) et marcher tout droit jusqu\u2019au lieu (attention la rue de Valmy\u2026","rel":"","context":"Article similaire","block_context":{"text":"Article similaire","link":""},"img":{"alt_text":"","src":"","width":0,"height":0},"classes":[]},{"id":167,"url":"https:\/\/www.reseau-to.fr\/site\/?page_id=167","url_meta":{"origin":219,"position":3},"title":"Ordre du jour de la 6\u00e8me rencontre. 13\/3\/16","author":"Jean-Fran\u00e7ois Martel","date":"10 mars 2016","format":false,"excerpt":"ORDRE DU JOUR de la\u00a0 6\u00e8me rencontre: 13 \/3\/ 2016 Bonjour, en concertation avec les inscrits, nous avons opt\u00e9 pour UNE seule journ\u00e9e (et non deux): ce sera DIMANCHE 13 MARS de 10h \u00e0 18h. (la veille quelques uns iront dans l\u2019Oise voir deux brefs th\u00e9\u00e2tre-forum de naje). Neuf groupes\u2026","rel":"","context":"Article similaire","block_context":{"text":"Article similaire","link":""},"img":{"alt_text":"","src":"","width":0,"height":0},"classes":[]},{"id":225,"url":"https:\/\/www.reseau-to.fr\/site\/?page_id=225","url_meta":{"origin":219,"position":4},"title":"Quelques pratiques de r\u00e9seau","author":"Jean-Fran\u00e7ois Martel","date":"12 mars 2016","format":false,"excerpt":"Nous ne partons pas de rien, en terme de pratiques de \"r\u00e9seau concret\" Se rencontrer, pourquoi ? Le TO a souffert dans le pass\u00e9, de la volont\u00e9 de leadership d'un groupe ou d'une personne, de pratiques de jugement, et m\u00eame de scissions et d'exclusions. \u00a0 Mais les rencontres et les\u2026","rel":"","context":"Article similaire","block_context":{"text":"Article similaire","link":""},"img":{"alt_text":"","src":"","width":0,"height":0},"classes":[]},{"id":1249,"url":"https:\/\/www.reseau-to.fr\/site\/?page_id=1249","url_meta":{"origin":219,"position":5},"title":"Groupes du r\u00e9seau TO","author":"Jean-Fran\u00e7ois Martel","date":"1 d\u00e9cembre 2017","format":false,"excerpt":"Le r\u00e9seau - Th\u00e9\u00e2tre de l'Opprim\u00e9 propose \u00e0 des groupes de Th\u00e9\u00e2tre de l'Opprim\u00e9 de France, de toutes tailles, de se rencontrer et de coop\u00e9rer. La base de notre rencontre est expos\u00e9e dans un texte \u00e9volutif, consultable sous l'index : \"textes de base\". Notre premi\u00e8re rencontre a eu lieu d\u00e9but\u2026","rel":"","context":"Article similaire","block_context":{"text":"Article similaire","link":""},"img":{"alt_text":"","src":"","width":0,"height":0},"classes":[]}],"_links":{"self":[{"href":"https:\/\/www.reseau-to.fr\/site\/index.php?rest_route=\/wp\/v2\/pages\/219","targetHints":{"allow":["GET"]}}],"collection":[{"href":"https:\/\/www.reseau-to.fr\/site\/index.php?rest_route=\/wp\/v2\/pages"}],"about":[{"href":"https:\/\/www.reseau-to.fr\/site\/index.php?rest_route=\/wp\/v2\/types\/page"}],"author":[{"embeddable":true,"href":"https:\/\/www.reseau-to.fr\/site\/index.php?rest_route=\/wp\/v2\/users\/2"}],"replies":[{"embeddable":true,"href":"https:\/\/www.reseau-to.fr\/site\/index.php?rest_route=%2Fwp%2Fv2%2Fcomments&post=219"}],"version-history":[{"count":4,"href":"https:\/\/www.reseau-to.fr\/site\/index.php?rest_route=\/wp\/v2\/pages\/219\/revisions"}],"predecessor-version":[{"id":2341,"href":"https:\/\/www.reseau-to.fr\/site\/index.php?rest_route=\/wp\/v2\/pages\/219\/revisions\/2341"}],"up":[{"embeddable":true,"href":"https:\/\/www.reseau-to.fr\/site\/index.php?rest_route=\/wp\/v2\/pages\/60"}],"wp:attachment":[{"href":"https:\/\/www.reseau-to.fr\/site\/index.php?rest_route=%2Fwp%2Fv2%2Fmedia&parent=219"}],"curies":[{"name":"wp","href":"https:\/\/api.w.org\/{rel}","templated":true}]}}