{"id":212,"date":"2016-03-11T19:42:20","date_gmt":"2016-03-11T18:42:20","guid":{"rendered":"http:\/\/www.reseau-to.fr\/site\/?page_id=212"},"modified":"2016-04-18T08:45:32","modified_gmt":"2016-04-18T07:45:32","slug":"4eme-rencontre-le-dimanche","status":"publish","type":"page","link":"https:\/\/www.reseau-to.fr\/site\/?page_id=212","title":{"rendered":"4\u00e8me rencontre: le dimanche"},"content":{"rendered":"<p>Rencontre du r\u00e9seau TO: Dimanche 29 mars 2015 (en PJ \u00e9galement)<br \/>\n1)Th\u00e9\u00e2tre invisible, 2) communication, 3) prochaine date, 4) atelier \u00ab\u00a0images projet\u00e9es\u00a0\u00bb.<\/p>\n<p>Th\u00e9\u00e2tre invisible: r\u00e9sum\u00e9 des \u00e9changes anim\u00e9s par Nicole<br \/>\nConstat: Quelques uns ont essay\u00e9 d&rsquo;en cr\u00e9er en stage, peu nombreux ont pratiqu\u00e9. Nous commen\u00e7ons par quelques r\u00e9cits de th\u00e9\u00e2tres invisibles, en pr\u00e9sentant les buts et les difficult\u00e9s; puis la discussion s&rsquo;engage. Une des d\u00e9finitions: jouer dans un lieu public, une sc\u00e8ne d&rsquo;oppression qui a lieu habituellement sans \u00eatre remarqu\u00e9e, ni condamn\u00e9e&#8230;. mais en la rendant visible, avec le pr\u00e9-suppos\u00e9 optimiste que voyant une oppression, les gens au minimum se questionnent, ont envie d&rsquo;agir, et&#8230; s&rsquo;ils en trouvent les moyens, peuevnt se solidariser et agir ! Tout cela sans r\u00e9v\u00e9ler qu&rsquo;il s&rsquo;agit d&rsquo;une pi\u00e8ce pr\u00e9par\u00e9e \u00e0 l&rsquo;avance. Sont soulign\u00e9es les difficult\u00e9s: la difficult\u00e9 du \u00ab\u00a0nombre\u00a0\u00bb: si seulement 15 personnes voient la sc\u00e8ne, pour cr\u00e9er un mouvement il faut d\u00e9multiplier les repr\u00e9sentations et \u00eatre tr\u00e8s nombreux. Autre difficult\u00e9 : jouer des oppresseurs, (ou une victime) devant des gens qui ne savent pas qu&rsquo;on joue un personnage. (d&rsquo;o\u00f9 un besoin d&rsquo;anonymat). Troisi\u00e8me difficult\u00e9: dans les stages, beaucoup de gens jeunes sont fascin\u00e9s par cette forme de th\u00e9\u00e2tre. Mais le but n&rsquo;est pas de manipuler nos spectateurs involontaires, alors comment \u00e9viter d&rsquo;avoir une position de surplomb ? Notre but: permettre aux spectateurs de faire quelque chose dont ils pourront \u00eatre fiers, (ou pr\u00e9parer un quartier, un public, \u00e0 un \u00e9v\u00e9nement qui va avoir lieu). Last but not least: il n&rsquo;est pas s\u00fbr que le public voit une oppression dans ce que nous montrons ! Il arrive que des personnes interviennent pour renforcer le statu quo (donc l&rsquo;oppression), il faut alors s&rsquo;interroger, revoir le mod\u00e8le, et le revoir encore.<\/p>\n<p>R\u00e9sum\u00e9 des \u00e9changes sur la Communication<br \/>\nJF s&rsquo;occupe de g\u00e9rer la liste des abonn\u00e9s du \u00ab\u00a0r\u00e9seau\u00a0\u00bb. Soutenu par une asso d&rsquo;Education Populaire et par Pierre (de Li\u00e8ge).<br \/>\n-JF doit mettre la liste \u00e0 jour.<br \/>\n-Nous proposons que cette liste devienne une liste de discussion collective et pas seulement d&rsquo;information. Une \u00ab\u00a0liste de discussion\u00a0\u00bb suppose la confiance et la s\u00e9curit\u00e9: elle ne sera accessible qu&rsquo;aux participants.<br \/>\nLe but est de proposer des textes aux autres. Les discuter sur la liste, en d\u00e9battre lors des r\u00e9unions, partager des r\u00e9cits d&rsquo;exp\u00e9riences.<br \/>\nNous proposons de cr\u00e9er un site qui ne sera accessible, dans un premier temps, qu&rsquo;aux membres. Avec des rubriques (textes de fond, calendrier&#8230; Pierre peut aider \u00e0 cr\u00e9er l&rsquo;architecture). \u2028Apr\u00e8s d\u00e9bat: pas de \u00ab\u00a0mod\u00e9rateur\u00a0\u00bb \u00e0 cette liste, ni au site. Pratiquement, avancer pas \u00e0 pas, c&rsquo;est-\u00e0-dire: regarder dans les mois qui viennent ce qui s&rsquo;\u00e9crit entre nous, ne pas cr\u00e9er tous les outils d&rsquo;un coup, mais en fonction des besoins. (Et \u00e9viter de r\u00e9pondre inutilement \u00ab\u00a0\u00e0 tous\u00a0\u00bb pour ne pas encombrer la liste).<\/p>\n<p>R\u00e9sum\u00e9 de la r\u00e9flexion sur les prochaines dates:<br \/>\nLes animateurs de ce week-end (Marina et St\u00e9phane), feront un CR \u00e0 partir des notes de Sophie.<br \/>\n10 et 11 octobre, m\u00eame lieu, rencontre principalement constitu\u00e9e d&rsquo;ateliers pratiques. Elle sera pr\u00e9par\u00e9e et anim\u00e9e par Eva (d\u00e9samorces) et Julien (naje). Les propositions seront diffus\u00e9es au alentours du 10 sept.<br \/>\nQuelques th\u00e8mes propos\u00e9s:<br \/>\nmont\u00e9e du FN<br \/>\n-se montrer des bouts de Th\u00e9\u00e2tre-forum sur le th\u00e8me<br \/>\n-\u00e9laboration d&rsquo;une \u00e9bauche de th\u00e9\u00e2tre-journal sur le th\u00e8me<br \/>\n-ou \u00e9bauche d&rsquo;une sc\u00e8ne collective sur le th\u00e8me<br \/>\nou transmission de la pi\u00e8ce sur le Tafta<br \/>\nse montrer des jeux sp\u00e9cifiques, qui ont \u00e9t\u00e9 transform\u00e9s, adapt\u00e9s<br \/>\ndemi-journ\u00e9e sur les demandes formul\u00e9es au d\u00e9but du week-end.<\/p>\n<p>R\u00e9sum\u00e9 du travail d&rsquo;atelier sur les images projet\u00e9es:<br \/>\nCela nous a permis de revisiter des Images Projet\u00e9es \u00ab\u00a0traditionnelles\u00a0\u00bb, d&rsquo;en conna\u00eetre des nouvelles, de discuter de leur r\u00f4le dans nos pratiques. \u00ab\u00a0Les obstacles qui grandissent\u00a0\u00bb, \u00ab\u00a0c&rsquo;est trop tard\u00a0\u00bb \u00ab\u00a0la marche \u00e0 4\u00a0\u00bb \u00ab\u00a0main droite main gauche\u00a0\u00bb \u00ab\u00a0la poign\u00e9e de main\u00a0\u00bb \u00ab\u00a02 sur une chaise, un autre au sol\u00a0\u00bb&#8230; Le terme \u00ab\u00a0image projet\u00e9e\u00a0\u00bb d\u00e9signe une sc\u00e8ne, statique (ou mouvante mais br\u00e8ve), silencieuse (ou avec tr\u00e8s peu de mots). Cette \u00ab\u00a0image\u00a0\u00bb est support \u00e0 projections pour les personnes \u00e0 qui elle est montr\u00e9e. JF la pr\u00e9sente souvent ainsi: \u00ab\u00a0une image cr\u00e9\u00e9e au cours d&rsquo;un autre stage, et qui pourrait vous concerner\u00a0\u00bb. Cela permet de faire \u00e9merger des histoires pour ensuite cr\u00e9er des sc\u00e8nes. On peut aussi en utiliser directement certaines en spectacle. JF pr\u00e9cise qu&rsquo;il ne demande pas au groupe \u00ab\u00a0\u00e0 quoi l&rsquo;image vous fait-elle penser\u00a0\u00bb, mais \u00ab\u00a0ce que \u00e7a vous rappelle\u00a0\u00bb. Construction: pour certaines, il suffit de les sculpter pour les faire exister. Pour d&rsquo;autres, le joker peut jouer chaque r\u00f4le successivement et obtenir des volontaires l&rsquo;un apr\u00e8s l&rsquo;autre. Ensuite: faire remplacer silencieusement, puis proposer de remplacer \u00ab\u00a0en parlant\u00a0\u00bb donc en transposant dans une situation pr\u00e9cise (aux acteurs de s&rsquo;adapter !) puis dans une autre situation&#8230; Si une situation semble concerner tout le groupe: nous avons alors une sc\u00e8ne sur le th\u00e8me en question, et on peut pr\u00e9ciser, modifier les personnages et leur distribution.<br \/>\nOn peut aussi utiliser une image pour travailler les r\u00f4les d&rsquo;oppresseurs pendant le forum: JF fait alors discuter, sculpter, remplacer, les oppresseurs pour qu&rsquo;ils s&rsquo;entra\u00eenent \u00e0 cr\u00e9er des images qui d\u00e9veloppent l&rsquo;intervention du spec-acteur. (\u00e0 partir de la sc\u00e8ne des obstacles qui grandissent, notamment. L&rsquo;image de \u00ab\u00a0la poign\u00e9 de main\u00a0\u00bb permet de se poser les questions de quel est \u00ab\u00a0l&rsquo;enjeu\u00a0\u00bb, quelles sont les armes et les forces en pr\u00e9sence\u00a0\u00bb.<\/p>\n<p>Notes de Sophie. Reprises par Marina pour les notes du samedi, compl\u00e9t\u00e9es par JF pour le dimanche. R\u00e9sum\u00e9s: samedi, Marina; dimanche, JF. Relecture JF.<\/p>\n","protected":false},"excerpt":{"rendered":"<p>Rencontre du r\u00e9seau TO: Dimanche 29 mars 2015 (en PJ \u00e9galement) 1)Th\u00e9\u00e2tre invisible, 2) communication, 3) prochaine date, 4) atelier \u00ab\u00a0images projet\u00e9es\u00a0\u00bb. Th\u00e9\u00e2tre invisible: r\u00e9sum\u00e9 des \u00e9changes anim\u00e9s par Nicole Constat: Quelques uns ont essay\u00e9 d&rsquo;en cr\u00e9er en stage, peu nombreux ont pratiqu\u00e9. Nous commen\u00e7ons par quelques r\u00e9cits de th\u00e9\u00e2tres invisibles, en pr\u00e9sentant les buts &hellip; <a href=\"https:\/\/www.reseau-to.fr\/site\/?page_id=212\" class=\"more-link\">Continuer la lecture de <span class=\"screen-reader-text\">4\u00e8me rencontre: le dimanche<\/span> <span class=\"meta-nav\">&rarr;<\/span><\/a><\/p>\n","protected":false},"author":2,"featured_media":0,"parent":60,"menu_order":9,"comment_status":"closed","ping_status":"closed","template":"","meta":{"jetpack_post_was_ever_published":false,"footnotes":""},"class_list":["post-212","page","type-page","status-publish","hentry"],"jetpack_sharing_enabled":true,"jetpack_shortlink":"https:\/\/wp.me\/ParR3h-3q","jetpack-related-posts":[{"id":1515,"url":"https:\/\/www.reseau-to.fr\/site\/?page_id=1515","url_meta":{"origin":212,"position":0},"title":"Texte d&#039;invitation \u00e0 la rencontre initiale","author":"Jean-Fran\u00e7ois Martel","date":"10 mars 2016","format":false,"excerpt":"A) 3 principes, qu\u2019en pensez-vous ? Coop\u00e9rer avec \u00a0les groupes de TO pour qui \u00ab\u00a0le th\u00e9\u00e2tre de l\u2019opprim\u00e9, c\u2019est fait pour lutter contre les oppressions\u00a0\u00bb.\u00ab\u00a0la coop\u00e9ration c\u2019est mieux que la concurrence\u00a0\u00bb, la coop\u00e9ration permet la synergie et aussi la recherche et le d\u00e9bat.Le leadership : personne, ni aucun groupe, ne\u2026","rel":"","context":"Article similaire","block_context":{"text":"Article similaire","link":""},"img":{"alt_text":"","src":"","width":0,"height":0},"classes":[]},{"id":1008,"url":"https:\/\/www.reseau-to.fr\/site\/","url_meta":{"origin":212,"position":1},"title":"Pr\u00e9sentation du R\u00e9seau Th\u00e9\u00e2tre de l&rsquo;Opprim\u00e9","author":"Jean-Fran\u00e7ois Martel","date":"20 novembre 2017","format":false,"excerpt":"Le Th\u00e9\u00e2tre de l'Opprim\u00e9 est UNE METHODE,d\u00e9velopp\u00e9e par Augusto Boal,homme de th\u00e9\u00e2tre et militant politique br\u00e9silien. Le Th\u00e9\u00e2tre de l'Opprim\u00e9 est\u00a0 UN MOUVEMENT mondial, pratiqu\u00e9 dans de nombreux pays.\u00a0En France, PLUS DE\u00a0 20 EQUIPES de T.O. ont constitu\u00e9 un r\u00e9seau pour : LUTTER contre les oppressions par le th\u00e9\u00e2tre,ECHANGER et\u2026","rel":"","context":"Article similaire","block_context":{"text":"Article similaire","link":""},"img":{"alt_text":"","src":"https:\/\/i0.wp.com\/www.reseau-to.fr\/site\/wp-content\/uploads\/2017\/11\/arbre-1.png?resize=350%2C200&ssl=1","width":350,"height":200,"srcset":"https:\/\/i0.wp.com\/www.reseau-to.fr\/site\/wp-content\/uploads\/2017\/11\/arbre-1.png?resize=350%2C200&ssl=1 1x, https:\/\/i0.wp.com\/www.reseau-to.fr\/site\/wp-content\/uploads\/2017\/11\/arbre-1.png?resize=525%2C300&ssl=1 1.5x, https:\/\/i0.wp.com\/www.reseau-to.fr\/site\/wp-content\/uploads\/2017\/11\/arbre-1.png?resize=700%2C400&ssl=1 2x"},"classes":[]},{"id":225,"url":"https:\/\/www.reseau-to.fr\/site\/?page_id=225","url_meta":{"origin":212,"position":2},"title":"Quelques pratiques de r\u00e9seau","author":"Jean-Fran\u00e7ois Martel","date":"12 mars 2016","format":false,"excerpt":"Nous ne partons pas de rien, en terme de pratiques de \"r\u00e9seau concret\" Se rencontrer, pourquoi ? Le TO a souffert dans le pass\u00e9, de la volont\u00e9 de leadership d'un groupe ou d'une personne, de pratiques de jugement, et m\u00eame de scissions et d'exclusions. \u00a0 Mais les rencontres et les\u2026","rel":"","context":"Article similaire","block_context":{"text":"Article similaire","link":""},"img":{"alt_text":"","src":"","width":0,"height":0},"classes":[]},{"id":14568,"url":"https:\/\/www.reseau-to.fr\/site\/?page_id=14568","url_meta":{"origin":212,"position":3},"title":"Rencontre du r\u00e9seau du Th\u00e9\u00e2tre de l\u2019opprim\u00e9 n\u00b0 20 &#8211; Septembre 2025","author":"Jean-Fran\u00e7ois Martel","date":"5 janvier 2026","format":false,"excerpt":"A Paris- 13\u00e8me arrondissement- Centre social Sommaire\u00a0: A- Les groupes et personnes pr\u00e9sentes B- Pr\u00e9sentation du m\u00e9moire d\u2019Armelle\u00a0: l\u2019instrumentalisation en th\u00e9\u00e2tre forum C- Th\u00e9matique du week-end\u00a0: Les commandes tordues\u00a0! D- Assembl\u00e9e g\u00e9n\u00e9rale E- Travail sur le fonctionnement du r\u00e9seau, les cotisations et les statuts F- Les prochaines rencontres G- \u00c9change\u2026","rel":"","context":"Article similaire","block_context":{"text":"Article similaire","link":""},"img":{"alt_text":"","src":"https:\/\/i0.wp.com\/www.reseau-to.fr\/site\/wp-content\/uploads\/2025\/12\/20250927_171942.jpg?resize=350%2C200","width":350,"height":200,"srcset":"https:\/\/i0.wp.com\/www.reseau-to.fr\/site\/wp-content\/uploads\/2025\/12\/20250927_171942.jpg?resize=350%2C200 1x, https:\/\/i0.wp.com\/www.reseau-to.fr\/site\/wp-content\/uploads\/2025\/12\/20250927_171942.jpg?resize=525%2C300 1.5x, https:\/\/i0.wp.com\/www.reseau-to.fr\/site\/wp-content\/uploads\/2025\/12\/20250927_171942.jpg?resize=700%2C400 2x"},"classes":[]},{"id":14571,"url":"https:\/\/www.reseau-to.fr\/site\/?page_id=14571","url_meta":{"origin":212,"position":4},"title":"20e Rencontre du r\u00e9seau du Th\u00e9\u00e2tre de l\u2019opprim\u00e9 &#8211; Septembre 2025","author":"Jean-Fran\u00e7ois Martel","date":"5 janvier 2026","format":false,"excerpt":"A Paris- 13\u00e8me arrondissement- Centre social Sommaire\u00a0: A- Les groupes et personnes pr\u00e9sentes B- Pr\u00e9sentation du m\u00e9moire d\u2019Armelle\u00a0: l\u2019instrumentalisation en th\u00e9\u00e2tre forum C- Th\u00e9matique du week-end\u00a0: Les commandes tordues\u00a0! D- Assembl\u00e9e g\u00e9n\u00e9rale E- Travail sur le fonctionnement du r\u00e9seau, les cotisations et les statuts F- Les prochaines rencontres G- \u00c9change\u2026","rel":"","context":"Article similaire","block_context":{"text":"Article similaire","link":""},"img":{"alt_text":"","src":"https:\/\/i0.wp.com\/www.reseau-to.fr\/site\/wp-content\/uploads\/2025\/12\/20250927_171942.jpg?resize=350%2C200","width":350,"height":200,"srcset":"https:\/\/i0.wp.com\/www.reseau-to.fr\/site\/wp-content\/uploads\/2025\/12\/20250927_171942.jpg?resize=350%2C200 1x, https:\/\/i0.wp.com\/www.reseau-to.fr\/site\/wp-content\/uploads\/2025\/12\/20250927_171942.jpg?resize=525%2C300 1.5x, https:\/\/i0.wp.com\/www.reseau-to.fr\/site\/wp-content\/uploads\/2025\/12\/20250927_171942.jpg?resize=700%2C400 2x"},"classes":[]},{"id":219,"url":"https:\/\/www.reseau-to.fr\/site\/?page_id=219","url_meta":{"origin":212,"position":5},"title":"Seconde rencontre du r\u00e9seau","author":"Jean-Fran\u00e7ois Martel","date":"12 mars 2016","format":false,"excerpt":"RESUME DE LA 2\u00e8me rencontre RESEAU TO 15 mars 2014 PARISPour \u00e9crire \u00e0 tous, une seule adresse: \u00a0participants@listes.reseau-to.fr4 r\u00e8gles d'utilisation:Utiliser cet alias pour diffuser newsletters, spectacles, questions et propositions.Mettre toujours un \"objet\" bien clairN'envoyer que des infos, textes, questions ou avis qui concernent tout le monde.N'utiliser cette adresse que pour\u2026","rel":"","context":"Article similaire","block_context":{"text":"Article similaire","link":""},"img":{"alt_text":"","src":"","width":0,"height":0},"classes":[]}],"_links":{"self":[{"href":"https:\/\/www.reseau-to.fr\/site\/index.php?rest_route=\/wp\/v2\/pages\/212","targetHints":{"allow":["GET"]}}],"collection":[{"href":"https:\/\/www.reseau-to.fr\/site\/index.php?rest_route=\/wp\/v2\/pages"}],"about":[{"href":"https:\/\/www.reseau-to.fr\/site\/index.php?rest_route=\/wp\/v2\/types\/page"}],"author":[{"embeddable":true,"href":"https:\/\/www.reseau-to.fr\/site\/index.php?rest_route=\/wp\/v2\/users\/2"}],"replies":[{"embeddable":true,"href":"https:\/\/www.reseau-to.fr\/site\/index.php?rest_route=%2Fwp%2Fv2%2Fcomments&post=212"}],"version-history":[{"count":2,"href":"https:\/\/www.reseau-to.fr\/site\/index.php?rest_route=\/wp\/v2\/pages\/212\/revisions"}],"predecessor-version":[{"id":2345,"href":"https:\/\/www.reseau-to.fr\/site\/index.php?rest_route=\/wp\/v2\/pages\/212\/revisions\/2345"}],"up":[{"embeddable":true,"href":"https:\/\/www.reseau-to.fr\/site\/index.php?rest_route=\/wp\/v2\/pages\/60"}],"wp:attachment":[{"href":"https:\/\/www.reseau-to.fr\/site\/index.php?rest_route=%2Fwp%2Fv2%2Fmedia&parent=212"}],"curies":[{"name":"wp","href":"https:\/\/api.w.org\/{rel}","templated":true}]}}