{"id":197,"date":"2016-03-11T11:24:11","date_gmt":"2016-03-11T10:24:11","guid":{"rendered":"http:\/\/www.reseau-to.fr\/site\/?page_id=197"},"modified":"2016-09-26T11:54:12","modified_gmt":"2016-09-26T10:54:12","slug":"4eme-rencontre","status":"publish","type":"page","link":"https:\/\/www.reseau-to.fr\/site\/?page_id=197","title":{"rendered":"4\u00e8me rencontre"},"content":{"rendered":"\t\t<div data-elementor-type=\"wp-post\" data-elementor-id=\"197\" class=\"elementor elementor-197 elementor-bc-flex-widget\">\n\t\t\t\t\t\t<section class=\"elementor-section elementor-top-section elementor-element elementor-element-1c7efa1f elementor-section-boxed elementor-section-height-default elementor-section-height-default\" data-id=\"1c7efa1f\" data-element_type=\"section\" data-e-type=\"section\">\n\t\t\t\t\t\t<div class=\"elementor-container elementor-column-gap-default\">\n\t\t\t\t\t<div class=\"elementor-column elementor-col-100 elementor-top-column elementor-element elementor-element-19aa365c\" data-id=\"19aa365c\" data-element_type=\"column\" data-e-type=\"column\">\n\t\t\t<div class=\"elementor-widget-wrap elementor-element-populated\">\n\t\t\t\t\t\t<div class=\"elementor-element elementor-element-31d7b4af elementor-widget elementor-widget-text-editor\" data-id=\"31d7b4af\" data-element_type=\"widget\" data-e-type=\"widget\" data-widget_type=\"text-editor.default\">\n\t\t\t\t<div class=\"elementor-widget-container\">\n\t\t\t\t\t\t\t\t\t<p style=\"text-align: center;\">4\u00e8me rencontre: 28\/29 Mars 2015<\/p><p>ADRESSE\u00a0: La fabrique de mouvements, 5 rue de Valmy\u00a0\u00e0\u00a0Aubervilliers.<br \/> Prendre le RER B jusqu\u2019\u00e0\u00a0la station Courneuve-Aubervilliers, puis 5mn de marche\u00a0\u00e0\u00a0pieds:<br \/> Sortir, repasser sous les voies, prendre la premi\u00e8re rue\u00a0\u00e0\u00a0droite (un traiteur maghr\u00e9bin fait l\u2019angle) et marcher tout droit jusqu\u2019au lieu (attention la rue de Valmy commence sur la commune de la Courneuve), vous devez attendre de rencontrer le panneau d\u2019entr\u00e9e dans Aubervilliers pour trouver le num\u00e9ro 5 sur votre gauche.<\/p><p>HORAIRES:\u00a0\u00a0\u00a0SAMEDI 10h\u00a0\u00e0\u00a018h\u00a0 et\u00a0DIMANCHE\u00a010h\u00a0\u00e0\u00a018h<\/p><p>REPAS:\u00a0Attention il n\u2019y a quasi rien sur place pour acheter\u00a0\u00e0\u00a0manger et pas de resto.\u00a0Donc il faut apporter avec soi de quoi se restaurer. NAJE a sur place assiettes et couverts, un micro ondes et<br \/> SAMEDI SOIR:\u00a0quelqu\u2019un-e veut-il-elle proposer quelque chose ?<\/p><p>GROUPES PRESENTS et HEBERGEMENTS:<br \/> merci de remplir rapidement le\u00a0doodle\u00a0que nous vous envoyons<br \/> pour qu\u2019on sache toutes et tous qui est l\u00e0 les 2 jours, qui ne viendra qu\u2019une journ\u00e9e<br \/> Pr\u00e9ciser aussi, dans les remarques: \u00ab\u00a0je propose \u00a0ou je cherche un h\u00e9bergement\u00a0\u00bb en indiquant un contact<\/p><p>Pour\u00a0voter par procuration le 29 mars\u00a0(second tour des d\u00e9partementales)<br \/> C\u2019est tr\u00e8s facile: remplir le formulaire\u00a0cerfa n\u00b014952*01\u00a0l\u2019imprimer, le porter soi-m\u00eame au commissariat ou \u00e0 la gendarmerie, avec ses propres papiers (CNI, passeport ou permis). On peut d\u00e9signer n\u2019importe quelle personne inscrite dans la m\u00eame commune (une seule procu par personne) la personne d\u00e9sign\u00e9e recevra la procu par la poste.<\/p><p>PROGRAMME:<br \/> Coop\u00e9ration :\u00a0nous ferons le point sur les coop\u00e9rations\u00a0et rencontres, \u00e9changes, entre groupes depuis octobre<\/p><p>Communication\u00a0: nous ferons le point sur l\u2019utilisation pratique de l\u2019adresse \u00ab\u00a0participants@reseau-to.fr\u00ab<br \/> nous pr\u00e9senterons la \u00ab\u00a0plate forme\u00a0\u00bb accessible \u00e0 tous, nous projetterons des propositions de pages et de\u00a0contenus,\u00a0notamment la page\u00a0\u00ab\u00a0des programmes de chaque groupe\u00a0\u00bb que JF a re\u00e7ues.<br \/> (pas pas trop tard pour en envoyer encore \u00e0:\u00a0jf.martel59@orange.fr)<\/p><p>Rencontres du r\u00e9seau:<br \/> -Les CR de la rencontre d\u2019octobre seront distribu\u00e9s. (quel statut pour ces textes? et pour les pr\u00e9c\u00e9dents ?)<br \/> -P\u00e9r\u00e9quation des frais de d\u00e9placements: en octobre, chaque personne pr\u00e9sente de r\u00e9gion parisienne avait donn\u00e9 30 euros, les personnes venues de loin qui\u00a0 le d\u00e9siraient avaient re\u00e7u 30 euros.<br \/> -Suite des \u00e9v\u00e9nements du r\u00e9seau<\/p><p>-Les stages et les formations:\u00a0le point sur ce qui existe, nos besoins et propositions<\/p><p>P\u00e9rim\u00e8tre du r\u00e9seau, charte, textes compl\u00e9mentaires : o\u00f9 en est-on?<br \/> Bastien et JF proposeront une m\u00e9thode de travail<\/p><p>Prise de notes:<br \/> on compte de nouveau sur Cl\u00e9ment et Sophie ? On discutera de la\u00a0synth\u00e8se de ces notes (et des pr\u00e9c\u00e9dentes) ainsi que\u00a0de leur usage<br \/> Animation, ordre du jour:<br \/> Marina (F\u00e9minisme-enjeux) et St\u00e9phane (T\u2019OP!)<br \/> L\u2019ordre du jour sera envoy\u00e9 tr\u00e8s rapidement.<br \/> Jean Fran\u00e7ois a d\u00e9j\u00e0 envoy\u00e9 un mail aux personnes responsables de chaque point.<br \/> Nous ponctuerons ces deux journ\u00e9es par des jeux et des exercices, anim\u00e9s \u00e0 tour de r\u00f4le par des jokers des diff\u00e9rents groupes. Si vous avez des propositions de jeux et d\u2019exercices que vous souhaitez partager faites nous signe.<br \/> Au plaisir de vous retrouver<\/p><p>Pour nous joindre:<br \/> Marina :\u00a0marina.cavou@gmail.com<br \/> St\u00e9phane :\u00a0phan.tao@orange.fr<\/p><p><a href=\"http:\/\/www.reseau-to.fr\/site\/?page_id=212\" target=\"_blank\" rel=\"noopener\">Suite de la rencontre<\/a>&#8230;<\/p>\t\t\t\t\t\t\t\t<\/div>\n\t\t\t\t<\/div>\n\t\t\t\t\t<\/div>\n\t\t<\/div>\n\t\t\t\t\t<\/div>\n\t\t<\/section>\n\t\t\t\t<\/div>\n\t\t","protected":false},"excerpt":{"rendered":"<p>4\u00e8me rencontre: 28\/29 Mars 2015 ADRESSE\u00a0: La fabrique de mouvements, 5 rue de Valmy\u00a0\u00e0\u00a0Aubervilliers. Prendre le RER B jusqu\u2019\u00e0\u00a0la station Courneuve-Aubervilliers, puis 5mn de marche\u00a0\u00e0\u00a0pieds: Sortir, repasser sous les voies, prendre la premi\u00e8re rue\u00a0\u00e0\u00a0droite (un traiteur maghr\u00e9bin fait l\u2019angle) et marcher tout droit jusqu\u2019au lieu (attention la rue de Valmy commence sur la commune de &hellip; <a href=\"https:\/\/www.reseau-to.fr\/site\/?page_id=197\" class=\"more-link\">Continuer la lecture de <span class=\"screen-reader-text\">4\u00e8me rencontre<\/span> <span class=\"meta-nav\">&rarr;<\/span><\/a><\/p>\n","protected":false},"author":2,"featured_media":0,"parent":60,"menu_order":8,"comment_status":"closed","ping_status":"closed","template":"","meta":{"jetpack_post_was_ever_published":false,"footnotes":""},"class_list":["post-197","page","type-page","status-publish","hentry"],"jetpack_sharing_enabled":true,"jetpack_shortlink":"https:\/\/wp.me\/ParR3h-3b","jetpack-related-posts":[{"id":167,"url":"https:\/\/www.reseau-to.fr\/site\/?page_id=167","url_meta":{"origin":197,"position":0},"title":"Ordre du jour de la 6\u00e8me rencontre. 13\/3\/16","author":"Jean-Fran\u00e7ois Martel","date":"10 mars 2016","format":false,"excerpt":"ORDRE DU JOUR de la\u00a0 6\u00e8me rencontre: 13 \/3\/ 2016 Bonjour, en concertation avec les inscrits, nous avons opt\u00e9 pour UNE seule journ\u00e9e (et non deux): ce sera DIMANCHE 13 MARS de 10h \u00e0 18h. (la veille quelques uns iront dans l\u2019Oise voir deux brefs th\u00e9\u00e2tre-forum de naje). Neuf groupes\u2026","rel":"","context":"Article similaire","block_context":{"text":"Article similaire","link":""},"img":{"alt_text":"","src":"","width":0,"height":0},"classes":[]},{"id":3451,"url":"https:\/\/www.reseau-to.fr\/site\/?page_id=3451","url_meta":{"origin":197,"position":1},"title":"Spectacles des groupes","author":"R\u00e9mi","date":"5 septembre 2019","format":false,"excerpt":"V oir plus de dates ?\u00a0 Cliquez sur la carteet retrouvez les groupes de votre r\u00e9gion. www.coteact.com Montpellier. Anne Berchon +33607379306 berchon@coteact.comM. Boucher 0626037403 mathilde@communicactrice.frl'babitat parrtag\u00e9 dans tous ses \u00e9tats jeudi 3 octobre de19h \u00e0 20h30 espace Morastel \u00e0 Mauguio. (p\u00e9riph\u00e9rie de Montpellier) L\u2019Ebullition\u00a0 (Romans) Dr\u00f4me, membre adh\u00e9rent. Cl\u00e9mence Emprin\u2026","rel":"","context":"Article similaire","block_context":{"text":"Article similaire","link":""},"img":{"alt_text":"","src":"https:\/\/i0.wp.com\/www.reseau-to.fr\/site\/wp-content\/uploads\/2024\/03\/Capture-decran-2024-03-08-a-10.47.05.png?resize=350%2C200&ssl=1","width":350,"height":200},"classes":[]},{"id":212,"url":"https:\/\/www.reseau-to.fr\/site\/?page_id=212","url_meta":{"origin":197,"position":2},"title":"4\u00e8me rencontre: le dimanche","author":"Jean-Fran\u00e7ois Martel","date":"11 mars 2016","format":false,"excerpt":"Rencontre du r\u00e9seau TO: Dimanche 29 mars 2015 (en PJ \u00e9galement) 1)Th\u00e9\u00e2tre invisible, 2) communication, 3) prochaine date, 4) atelier \"images projet\u00e9es\". Th\u00e9\u00e2tre invisible: r\u00e9sum\u00e9 des \u00e9changes anim\u00e9s par Nicole Constat: Quelques uns ont essay\u00e9 d'en cr\u00e9er en stage, peu nombreux ont pratiqu\u00e9. Nous commen\u00e7ons par quelques r\u00e9cits de th\u00e9\u00e2tres\u2026","rel":"","context":"Article similaire","block_context":{"text":"Article similaire","link":""},"img":{"alt_text":"","src":"","width":0,"height":0},"classes":[]},{"id":219,"url":"https:\/\/www.reseau-to.fr\/site\/?page_id=219","url_meta":{"origin":197,"position":3},"title":"Seconde rencontre du r\u00e9seau","author":"Jean-Fran\u00e7ois Martel","date":"12 mars 2016","format":false,"excerpt":"RESUME DE LA 2\u00e8me rencontre RESEAU TO 15 mars 2014 PARISPour \u00e9crire \u00e0 tous, une seule adresse: \u00a0participants@listes.reseau-to.fr4 r\u00e8gles d'utilisation:Utiliser cet alias pour diffuser newsletters, spectacles, questions et propositions.Mettre toujours un \"objet\" bien clairN'envoyer que des infos, textes, questions ou avis qui concernent tout le monde.N'utiliser cette adresse que pour\u2026","rel":"","context":"Article similaire","block_context":{"text":"Article similaire","link":""},"img":{"alt_text":"","src":"","width":0,"height":0},"classes":[]},{"id":192,"url":"https:\/\/www.reseau-to.fr\/site\/?page_id=192","url_meta":{"origin":197,"position":4},"title":"3\u00e8me rencontre du r\u00e9seau","author":"Jean-Fran\u00e7ois Martel","date":"11 mars 2016","format":false,"excerpt":"3e\u0300me re\u0301union du re\u0301seau3 \u00e8me rencontre: 4\/5 oct 2014d\u00e9sol\u00e9, attention: verbatim brut de 13 pages ! sera remplac\u00e9 ci-dessous par le r\u00e9sum\u00e9 d\u00e8s que possible.Dimanche 5 octobre 2014(troisi\u00e8me rencontre du r\u00e9seau TO, deuxi\u00e8me journ\u00e9e)JeuR\u00e9flexions men\u00e9e par petits groupes sur\u00a0:\u2022\u00a0\u00a0 \u00a0Coop\u00e9ration et entraide\u2022\u00a0\u00a0 \u00a0Financement du r\u00e9seau du TO\u00a0: solidarit\u00e9 nationale \/\u2026","rel":"","context":"Article similaire","block_context":{"text":"Article similaire","link":""},"img":{"alt_text":"","src":"","width":0,"height":0},"classes":[]},{"id":1575,"url":"https:\/\/www.reseau-to.fr\/site\/?page_id=1575","url_meta":{"origin":197,"position":5},"title":"Groupes du R\u00e9seau &#8211; TO","author":"R\u00e9mi","date":"1 d\u00e9cembre 2017","format":false,"excerpt":"CERTAINS GROUPES INTERVIENNENT SURTOUT DANS\u00a0 LEUR REGION. Naje travaille dans toute la France. D'autres se d\u00e9placent facilement :T'OP! Ficelle, Si Les Sardines, Folies passag\u00e8res...CARTE INTERACTIVE DES GROUPES PAR REGION. Sur la carte, survolez une r\u00e9gion : vous affichez les groupes de la r\u00e9gion.Cliquez sur une localit\u00e9: voyez la description du\u2026","rel":"","context":"Article similaire","block_context":{"text":"Article similaire","link":""},"img":{"alt_text":"","src":"https:\/\/i0.wp.com\/www.reseau-to.fr\/site\/wp-content\/uploads\/2023\/10\/logo-texte-dessus-degrade.png?resize=350%2C200&ssl=1","width":350,"height":200,"srcset":"https:\/\/i0.wp.com\/www.reseau-to.fr\/site\/wp-content\/uploads\/2023\/10\/logo-texte-dessus-degrade.png?resize=350%2C200&ssl=1 1x, https:\/\/i0.wp.com\/www.reseau-to.fr\/site\/wp-content\/uploads\/2023\/10\/logo-texte-dessus-degrade.png?resize=525%2C300&ssl=1 1.5x, https:\/\/i0.wp.com\/www.reseau-to.fr\/site\/wp-content\/uploads\/2023\/10\/logo-texte-dessus-degrade.png?resize=700%2C400&ssl=1 2x, https:\/\/i0.wp.com\/www.reseau-to.fr\/site\/wp-content\/uploads\/2023\/10\/logo-texte-dessus-degrade.png?resize=1050%2C600&ssl=1 3x, https:\/\/i0.wp.com\/www.reseau-to.fr\/site\/wp-content\/uploads\/2023\/10\/logo-texte-dessus-degrade.png?resize=1400%2C800&ssl=1 4x"},"classes":[]}],"_links":{"self":[{"href":"https:\/\/www.reseau-to.fr\/site\/index.php?rest_route=\/wp\/v2\/pages\/197","targetHints":{"allow":["GET"]}}],"collection":[{"href":"https:\/\/www.reseau-to.fr\/site\/index.php?rest_route=\/wp\/v2\/pages"}],"about":[{"href":"https:\/\/www.reseau-to.fr\/site\/index.php?rest_route=\/wp\/v2\/types\/page"}],"author":[{"embeddable":true,"href":"https:\/\/www.reseau-to.fr\/site\/index.php?rest_route=\/wp\/v2\/users\/2"}],"replies":[{"embeddable":true,"href":"https:\/\/www.reseau-to.fr\/site\/index.php?rest_route=%2Fwp%2Fv2%2Fcomments&post=197"}],"version-history":[{"count":5,"href":"https:\/\/www.reseau-to.fr\/site\/index.php?rest_route=\/wp\/v2\/pages\/197\/revisions"}],"predecessor-version":[{"id":305,"href":"https:\/\/www.reseau-to.fr\/site\/index.php?rest_route=\/wp\/v2\/pages\/197\/revisions\/305"}],"up":[{"embeddable":true,"href":"https:\/\/www.reseau-to.fr\/site\/index.php?rest_route=\/wp\/v2\/pages\/60"}],"wp:attachment":[{"href":"https:\/\/www.reseau-to.fr\/site\/index.php?rest_route=%2Fwp%2Fv2%2Fmedia&parent=197"}],"curies":[{"name":"wp","href":"https:\/\/api.w.org\/{rel}","templated":true}]}}