{"id":167,"date":"2016-03-10T22:07:40","date_gmt":"2016-03-10T21:07:40","guid":{"rendered":"http:\/\/www.reseau-to.fr\/site\/?page_id=167"},"modified":"2016-09-26T11:58:32","modified_gmt":"2016-09-26T10:58:32","slug":"invitation-a-la-6eme-rencontre-13316","status":"publish","type":"page","link":"https:\/\/www.reseau-to.fr\/site\/?page_id=167","title":{"rendered":"Ordre du jour de la 6\u00e8me rencontre. 13\/3\/16"},"content":{"rendered":"\t\t<div data-elementor-type=\"wp-post\" data-elementor-id=\"167\" class=\"elementor elementor-167 elementor-bc-flex-widget\">\n\t\t\t\t\t\t<section class=\"elementor-section elementor-top-section elementor-element elementor-element-66849644 elementor-section-boxed elementor-section-height-default elementor-section-height-default\" data-id=\"66849644\" data-element_type=\"section\" data-e-type=\"section\">\n\t\t\t\t\t\t<div class=\"elementor-container elementor-column-gap-default\">\n\t\t\t\t\t<div class=\"elementor-column elementor-col-100 elementor-top-column elementor-element elementor-element-756ce729\" data-id=\"756ce729\" data-element_type=\"column\" data-e-type=\"column\">\n\t\t\t<div class=\"elementor-widget-wrap elementor-element-populated\">\n\t\t\t\t\t\t<div class=\"elementor-element elementor-element-158170d4 elementor-widget elementor-widget-text-editor\" data-id=\"158170d4\" data-element_type=\"widget\" data-e-type=\"widget\" data-widget_type=\"text-editor.default\">\n\t\t\t\t<div class=\"elementor-widget-container\">\n\t\t\t\t\t\t\t\t\t<p><span style=\"text-decoration: underline;\"><strong>ORDRE DU JOUR de la\u00a0 6\u00e8me rencontre: 13 \/3\/ 2016<\/strong><\/span><br \/> Bonjour,<br \/> en concertation avec les inscrits, nous avons opt\u00e9 pour UNE seule journ\u00e9e (et non deux):<br \/> ce sera DIMANCHE 13 MARS de 10h \u00e0 18h. (la veille quelques uns iront dans l\u2019Oise voir deux brefs th\u00e9\u00e2tre-forum de naje).<br \/> Neuf groupes sont maintenant annonc\u00e9s : T\u2019OP! (Lille) Potimarron (Strasbourg), F\u00e9minisme-enjeux(93), Naje (idf), Missgrif (idf), les f\u00e9es rosses (Grenoble), Alternative th\u00e9\u00e2tre (Li\u00e8ge), H\u00e9l\u00e9na du nouveau \u00a0groupe du Finist\u00e8re, et Histoire d\u2019eux (Montauban).<\/p><p>Adresse:\u00a0La fabrique de mouvements, 5 rue de Valmy, Aubervillers.<br \/> Prendre le RER B jusqu&rsquo;\u00e0\u00a0la station Courneuve-Aubervilliers, puis 5mn de marche\u00a0\u00e0\u00a0pieds: sortir, repasser sous les voies, prendre la premi\u00e8re rue\u00a0\u00e0\u00a0droite (un traiteur maghr\u00e9bin fait l&rsquo;angle) et marcher tout droit jusqu&rsquo;au lieu (attention la rue de Valmy commence sur la commune de la Courneuve) vous devez attendre de rencontrer le panneau d&rsquo;entr\u00e9e dans Aubervilliers pour trouver le num\u00e9ro 5 sur votre gauche. perdu(e)? 06 85 54 99 68<br \/> Repas:\u00a0il n&rsquo;y a pas grand chose sur place pour acheter\u00a0\u00e0\u00a0manger et pas de resto.\u00a0Donc\u00a0mieux\u00a0vaut apporter avec soi de quoi se restaurer. NAJE a sur place assiettes et couverts, un micro ondes.<\/p><p>Pour un c\u00f4t\u00e9 agr\u00e9able et ludique dans ces rencontres, nous alternerons les moments d\u2019\u00e9changes, les jeux, (nouveaux, modifi\u00e9s, transform\u00e9s, qui nous en propose?) ou exercices, les pr\u00e9sentations de textes, travaux, diapos ou sc\u00e8nes.<br \/> Un mois apr\u00e8s le d\u00e9c\u00e8s de Muriel, nous recueillerons les messages de ceux qui le d\u00e9sirent, ils seront transmis \u00e0 sa fille Camille.<\/p><p>Merci de nous envoyer des propositions (voir les 5 rubriques ci-dessous). La r\u00e9ussite d\u00e9pendra\u00a0de notre\u00a0disponibilit\u00e9 joyeuse, mais aussi\u00a0des apports en amont.<\/p><p>1) LES \u00a0NOUVELLES<br \/> -nouvelles de nos groupes, nos dates de festival ou de \u00ab\u00a0grand spectacle\u00a0\u00bb<br \/> -Kuringa \u00e0 Berlin, festival TO de Rotterdam, Jana Sanskriti et le Centre de Ressources et de Recherches sur le TO (JSIRRI)<\/p><p>2) LA COOPERATION ET LES VISITES ENTRE GROUPES<br \/> -Ce qu\u2019on a fait (raconte) ce qu\u2019on souhaite, ce qu\u2019on propose.<br \/> -retours sur ce qu\u2019on a vu chez les autres, que fait-on de ces retours?<br \/> (samedi, quelques-uns auront vu 2 brefs TF de Naje dans l\u2019oise)<br \/> -r\u00f4le de la liste \u00ab\u00a0participants\u00a0\u00bb.<\/p><p>3) LE\u00a0SITE<br \/> pr\u00e9sentation-critique au vid\u00e9o projecteur de ses diff\u00e9rentes rubriques, critiques et propositions. Pour la rubrique \u00ab\u00a0calendriers des uns et des autres\u00a0\u00bb envoyez vos dates par mail, JF essaiera de les int\u00e9grer. Qui peut amener son ordi portable et le connecter?<\/p><p>4) LES SCENES et les STAGES<br \/> &#8211; sc\u00e8nes contre l\u2019extr\u00eame droite ? Partage autour de la sc\u00e8ne du Potimarron: comment agir en direction des jeunes en \u00ab\u00a0radicalisation\u00a0\u00bb ?<br \/> -stages pass\u00e9s et \u00e0 venir, comment soutenir un stage organis\u00e9 par un des groupes du r\u00e9seau?<\/p><p>5) \u00a0FONCTIONNEMENT et but du RESEAU et de ses rencontres<br \/> -les textes, les CR, les visites,<br \/> -les \u00a0participations financi\u00e8res<br \/> -les propositions de r\u00e9flexion sur nos pratiques (th journal, analyse de pratique par le TO, TK des groupes polaris\u00e9s, les I projet\u00e9es&#8230;<\/p><p>nos amiti\u00e9s.\u00a0Jacqueline Martin :\u00a0contact@theatrepotimarron.com\u00a0JF Martel: \u00a0jf.martel@free.fr<\/p>\t\t\t\t\t\t\t\t<\/div>\n\t\t\t\t<\/div>\n\t\t\t\t\t<\/div>\n\t\t<\/div>\n\t\t\t\t\t<\/div>\n\t\t<\/section>\n\t\t\t\t<\/div>\n\t\t","protected":false},"excerpt":{"rendered":"<p>ORDRE DU JOUR de la\u00a0 6\u00e8me rencontre: 13 \/3\/ 2016 Bonjour, en concertation avec les inscrits, nous avons opt\u00e9 pour UNE seule journ\u00e9e (et non deux): ce sera DIMANCHE 13 MARS de 10h \u00e0 18h. (la veille quelques uns iront dans l\u2019Oise voir deux brefs th\u00e9\u00e2tre-forum de naje). Neuf groupes sont maintenant annonc\u00e9s : T\u2019OP! &hellip; <a href=\"https:\/\/www.reseau-to.fr\/site\/?page_id=167\" class=\"more-link\">Continuer la lecture de <span class=\"screen-reader-text\">Ordre du jour de la 6\u00e8me rencontre. 13\/3\/16<\/span> <span class=\"meta-nav\">&rarr;<\/span><\/a><\/p>\n","protected":false},"author":2,"featured_media":0,"parent":60,"menu_order":10,"comment_status":"closed","ping_status":"closed","template":"","meta":{"jetpack_post_was_ever_published":false,"footnotes":""},"class_list":["post-167","page","type-page","status-publish","hentry"],"jetpack_sharing_enabled":true,"jetpack_shortlink":"https:\/\/wp.me\/ParR3h-2H","jetpack-related-posts":[{"id":197,"url":"https:\/\/www.reseau-to.fr\/site\/?page_id=197","url_meta":{"origin":167,"position":0},"title":"4\u00e8me rencontre","author":"Jean-Fran\u00e7ois Martel","date":"11 mars 2016","format":false,"excerpt":"4\u00e8me rencontre: 28\/29 Mars 2015 ADRESSE\u00a0: La fabrique de mouvements, 5 rue de Valmy\u00a0\u00e0\u00a0Aubervilliers. Prendre le RER B jusqu\u2019\u00e0\u00a0la station Courneuve-Aubervilliers, puis 5mn de marche\u00a0\u00e0\u00a0pieds: Sortir, repasser sous les voies, prendre la premi\u00e8re rue\u00a0\u00e0\u00a0droite (un traiteur maghr\u00e9bin fait l\u2019angle) et marcher tout droit jusqu\u2019au lieu (attention la rue de Valmy\u2026","rel":"","context":"Article similaire","block_context":{"text":"Article similaire","link":""},"img":{"alt_text":"","src":"","width":0,"height":0},"classes":[]},{"id":1008,"url":"https:\/\/www.reseau-to.fr\/site\/","url_meta":{"origin":167,"position":1},"title":"Pr\u00e9sentation du R\u00e9seau Th\u00e9\u00e2tre de l&rsquo;Opprim\u00e9","author":"Jean-Fran\u00e7ois Martel","date":"20 novembre 2017","format":false,"excerpt":"Le Th\u00e9\u00e2tre de l'Opprim\u00e9 est UNE METHODE,d\u00e9velopp\u00e9e par Augusto Boal,homme de th\u00e9\u00e2tre et militant politique br\u00e9silien. Le Th\u00e9\u00e2tre de l'Opprim\u00e9 est\u00a0 UN MOUVEMENT mondial, pratiqu\u00e9 dans de nombreux pays.\u00a0En France, PLUS DE\u00a0 20 EQUIPES de T.O. ont constitu\u00e9 un r\u00e9seau pour : LUTTER contre les oppressions par le th\u00e9\u00e2tre,ECHANGER et\u2026","rel":"","context":"Article similaire","block_context":{"text":"Article similaire","link":""},"img":{"alt_text":"","src":"https:\/\/i0.wp.com\/www.reseau-to.fr\/site\/wp-content\/uploads\/2017\/11\/arbre-1.png?resize=350%2C200&ssl=1","width":350,"height":200,"srcset":"https:\/\/i0.wp.com\/www.reseau-to.fr\/site\/wp-content\/uploads\/2017\/11\/arbre-1.png?resize=350%2C200&ssl=1 1x, https:\/\/i0.wp.com\/www.reseau-to.fr\/site\/wp-content\/uploads\/2017\/11\/arbre-1.png?resize=525%2C300&ssl=1 1.5x, https:\/\/i0.wp.com\/www.reseau-to.fr\/site\/wp-content\/uploads\/2017\/11\/arbre-1.png?resize=700%2C400&ssl=1 2x"},"classes":[]},{"id":3451,"url":"https:\/\/www.reseau-to.fr\/site\/?page_id=3451","url_meta":{"origin":167,"position":2},"title":"Spectacles des groupes","author":"R\u00e9mi","date":"5 septembre 2019","format":false,"excerpt":"V oir plus de dates ?\u00a0 Cliquez sur la carteet retrouvez les groupes de votre r\u00e9gion. www.coteact.com Montpellier. Anne Berchon +33607379306 berchon@coteact.comM. Boucher 0626037403 mathilde@communicactrice.frl'babitat parrtag\u00e9 dans tous ses \u00e9tats jeudi 3 octobre de19h \u00e0 20h30 espace Morastel \u00e0 Mauguio. (p\u00e9riph\u00e9rie de Montpellier) L\u2019Ebullition\u00a0 (Romans) Dr\u00f4me, membre adh\u00e9rent. Cl\u00e9mence Emprin\u2026","rel":"","context":"Article similaire","block_context":{"text":"Article similaire","link":""},"img":{"alt_text":"","src":"https:\/\/i0.wp.com\/www.reseau-to.fr\/site\/wp-content\/uploads\/2024\/03\/Capture-decran-2024-03-08-a-10.47.05.png?resize=350%2C200&ssl=1","width":350,"height":200},"classes":[]},{"id":6,"url":"https:\/\/www.reseau-to.fr\/site\/?page_id=6","url_meta":{"origin":167,"position":3},"title":"Groupes du r\u00e9seau T.O.","author":"Jean-Fran\u00e7ois Martel","date":"24 mars 2015","format":false,"excerpt":"le R\u00e9seau - Th\u00e9\u00e2tre de l'opprim\u00e9 \u00a0propose \u00e0 des groupes de Th\u00e9\u00e2tre de l'Opprim\u00e9 de France, de toutes tailles, de se rencontrer et de coop\u00e9rer. La base de notre rencontre est expos\u00e9e dans un texte \u00e9volutif, consultable sous l'index: \"textes de base\". Notre premi\u00e8re rencontre a eu lieu d\u00e9but novembre\u2026","rel":"","context":"Article similaire","block_context":{"text":"Article similaire","link":""},"img":{"alt_text":"","src":"","width":0,"height":0},"classes":[]},{"id":225,"url":"https:\/\/www.reseau-to.fr\/site\/?page_id=225","url_meta":{"origin":167,"position":4},"title":"Quelques pratiques de r\u00e9seau","author":"Jean-Fran\u00e7ois Martel","date":"12 mars 2016","format":false,"excerpt":"Nous ne partons pas de rien, en terme de pratiques de \"r\u00e9seau concret\" Se rencontrer, pourquoi ? Le TO a souffert dans le pass\u00e9, de la volont\u00e9 de leadership d'un groupe ou d'une personne, de pratiques de jugement, et m\u00eame de scissions et d'exclusions. \u00a0 Mais les rencontres et les\u2026","rel":"","context":"Article similaire","block_context":{"text":"Article similaire","link":""},"img":{"alt_text":"","src":"","width":0,"height":0},"classes":[]},{"id":1575,"url":"https:\/\/www.reseau-to.fr\/site\/?page_id=1575","url_meta":{"origin":167,"position":5},"title":"Groupes du R\u00e9seau &#8211; TO","author":"R\u00e9mi","date":"1 d\u00e9cembre 2017","format":false,"excerpt":"CERTAINS GROUPES INTERVIENNENT SURTOUT DANS\u00a0 LEUR REGION. Naje travaille dans toute la France. D'autres se d\u00e9placent facilement :T'OP! Ficelle, Si Les Sardines, Folies passag\u00e8res...CARTE INTERACTIVE DES GROUPES PAR REGION. Sur la carte, survolez une r\u00e9gion : vous affichez les groupes de la r\u00e9gion.Cliquez sur une localit\u00e9: voyez la description du\u2026","rel":"","context":"Article similaire","block_context":{"text":"Article similaire","link":""},"img":{"alt_text":"","src":"https:\/\/i0.wp.com\/www.reseau-to.fr\/site\/wp-content\/uploads\/2023\/10\/logo-texte-dessus-degrade.png?resize=350%2C200&ssl=1","width":350,"height":200,"srcset":"https:\/\/i0.wp.com\/www.reseau-to.fr\/site\/wp-content\/uploads\/2023\/10\/logo-texte-dessus-degrade.png?resize=350%2C200&ssl=1 1x, https:\/\/i0.wp.com\/www.reseau-to.fr\/site\/wp-content\/uploads\/2023\/10\/logo-texte-dessus-degrade.png?resize=525%2C300&ssl=1 1.5x, https:\/\/i0.wp.com\/www.reseau-to.fr\/site\/wp-content\/uploads\/2023\/10\/logo-texte-dessus-degrade.png?resize=700%2C400&ssl=1 2x, https:\/\/i0.wp.com\/www.reseau-to.fr\/site\/wp-content\/uploads\/2023\/10\/logo-texte-dessus-degrade.png?resize=1050%2C600&ssl=1 3x, https:\/\/i0.wp.com\/www.reseau-to.fr\/site\/wp-content\/uploads\/2023\/10\/logo-texte-dessus-degrade.png?resize=1400%2C800&ssl=1 4x"},"classes":[]}],"_links":{"self":[{"href":"https:\/\/www.reseau-to.fr\/site\/index.php?rest_route=\/wp\/v2\/pages\/167","targetHints":{"allow":["GET"]}}],"collection":[{"href":"https:\/\/www.reseau-to.fr\/site\/index.php?rest_route=\/wp\/v2\/pages"}],"about":[{"href":"https:\/\/www.reseau-to.fr\/site\/index.php?rest_route=\/wp\/v2\/types\/page"}],"author":[{"embeddable":true,"href":"https:\/\/www.reseau-to.fr\/site\/index.php?rest_route=\/wp\/v2\/users\/2"}],"replies":[{"embeddable":true,"href":"https:\/\/www.reseau-to.fr\/site\/index.php?rest_route=%2Fwp%2Fv2%2Fcomments&post=167"}],"version-history":[{"count":2,"href":"https:\/\/www.reseau-to.fr\/site\/index.php?rest_route=\/wp\/v2\/pages\/167\/revisions"}],"predecessor-version":[{"id":306,"href":"https:\/\/www.reseau-to.fr\/site\/index.php?rest_route=\/wp\/v2\/pages\/167\/revisions\/306"}],"up":[{"embeddable":true,"href":"https:\/\/www.reseau-to.fr\/site\/index.php?rest_route=\/wp\/v2\/pages\/60"}],"wp:attachment":[{"href":"https:\/\/www.reseau-to.fr\/site\/index.php?rest_route=%2Fwp%2Fv2%2Fmedia&parent=167"}],"curies":[{"name":"wp","href":"https:\/\/api.w.org\/{rel}","templated":true}]}}