{"id":1172,"date":"2017-11-23T11:53:47","date_gmt":"2017-11-23T11:53:47","guid":{"rendered":"http:\/\/wiremi.fr\/rezoto\/?page_id=1172"},"modified":"2022-05-16T19:28:43","modified_gmt":"2022-05-16T17:28:43","slug":"8eme-rencontre-du-reseau-to","status":"publish","type":"page","link":"https:\/\/www.reseau-to.fr\/site\/?page_id=1172","title":{"rendered":"8\u00e8me rencontre du r\u00e9seau TO"},"content":{"rendered":"","protected":true},"excerpt":{"rendered":"","protected":true},"author":2,"featured_media":0,"parent":0,"menu_order":0,"comment_status":"closed","ping_status":"closed","template":"","meta":{"jetpack_post_was_ever_published":false,"footnotes":""},"class_list":["post-1172","page","type-page","status-publish","post-password-required","hentry"],"jetpack_sharing_enabled":true,"jetpack_shortlink":"https:\/\/wp.me\/ParR3h-iU","jetpack-related-posts":[{"id":219,"url":"https:\/\/www.reseau-to.fr\/site\/?page_id=219","url_meta":{"origin":1172,"position":0},"title":"Seconde rencontre du r\u00e9seau","author":"Jean-Fran\u00e7ois Martel","date":"12 mars 2016","format":false,"excerpt":"RESUME DE LA 2\u00e8me rencontre RESEAU TO 15 mars 2014 PARISPour \u00e9crire \u00e0 tous, une seule adresse: \u00a0participants@listes.reseau-to.fr4 r\u00e8gles d'utilisation:Utiliser cet alias pour diffuser newsletters, spectacles, questions et propositions.Mettre toujours un \"objet\" bien clairN'envoyer que des infos, textes, questions ou avis qui concernent tout le monde.N'utiliser cette adresse que pour\u2026","rel":"","context":"Article similaire","block_context":{"text":"Article similaire","link":""},"img":{"alt_text":"","src":"","width":0,"height":0},"classes":[]},{"id":197,"url":"https:\/\/www.reseau-to.fr\/site\/?page_id=197","url_meta":{"origin":1172,"position":1},"title":"4\u00e8me rencontre","author":"Jean-Fran\u00e7ois Martel","date":"11 mars 2016","format":false,"excerpt":"4\u00e8me rencontre: 28\/29 Mars 2015 ADRESSE\u00a0: La fabrique de mouvements, 5 rue de Valmy\u00a0\u00e0\u00a0Aubervilliers. Prendre le RER B jusqu\u2019\u00e0\u00a0la station Courneuve-Aubervilliers, puis 5mn de marche\u00a0\u00e0\u00a0pieds: Sortir, repasser sous les voies, prendre la premi\u00e8re rue\u00a0\u00e0\u00a0droite (un traiteur maghr\u00e9bin fait l\u2019angle) et marcher tout droit jusqu\u2019au lieu (attention la rue de Valmy\u2026","rel":"","context":"Article similaire","block_context":{"text":"Article similaire","link":""},"img":{"alt_text":"","src":"","width":0,"height":0},"classes":[]},{"id":167,"url":"https:\/\/www.reseau-to.fr\/site\/?page_id=167","url_meta":{"origin":1172,"position":2},"title":"Ordre du jour de la 6\u00e8me rencontre. 13\/3\/16","author":"Jean-Fran\u00e7ois Martel","date":"10 mars 2016","format":false,"excerpt":"ORDRE DU JOUR de la\u00a0 6\u00e8me rencontre: 13 \/3\/ 2016 Bonjour, en concertation avec les inscrits, nous avons opt\u00e9 pour UNE seule journ\u00e9e (et non deux): ce sera DIMANCHE 13 MARS de 10h \u00e0 18h. (la veille quelques uns iront dans l\u2019Oise voir deux brefs th\u00e9\u00e2tre-forum de naje). Neuf groupes\u2026","rel":"","context":"Article similaire","block_context":{"text":"Article similaire","link":""},"img":{"alt_text":"","src":"","width":0,"height":0},"classes":[]},{"id":1008,"url":"https:\/\/www.reseau-to.fr\/site\/","url_meta":{"origin":1172,"position":3},"title":"Pr\u00e9sentation du R\u00e9seau Th\u00e9\u00e2tre de l&rsquo;Opprim\u00e9","author":"Jean-Fran\u00e7ois Martel","date":"20 novembre 2017","format":false,"excerpt":"Le Th\u00e9\u00e2tre de l'Opprim\u00e9 est UNE METHODE,d\u00e9velopp\u00e9e par Augusto Boal,homme de th\u00e9\u00e2tre et militant politique br\u00e9silien. Le Th\u00e9\u00e2tre de l'Opprim\u00e9 est\u00a0 UN MOUVEMENT mondial, pratiqu\u00e9 dans de nombreux pays.\u00a0En France, PLUS DE\u00a0 20 EQUIPES de T.O. ont constitu\u00e9 un r\u00e9seau pour : LUTTER contre les oppressions par le th\u00e9\u00e2tre,ECHANGER et\u2026","rel":"","context":"Article similaire","block_context":{"text":"Article similaire","link":""},"img":{"alt_text":"","src":"https:\/\/i0.wp.com\/www.reseau-to.fr\/site\/wp-content\/uploads\/2017\/11\/arbre-1.png?resize=350%2C200&ssl=1","width":350,"height":200,"srcset":"https:\/\/i0.wp.com\/www.reseau-to.fr\/site\/wp-content\/uploads\/2017\/11\/arbre-1.png?resize=350%2C200&ssl=1 1x, https:\/\/i0.wp.com\/www.reseau-to.fr\/site\/wp-content\/uploads\/2017\/11\/arbre-1.png?resize=525%2C300&ssl=1 1.5x, https:\/\/i0.wp.com\/www.reseau-to.fr\/site\/wp-content\/uploads\/2017\/11\/arbre-1.png?resize=700%2C400&ssl=1 2x"},"classes":[]},{"id":225,"url":"https:\/\/www.reseau-to.fr\/site\/?page_id=225","url_meta":{"origin":1172,"position":4},"title":"Quelques pratiques de r\u00e9seau","author":"Jean-Fran\u00e7ois Martel","date":"12 mars 2016","format":false,"excerpt":"Nous ne partons pas de rien, en terme de pratiques de \"r\u00e9seau concret\" Se rencontrer, pourquoi ? Le TO a souffert dans le pass\u00e9, de la volont\u00e9 de leadership d'un groupe ou d'une personne, de pratiques de jugement, et m\u00eame de scissions et d'exclusions. \u00a0 Mais les rencontres et les\u2026","rel":"","context":"Article similaire","block_context":{"text":"Article similaire","link":""},"img":{"alt_text":"","src":"","width":0,"height":0},"classes":[]},{"id":2884,"url":"https:\/\/www.reseau-to.fr\/site\/?page_id=2884","url_meta":{"origin":1172,"position":5},"title":"STATUTS du R\u00e9seau Th\u00e9\u00e2tre de l\u2019Opprim\u00e9","author":"R\u00e9mi","date":"30 mars 2019","format":false,"excerpt":"Article 1 : fondationIl est fond\u00e9 pour une dur\u00e9e illimit\u00e9e entre les groupes adh\u00e9rents aux pr\u00e9sents statuts une association r\u00e9gie par la loi du 1er juillet 1901 et le d\u00e9cret du 16 ao\u00fbt 1901 ayant pour titre \u00ab RESEAU du Th\u00e9\u00e2tre de l'Opprim\u00e9 \u00bb dite \u00ab R\u00e9seau T.O. \u00bbArticle 2\u2026","rel":"","context":"Article similaire","block_context":{"text":"Article similaire","link":""},"img":{"alt_text":"","src":"","width":0,"height":0},"classes":[]}],"_links":{"self":[{"href":"https:\/\/www.reseau-to.fr\/site\/index.php?rest_route=\/wp\/v2\/pages\/1172","targetHints":{"allow":["GET"]}}],"collection":[{"href":"https:\/\/www.reseau-to.fr\/site\/index.php?rest_route=\/wp\/v2\/pages"}],"about":[{"href":"https:\/\/www.reseau-to.fr\/site\/index.php?rest_route=\/wp\/v2\/types\/page"}],"author":[{"embeddable":true,"href":"https:\/\/www.reseau-to.fr\/site\/index.php?rest_route=\/wp\/v2\/users\/2"}],"replies":[{"embeddable":true,"href":"https:\/\/www.reseau-to.fr\/site\/index.php?rest_route=%2Fwp%2Fv2%2Fcomments&post=1172"}],"version-history":[{"count":3,"href":"https:\/\/www.reseau-to.fr\/site\/index.php?rest_route=\/wp\/v2\/pages\/1172\/revisions"}],"predecessor-version":[{"id":8516,"href":"https:\/\/www.reseau-to.fr\/site\/index.php?rest_route=\/wp\/v2\/pages\/1172\/revisions\/8516"}],"wp:attachment":[{"href":"https:\/\/www.reseau-to.fr\/site\/index.php?rest_route=%2Fwp%2Fv2%2Fmedia&parent=1172"}],"curies":[{"name":"wp","href":"https:\/\/api.w.org\/{rel}","templated":true}]}}