{"id":10,"date":"2015-03-24T15:35:17","date_gmt":"2015-03-24T14:35:17","guid":{"rendered":"http:\/\/www.reseau-to.fr\/site\/?page_id=10"},"modified":"2023-07-03T20:10:08","modified_gmt":"2023-07-03T18:10:08","slug":"contact","status":"publish","type":"page","link":"https:\/\/www.reseau-to.fr\/site\/?page_id=10","title":{"rendered":"Contact"},"content":{"rendered":"\t\t<div data-elementor-type=\"wp-page\" data-elementor-id=\"10\" class=\"elementor elementor-10\">\n\t\t\t\t\t\t<section class=\"elementor-section elementor-top-section elementor-element elementor-element-6109d332 elementor-section-boxed elementor-section-height-default elementor-section-height-default\" data-id=\"6109d332\" data-element_type=\"section\" data-e-type=\"section\">\n\t\t\t\t\t\t<div class=\"elementor-container elementor-column-gap-default\">\n\t\t\t\t\t<div class=\"elementor-column elementor-col-100 elementor-top-column elementor-element elementor-element-78ee37c0\" data-id=\"78ee37c0\" data-element_type=\"column\" data-e-type=\"column\">\n\t\t\t<div class=\"elementor-widget-wrap elementor-element-populated\">\n\t\t\t\t\t\t<div class=\"elementor-element elementor-element-3dd4a8c5 elementor-widget elementor-widget-shortcode\" data-id=\"3dd4a8c5\" data-element_type=\"widget\" data-e-type=\"widget\" data-widget_type=\"shortcode.default\">\n\t\t\t\t<div class=\"elementor-widget-container\">\n\t\t\t\t\t\t\t<div class=\"elementor-shortcode\">\n<div class=\"wpcf7 no-js\" id=\"wpcf7-f1530-o1\" lang=\"fr-FR\" dir=\"ltr\" data-wpcf7-id=\"1530\">\n<div class=\"screen-reader-response\"><p role=\"status\" aria-live=\"polite\" aria-atomic=\"true\"><\/p> <ul><\/ul><\/div>\n<form action=\"\/site\/index.php?rest_route=%2Fwp%2Fv2%2Fpages%2F10#wpcf7-f1530-o1\" method=\"post\" class=\"wpcf7-form init\" aria-label=\"Formulaire de contact\" novalidate=\"novalidate\" data-status=\"init\">\n<fieldset class=\"hidden-fields-container\"><input type=\"hidden\" name=\"_wpcf7\" value=\"1530\" \/><input type=\"hidden\" name=\"_wpcf7_version\" value=\"6.1.5\" \/><input type=\"hidden\" name=\"_wpcf7_locale\" value=\"fr_FR\" \/><input type=\"hidden\" name=\"_wpcf7_unit_tag\" value=\"wpcf7-f1530-o1\" \/><input type=\"hidden\" name=\"_wpcf7_container_post\" value=\"0\" \/><input type=\"hidden\" name=\"_wpcf7_posted_data_hash\" value=\"\" \/><input type=\"hidden\" name=\"_wpcf7_recaptcha_response\" value=\"\" \/>\n<\/fieldset>\n<p><label> Votre nom (obligatoire)<br \/>\n<span class=\"wpcf7-form-control-wrap\" data-name=\"your-name\"><input size=\"40\" maxlength=\"400\" class=\"wpcf7-form-control wpcf7-text wpcf7-validates-as-required\" aria-required=\"true\" aria-invalid=\"false\" value=\"\" type=\"text\" name=\"your-name\" \/><\/span> <\/label>\n<\/p>\n<p><label> Votre e-mail (obligatoire)<br \/>\n<span class=\"wpcf7-form-control-wrap\" data-name=\"your-email\"><input size=\"40\" maxlength=\"400\" class=\"wpcf7-form-control wpcf7-email wpcf7-validates-as-required wpcf7-text wpcf7-validates-as-email\" aria-required=\"true\" aria-invalid=\"false\" value=\"\" type=\"email\" name=\"your-email\" \/><\/span> <\/label>\n<\/p>\n<p><label> Sujet<br \/>\n<span class=\"wpcf7-form-control-wrap\" data-name=\"your-subject\"><input size=\"40\" maxlength=\"400\" class=\"wpcf7-form-control wpcf7-text\" aria-invalid=\"false\" value=\"\" type=\"text\" name=\"your-subject\" \/><\/span> <\/label>\n<\/p>\n<p><label> Votre message<br \/>\n<span class=\"wpcf7-form-control-wrap\" data-name=\"your-message\"><textarea cols=\"40\" rows=\"10\" maxlength=\"2000\" class=\"wpcf7-form-control wpcf7-textarea\" aria-invalid=\"false\" name=\"your-message\"><\/textarea><\/span> <\/label>\n<\/p>\n<p><input class=\"wpcf7-form-control wpcf7-submit has-spinner\" type=\"submit\" value=\"Envoyer\" \/>\n<\/p><p style=\"display: none !important;\" class=\"akismet-fields-container\" data-prefix=\"_wpcf7_ak_\"><label>&#916;<textarea name=\"_wpcf7_ak_hp_textarea\" cols=\"45\" rows=\"8\" maxlength=\"100\"><\/textarea><\/label><input type=\"hidden\" id=\"ak_js_1\" name=\"_wpcf7_ak_js\" value=\"190\"\/><script>document.getElementById( \"ak_js_1\" ).setAttribute( \"value\", ( new Date() ).getTime() );<\/script><\/p><div class=\"wpcf7-response-output\" aria-hidden=\"true\"><\/div>\n<\/form>\n<\/div>\n<\/div>\n\t\t\t\t\t\t<\/div>\n\t\t\t\t<\/div>\n\t\t\t\t\t<\/div>\n\t\t<\/div>\n\t\t\t\t\t<\/div>\n\t\t<\/section>\n\t\t\t\t<\/div>\n\t\t","protected":false},"excerpt":{"rendered":"","protected":false},"author":0,"featured_media":0,"parent":0,"menu_order":15,"comment_status":"closed","ping_status":"closed","template":"","meta":{"jetpack_post_was_ever_published":false,"footnotes":""},"class_list":["post-10","page","type-page","status-publish","hentry"],"jetpack_sharing_enabled":true,"jetpack_shortlink":"https:\/\/wp.me\/ParR3h-a","jetpack-related-posts":[{"id":3451,"url":"https:\/\/www.reseau-to.fr\/site\/?page_id=3451","url_meta":{"origin":10,"position":0},"title":"Spectacles des groupes","author":"R\u00e9mi","date":"5 septembre 2019","format":false,"excerpt":"V oir plus de dates ?\u00a0 Cliquez sur la carteet retrouvez les groupes de votre r\u00e9gion. www.coteact.com Montpellier. Anne Berchon +33607379306 berchon@coteact.comM. Boucher 0626037403 mathilde@communicactrice.frl'babitat parrtag\u00e9 dans tous ses \u00e9tats jeudi 3 octobre de19h \u00e0 20h30 espace Morastel \u00e0 Mauguio. (p\u00e9riph\u00e9rie de Montpellier) L\u2019Ebullition\u00a0 (Romans) Dr\u00f4me, membre adh\u00e9rent. Cl\u00e9mence Emprin\u2026","rel":"","context":"Article similaire","block_context":{"text":"Article similaire","link":""},"img":{"alt_text":"","src":"https:\/\/i0.wp.com\/www.reseau-to.fr\/site\/wp-content\/uploads\/2024\/03\/Capture-decran-2024-03-08-a-10.47.05.png?resize=350%2C200&ssl=1","width":350,"height":200},"classes":[]},{"id":1575,"url":"https:\/\/www.reseau-to.fr\/site\/?page_id=1575","url_meta":{"origin":10,"position":1},"title":"Groupes du R\u00e9seau &#8211; TO","author":"R\u00e9mi","date":"1 d\u00e9cembre 2017","format":false,"excerpt":"CERTAINS GROUPES INTERVIENNENT SURTOUT DANS\u00a0 LEUR REGION. Naje travaille dans toute la France. D'autres se d\u00e9placent facilement :T'OP! Ficelle, Si Les Sardines, Folies passag\u00e8res...CARTE INTERACTIVE DES GROUPES PAR REGION. Sur la carte, survolez une r\u00e9gion : vous affichez les groupes de la r\u00e9gion.Cliquez sur une localit\u00e9: voyez la description du\u2026","rel":"","context":"Article similaire","block_context":{"text":"Article similaire","link":""},"img":{"alt_text":"","src":"https:\/\/i0.wp.com\/www.reseau-to.fr\/site\/wp-content\/uploads\/2023\/10\/logo-texte-dessus-degrade.png?resize=350%2C200&ssl=1","width":350,"height":200,"srcset":"https:\/\/i0.wp.com\/www.reseau-to.fr\/site\/wp-content\/uploads\/2023\/10\/logo-texte-dessus-degrade.png?resize=350%2C200&ssl=1 1x, https:\/\/i0.wp.com\/www.reseau-to.fr\/site\/wp-content\/uploads\/2023\/10\/logo-texte-dessus-degrade.png?resize=525%2C300&ssl=1 1.5x, https:\/\/i0.wp.com\/www.reseau-to.fr\/site\/wp-content\/uploads\/2023\/10\/logo-texte-dessus-degrade.png?resize=700%2C400&ssl=1 2x, https:\/\/i0.wp.com\/www.reseau-to.fr\/site\/wp-content\/uploads\/2023\/10\/logo-texte-dessus-degrade.png?resize=1050%2C600&ssl=1 3x, https:\/\/i0.wp.com\/www.reseau-to.fr\/site\/wp-content\/uploads\/2023\/10\/logo-texte-dessus-degrade.png?resize=1400%2C800&ssl=1 4x"},"classes":[]},{"id":6,"url":"https:\/\/www.reseau-to.fr\/site\/?page_id=6","url_meta":{"origin":10,"position":2},"title":"Groupes du r\u00e9seau T.O.","author":"","date":"24 mars 2015","format":false,"excerpt":"le R\u00e9seau - Th\u00e9\u00e2tre de l'opprim\u00e9 \u00a0propose \u00e0 des groupes de Th\u00e9\u00e2tre de l'Opprim\u00e9 de France, de toutes tailles, de se rencontrer et de coop\u00e9rer. La base de notre rencontre est expos\u00e9e dans un texte \u00e9volutif, consultable sous l'index: \"textes de base\". Notre premi\u00e8re rencontre a eu lieu d\u00e9but novembre\u2026","rel":"","context":"Article similaire","block_context":{"text":"Article similaire","link":""},"img":{"alt_text":"","src":"","width":0,"height":0},"classes":[]},{"id":197,"url":"https:\/\/www.reseau-to.fr\/site\/?page_id=197","url_meta":{"origin":10,"position":3},"title":"4\u00e8me rencontre","author":"Jean-Fran\u00e7ois Martel","date":"11 mars 2016","format":false,"excerpt":"4\u00e8me rencontre: 28\/29 Mars 2015 ADRESSE\u00a0: La fabrique de mouvements, 5 rue de Valmy\u00a0\u00e0\u00a0Aubervilliers. Prendre le RER B jusqu\u2019\u00e0\u00a0la station Courneuve-Aubervilliers, puis 5mn de marche\u00a0\u00e0\u00a0pieds: Sortir, repasser sous les voies, prendre la premi\u00e8re rue\u00a0\u00e0\u00a0droite (un traiteur maghr\u00e9bin fait l\u2019angle) et marcher tout droit jusqu\u2019au lieu (attention la rue de Valmy\u2026","rel":"","context":"Article similaire","block_context":{"text":"Article similaire","link":""},"img":{"alt_text":"","src":"","width":0,"height":0},"classes":[]},{"id":2712,"url":"https:\/\/www.reseau-to.fr\/site\/?page_id=2712","url_meta":{"origin":10,"position":4},"title":"Association Si les sardines avaient des ailes","author":"R\u00e9mi","date":"8 f\u00e9vrier 2019","format":false,"excerpt":"Si les sardines avaient des ailes est une association qui d\u00e9veloppe la pratique du Th\u00e9\u00e2tre de l'Opprim\u00e9 et du Clown- acteur social en Bretagne, en France et \u00e0 l'international. Elle a pour but de promouvoir le Th\u00e9\u00e2tre de l'Opprim\u00e9 sous toutes ses formes : th\u00e9\u00e2tre-image, th\u00e9\u00e2tre-forum, techniques introspectives, clown acteur\u2026","rel":"","context":"Article similaire","block_context":{"text":"Article similaire","link":""},"img":{"alt_text":"","src":"https:\/\/i0.wp.com\/www.reseau-to.fr\/site\/wp-content\/uploads\/2019\/02\/Isologo_couleur_BD-1024x595.jpg?resize=350%2C200&ssl=1","width":350,"height":200,"srcset":"https:\/\/i0.wp.com\/www.reseau-to.fr\/site\/wp-content\/uploads\/2019\/02\/Isologo_couleur_BD-1024x595.jpg?resize=350%2C200&ssl=1 1x, https:\/\/i0.wp.com\/www.reseau-to.fr\/site\/wp-content\/uploads\/2019\/02\/Isologo_couleur_BD-1024x595.jpg?resize=525%2C300&ssl=1 1.5x"},"classes":[]},{"id":167,"url":"https:\/\/www.reseau-to.fr\/site\/?page_id=167","url_meta":{"origin":10,"position":5},"title":"Ordre du jour de la 6\u00e8me rencontre. 13\/3\/16","author":"Jean-Fran\u00e7ois Martel","date":"10 mars 2016","format":false,"excerpt":"ORDRE DU JOUR de la\u00a0 6\u00e8me rencontre: 13 \/3\/ 2016 Bonjour, en concertation avec les inscrits, nous avons opt\u00e9 pour UNE seule journ\u00e9e (et non deux): ce sera DIMANCHE 13 MARS de 10h \u00e0 18h. (la veille quelques uns iront dans l\u2019Oise voir deux brefs th\u00e9\u00e2tre-forum de naje). Neuf groupes\u2026","rel":"","context":"Article similaire","block_context":{"text":"Article similaire","link":""},"img":{"alt_text":"","src":"","width":0,"height":0},"classes":[]}],"_links":{"self":[{"href":"https:\/\/www.reseau-to.fr\/site\/index.php?rest_route=\/wp\/v2\/pages\/10","targetHints":{"allow":["GET"]}}],"collection":[{"href":"https:\/\/www.reseau-to.fr\/site\/index.php?rest_route=\/wp\/v2\/pages"}],"about":[{"href":"https:\/\/www.reseau-to.fr\/site\/index.php?rest_route=\/wp\/v2\/types\/page"}],"replies":[{"embeddable":true,"href":"https:\/\/www.reseau-to.fr\/site\/index.php?rest_route=%2Fwp%2Fv2%2Fcomments&post=10"}],"version-history":[{"count":5,"href":"https:\/\/www.reseau-to.fr\/site\/index.php?rest_route=\/wp\/v2\/pages\/10\/revisions"}],"predecessor-version":[{"id":11039,"href":"https:\/\/www.reseau-to.fr\/site\/index.php?rest_route=\/wp\/v2\/pages\/10\/revisions\/11039"}],"wp:attachment":[{"href":"https:\/\/www.reseau-to.fr\/site\/index.php?rest_route=%2Fwp%2Fv2%2Fmedia&parent=10"}],"curies":[{"name":"wp","href":"https:\/\/api.w.org\/{rel}","templated":true}]}}